{"id":831,"date":"2023-06-06T15:42:33","date_gmt":"2023-06-06T13:42:33","guid":{"rendered":"https:\/\/www.fjordwall.com\/lux\/"},"modified":"2025-09-16T15:52:15","modified_gmt":"2025-09-16T13:52:15","slug":"lux","status":"publish","type":"page","link":"https:\/\/www.fjordwall.com\/sv\/lux\/","title":{"rendered":"LUX paneler"},"content":{"rendered":"\r\n<h1>LUX paneler<\/h1>\r\n<p><img decoding=\"async\" title=\"lux_oak\" src=\"https:\/\/www.fjordwall.com\/wp-content\/uploads\/bb-plugin\/cache\/lux_oak-circle.jpg\" alt=\"lux_oak\" \/><\/p>\r\n<h4>Ek<\/h4>\r\n<p><img decoding=\"async\" title=\"lux_walnut\" src=\"https:\/\/www.fjordwall.com\/wp-content\/uploads\/bb-plugin\/cache\/lux_walnut-circle.jpg\" alt=\"lux_walnut\" \/><\/p>\r\n<h4>Valn\u00f6t<\/h4>\r\n<p><img decoding=\"async\" title=\"lux_smokedoak\" src=\"https:\/\/www.fjordwall.com\/wp-content\/uploads\/bb-plugin\/cache\/lux_smokedoak-circle.jpg\" alt=\"lux_smokedoak\" \/><\/p>\r\n<h4>R\u00f6kt ek<\/h4>\r\n<h3>LUX paneler<\/h3>\r\n<p>V\u00e5ra LUX-paneler skiljer sig fr\u00e5n v\u00e5ra andra akustikpaneler genom bredare lameller, d\u00e4r \u00e4kta tr\u00e4fan\u00e9r \u00e4r synligt p\u00e5 framsidan och sidorna av lamellerna. Det ger en unik uttryck.<\/p>\r\n<p>Hela upplevelsen \u00e4r en visuellt j\u00e4mn yta d\u00e4r tr\u00e4ets struktur kommer till liv. Du kommer uppleva hur du har bjudit in naturen till ditt hem.<\/p>\r\n<p>LUX levereras i 3 klassiska tr\u00e4faner. Vilket du v\u00e4ljer beror helt p\u00e5 din smak.<\/p>\r\n<h3>M\u00e5tt<\/h3>\r\n<p>Bredd: 60 cm<br \/>L\u00e4ngd: 240 cm<br \/>Levereras med svart och gr\u00e5 filt.<\/p>\r\n<p><em>Sovrum med en v\u00e4gg av LUX-paneler. LUX-paneler m\u00f6jligg\u00f6r en rumslig naturupplevelse.<\/em><br \/><em>De breda lamellerna och den tresidiga insvepta \u00e4kta tr\u00e4fan\u00e9ret g\u00f6r tr\u00e4fan\u00e9rets struktur \u00e4nnu mer levande.<\/em><\/p>\r\n<nav>\r\n<ul>\r\n<li tabindex=\"0\" data-index=\"0\">\r\n<h5><a tabindex=\"-1\">Datablad <\/a><\/h5>\r\n<\/li>\r\n<\/ul>\r\n<\/nav>\r\n<p>Ladda ner databladet <a href=\"https:\/\/issuu.com\/fogveno\/docs\/se_datablad_fjordwall_lux_v2\" target=\"_blank\" rel=\"noopener\">h\u00e4r.<\/a><\/p>\r\n<!-- \/content --><!-- \/tabs -->","protected":false},"excerpt":{"rendered":"","protected":false},"author":12,"featured_media":0,"parent":0,"menu_order":0,"comment_status":"closed","ping_status":"closed","template":"","meta":{"_acf_changed":false,"_monsterinsights_skip_tracking":false,"_monsterinsights_sitenote_active":false,"_monsterinsights_sitenote_note":"","_monsterinsights_sitenote_category":0,"footnotes":""},"pagetype":[42],"class_list":["post-831","page","type-page","status-publish","hentry","pagetype-product-category"],"acf":[],"aioseo_notices":[],"_links":{"self":[{"href":"https:\/\/www.fjordwall.com\/sv\/wp-json\/wp\/v2\/pages\/831","targetHints":{"allow":["GET"]}}],"collection":[{"href":"https:\/\/www.fjordwall.com\/sv\/wp-json\/wp\/v2\/pages"}],"about":[{"href":"https:\/\/www.fjordwall.com\/sv\/wp-json\/wp\/v2\/types\/page"}],"author":[{"embeddable":true,"href":"https:\/\/www.fjordwall.com\/sv\/wp-json\/wp\/v2\/users\/12"}],"replies":[{"embeddable":true,"href":"https:\/\/www.fjordwall.com\/sv\/wp-json\/wp\/v2\/comments?post=831"}],"version-history":[{"count":3,"href":"https:\/\/www.fjordwall.com\/sv\/wp-json\/wp\/v2\/pages\/831\/revisions"}],"predecessor-version":[{"id":3597,"href":"https:\/\/www.fjordwall.com\/sv\/wp-json\/wp\/v2\/pages\/831\/revisions\/3597"}],"wp:attachment":[{"href":"https:\/\/www.fjordwall.com\/sv\/wp-json\/wp\/v2\/media?parent=831"}],"wp:term":[{"taxonomy":"pagetype","embeddable":true,"href":"https:\/\/www.fjordwall.com\/sv\/wp-json\/wp\/v2\/pagetype?post=831"}],"curies":[{"name":"wp","href":"https:\/\/api.w.org\/{rel}","templated":true}]}}