{"id":829,"date":"2023-06-06T15:58:57","date_gmt":"2023-06-06T13:58:57","guid":{"rendered":"https:\/\/www.fjordwall.com\/laminat\/"},"modified":"2025-09-16T15:53:45","modified_gmt":"2025-09-16T13:53:45","slug":"laminat","status":"publish","type":"page","link":"https:\/\/www.fjordwall.com\/sv\/laminat\/","title":{"rendered":"Laminatpaneler"},"content":{"rendered":"\r\n<h1>Laminatpaneler<\/h1>\r\n<h3>Laminatpaneler<\/h3>\r\n<p>Kombinerar estetik och funktionalitet med praktikalitet? V\u00e5ra akustikpaneler med laminatfaner \u00e4r svaret.<\/p>\r\n<p>Samtidigt som de ger utm\u00e4rkt akustisk prestanda, tillf\u00f6r laminatyta en tilltalande visuell effekt. Laminat har varit ett f\u00f6redraget val f\u00f6r b\u00e4nkskivor i m\u00e5nga \u00e5r, delvis p\u00e5 grund av dess utm\u00e4rkta reng\u00f6ringsv\u00e4nlighet.<\/p>\r\n<p>V\u00e5ra laminatpaneler l\u00e4mpar sig f\u00f6r utrymmen och ytor som kr\u00e4ver lite mer reng\u00f6ring.<\/p>\r\n<h3>Dimensioner:<\/h3>\r\n<p>Bredd: 60 cm<br \/>L\u00e4ngd: 240 cm<br \/>Levereras med svart och gr\u00e5 filt.<\/p>\r\n<p><em>Entr\u00e9omr\u00e5de med laminatpaneler. Laminat \u00e4r idealiskt f\u00f6r omr\u00e5den med h\u00f6g trafik. och l\u00e4tt att reng\u00f6ra. Med v\u00e5ra krokar (se tillbeh\u00f6r), dessa paneler kan ocks\u00e5 fungera som en bakgrund f\u00f6r en garderob. Lamellerna tar inte upp f\u00e4rg fr\u00e5n bl\u00f6ta kl\u00e4der. <\/em><\/p>\r\n<p>&nbsp;<\/p>\r\n<nav>\r\n<ul>\r\n<li tabindex=\"0\" data-index=\"0\">\r\n<h5><a tabindex=\"-1\">Datablad <\/a><\/h5>\r\n<\/li>\r\n<\/ul>\r\n<\/nav>\r\n<p>Ladda ner databladet <a href=\"https:\/\/issuu.com\/fogveno\/docs\/se_datablad_fjordwall_laminat_v2\" target=\"_blank\" rel=\"noopener\">h\u00e4r.<\/a><\/p>\r\n<!-- \/content --><!-- \/tabs -->","protected":false},"excerpt":{"rendered":"","protected":false},"author":12,"featured_media":0,"parent":0,"menu_order":0,"comment_status":"closed","ping_status":"closed","template":"","meta":{"_acf_changed":false,"_monsterinsights_skip_tracking":false,"_monsterinsights_sitenote_active":false,"_monsterinsights_sitenote_note":"","_monsterinsights_sitenote_category":0,"footnotes":""},"pagetype":[42],"class_list":["post-829","page","type-page","status-publish","hentry","pagetype-product-category"],"acf":[],"aioseo_notices":[],"_links":{"self":[{"href":"https:\/\/www.fjordwall.com\/sv\/wp-json\/wp\/v2\/pages\/829","targetHints":{"allow":["GET"]}}],"collection":[{"href":"https:\/\/www.fjordwall.com\/sv\/wp-json\/wp\/v2\/pages"}],"about":[{"href":"https:\/\/www.fjordwall.com\/sv\/wp-json\/wp\/v2\/types\/page"}],"author":[{"embeddable":true,"href":"https:\/\/www.fjordwall.com\/sv\/wp-json\/wp\/v2\/users\/12"}],"replies":[{"embeddable":true,"href":"https:\/\/www.fjordwall.com\/sv\/wp-json\/wp\/v2\/comments?post=829"}],"version-history":[{"count":3,"href":"https:\/\/www.fjordwall.com\/sv\/wp-json\/wp\/v2\/pages\/829\/revisions"}],"predecessor-version":[{"id":3602,"href":"https:\/\/www.fjordwall.com\/sv\/wp-json\/wp\/v2\/pages\/829\/revisions\/3602"}],"wp:attachment":[{"href":"https:\/\/www.fjordwall.com\/sv\/wp-json\/wp\/v2\/media?parent=829"}],"wp:term":[{"taxonomy":"pagetype","embeddable":true,"href":"https:\/\/www.fjordwall.com\/sv\/wp-json\/wp\/v2\/pagetype?post=829"}],"curies":[{"name":"wp","href":"https:\/\/api.w.org\/{rel}","templated":true}]}}