{"id":746,"date":"2023-05-10T11:00:15","date_gmt":"2023-05-10T09:00:15","guid":{"rendered":"https:\/\/www.fjordwall.com\/home\/"},"modified":"2026-01-28T11:10:42","modified_gmt":"2026-01-28T10:10:42","slug":"home","status":"publish","type":"page","link":"https:\/\/www.fjordwall.com\/sv\/","title":{"rendered":"Framsida"},"content":{"rendered":"<p><img decoding=\"async\" src=\"\/wp-content\/uploads\/2024\/02\/fjordwall-logo_inv.svg\" alt=\"\"><\/p>\n<div>\n<h3>Kvalitet som inspirerar<\/h3>\n<\/div>\n<div>\n<p>        <img decoding=\"async\" src=\"\/wp-content\/uploads\/2025\/11\/5715579034527_MOOD2.jpg\" alt=\"\"><\/p>\n<h2>Nyhet:<\/h2>\n<p>Nordic Outdoor Paneler<\/p>\n<div>\n<p data-start=\"173\" data-end=\"285\">Vi ut\u00f6kar Fjordwall-universumet \u2013 v\u00e5ra paneler kan nu \u00e4ven anv\u00e4ndas utomhus.<\/p>\n<p data-start=\"287\" data-end=\"523\">Med de nya Nordic Outdoor Paneler kan du ta med samma lugna, nordiska uttryck ut i dina utemilj\u00f6er. Serien \u00e4r skapad f\u00f6r terrasser, fasader och utomhusomr\u00e5den d\u00e4r vacker design, naturliga material och l\u00e5ng h\u00e5llbarhet ska g\u00e5 hand i hand.<\/p>\n<p data-start=\"525\" data-end=\"790\">V\u00e4lj mellan fyra noggrant utvecklade varianter \u2013 Design, FLEX, PRO och FR PRO \u2013 som alla erbjuder sina egna unika f\u00f6rdelar beroende p\u00e5 projekt. Oavsett val f\u00e5r du ett tidl\u00f6st nordiskt uttryck, naturlig v\u00e4rme och en l\u00f6sning som h\u00e5ller i m\u00e5nga \u00e5r fram\u00f6ver.<\/p>\n<\/div>\n<p><a href=\"https:\/\/www.fjordwall.com\/sv\/nordic-outdoor-paneler\/\">Se nyheterna h\u00e4r <span uk-icon=\"icon: arrow-right\"><\/span><\/a><\/p>\n<\/div>\n<div>\n<h2>V\u00e5ra produkter<\/h2>\n<p>V\u00e4lkommen till Fjordwalls v\u00e4rld<\/p>\n<div>\n<p>Fjordwall \u00e4r din garanti f\u00f6r ett stort urval av kvalitetsprodukter inom akustikpaneler och akustikprodukter &#8211; i nordisk design.<\/p>\n<ul>\n<li>FSC\u00ae-certifierat tr\u00e4<\/li>\n<li>V\u00e5r filt best\u00e5r av minst 50 % \u00e5tervunnet material<\/li>\n<li>Tillverkade i Danmark<\/li>\n<li>Ansvarsfull produktion med h\u00e4nsyn till milj\u00f6n<\/li>\n<li>Stort utbud av olika designer<\/li>\n<\/ul>\n<\/div>\n<\/div>\n<ul>\n<li>\n<p>        <img decoding=\"async\" src=\"\/wp-content\/uploads\/2023\/07\/Akustikpaneel-_Fjordwall_-Eiche-1.png\" alt=\"\"><\/p>\n<h3>Tr\u00e4 paneler<\/h3>\n<p><a href=\"https:\/\/www.fjordwall.com\/sv\/traepaneler\/\">Mer information<\/a><\/p>\n<\/li>\n<li>\n<p>        <img decoding=\"async\" src=\"\/wp-content\/uploads\/2023\/07\/Akustikpaneel-_Fjordwall_Linoleum-_Blau_-scaled.jpg\" alt=\"\"><\/p>\n<h3>Linoleum paneler<\/h3>\n<p><a href=\"https:\/\/www.fjordwall.com\/sv\/linoleum-paneler\/\">Mer information<\/a><\/p>\n<\/li>\n<li>\n<p>        <img decoding=\"async\" src=\"\/wp-content\/uploads\/2024\/02\/Black-1-scaled.jpg\" alt=\"\"><\/p>\n<h3>Folierade paneler<\/h3>\n<p><a href=\"https:\/\/www.fjordwall.com\/sv\/folierade-paneler\/\">Mer information<\/a><\/p>\n<\/li>\n<li>\n<p>        <img decoding=\"async\" src=\"\/wp-content\/uploads\/2023\/07\/Akustikpaneel-_Fjordwall_-laminieren.png\" alt=\"\"><\/p>\n<h3>Laminat paneler<\/h3>\n<p><a href=\"https:\/\/www.fjordwall.com\/sv\/laminat\/\">Mer information<\/a><\/p>\n<\/li>\n<li>\n<p>        <img decoding=\"async\" src=\"\/wp-content\/uploads\/2023\/07\/Akustikpaneel-_Fjordwall_-Walnuss.png\" alt=\"\"><\/p>\n<h3>LUX paneler<\/h3>\n<p><a href=\"https:\/\/www.fjordwall.com\/sv\/folierade-paneler\/\">Mer information<\/a><\/p>\n<\/li>\n<li>\n<p>        <img decoding=\"async\" src=\"\/wp-content\/uploads\/2023\/07\/vinkel2.png\" alt=\"\"><\/p>\n<h3>Design paneler<\/h3>\n<p><a href=\"https:\/\/www.fjordwall.com\/sv\/designpaneler\/\">Mer information<\/a><\/p>\n<\/li>\n<li>\n<p>        <img decoding=\"async\" src=\"\/wp-content\/uploads\/2023\/06\/Linoleum-square.jpg\" alt=\"\"><\/p>\n<h3>Tillbeh\u00f6r<\/h3>\n<p><a href=\"https:\/\/www.fjordwall.com\/sv\/tillbehor\/\">Mer information<\/a><\/p>\n<\/li>\n<\/ul>\n<div>\n<h2>Filosofin<\/h2>\n<p>Stolta traditioner och starkt hantverk<\/p>\n<div>\n<p>Fjordwall-programmet omfattar en rad h\u00f6gkvalitativa akustikprodukter &#8211; alla designade och tillverkade i Danmark.<\/p>\n<p>De nordiska folken har alltid varit k\u00e4nda som skickliga hantverkare som skapade vackra och praktiska produkter &#8211; oftast i tr\u00e4. Redan vikingarna visste hur man anv\u00e4nde tr\u00e4ets egenskaper f\u00f6r sina \u00e4ndam\u00e5l.<\/p>\n<p>Den nordiska regionen \u00e4r rik p\u00e5 or\u00f6rd natur, som ofta fungerar som inspiration f\u00f6r utvecklingen av h\u00e5llbara produkter.<\/p>\n<p>Med h\u00e4nsyn till naturen forts\u00e4tter vi det goda hantverket och den h\u00f6ga kvaliteten i v\u00e5ra produkter.<\/p>\n<\/div>\n<\/div>\n<div>\n<h2>Kvalitet och design<\/h2>\n<p>Inredning f\u00f6r trivsel<\/p>\n<div>\n<p>Fjordwall \u00e4r expert p\u00e5 akustikl\u00f6sningar och estetisk design av v\u00e4ggar och tak -och erbjuder ett stort urval av f\u00e4rgglada f\u00e4rger och \u00e4dla tr\u00e4slag.<\/p>\n<p>Fjordwalls akustikpaneler designas och tillverkas i Danmark, och de \u00e4r alla tillverkade av FSC\u00ae-certifierat tr\u00e4 och \u00e4kta tr\u00e4fan\u00e9r.<\/p>\n<p>Filten p\u00e5 baksidan av panelerna best\u00e5r av minst 50% \u00e5tervunnet material.<\/p>\n<\/div>\n<\/div>\n<p><!--more--><br \/>\n<!-- {\"type\":\"layout\",\"children\":[{\"type\":\"section\",\"props\":{\"animation\":\"scale-up\",\"animation_delay\":\"200\",\"divider_height\":\"120\",\"divider_layers_gap\":\"5\",\"divider_layers_opacity\":\"0.5\",\"divider_position\":\"top\",\"divider_responsive\":true,\"divider_shadow_blur_radius\":\"5\",\"divider_shadow_color\":\"#00000080\",\"divider_shadow_offset_x\":\"0\",\"divider_shadow_offset_y\":\"5\",\"divider_width\":\"100\",\"height\":\"viewport\",\"height_viewport\":70,\"image_effect\":\"parallax\",\"image_parallax_bgy\":\"100\",\"image_position\":\"center-center\",\"image_size\":\"cover\",\"padding_custom_bottom\":\"70\",\"padding_custom_top\":\"70\",\"style\":\"default\",\"style_custom_color\":\"#ccc\",\"text_color\":\"light\",\"title_breakpoint\":\"xl\",\"title_position\":\"top-left\",\"title_rotation\":\"left\",\"vertical_align\":\"middle\",\"video\":\"wp-content\\\/uploads\\\/2025\\\/11\\\/16x9_Hero_Fjordwall.mp4\",\"width\":\"expand\"},\"children\":[{\"type\":\"row\",\"props\":{\"divider\":false,\"parallax\":true},\"children\":[{\"type\":\"column\",\"props\":{\"image_position\":\"center-center\",\"position_sticky_breakpoint\":\"m\"},\"children\":[{\"type\":\"image\",\"props\":{\"block_align\":\"center\",\"image\":\"wp-content\\\/uploads\\\/2024\\\/02\\\/fjordwall-logo_inv.svg\",\"image_svg_color\":\"emphasis\",\"margin\":\"default\",\"maxwidth\":\"xlarge\"}},{\"type\":\"panel\",\"props\":{\"block_align\":\"center\",\"content_column_breakpoint\":\"m\",\"css\":\".el-element {\\n\\tbackground-color:#80676C80\\n}\",\"height_expand\":false,\"icon_width\":80,\"image_align\":\"top\",\"image_grid_breakpoint\":\"m\",\"image_grid_width\":\"1-2\",\"image_svg_color\":\"emphasis\",\"link_style\":\"default\",\"link_text\":\"Read more\",\"margin\":\"default\",\"maxwidth\":\"large\",\"meta_align\":\"below-title\",\"meta_element\":\"div\",\"meta_style\":\"text-meta\",\"panel_style\":\"card-secondary\",\"text_align\":\"center\",\"title\":\"Kvalitet som inspirerar\",\"title_align\":\"top\",\"title_element\":\"h3\",\"title_grid_breakpoint\":\"m\",\"title_grid_width\":\"1-2\",\"title_hover_style\":\"reset\",\"title_style\":\"text-large\"}}]}]}]},{\"type\":\"section\",\"props\":{\"animation\":\"slide-left-medium\",\"animation_delay\":\"200\",\"divider_height\":\"120\",\"divider_layers_gap\":\"5\",\"divider_layers_opacity\":\"0.5\",\"divider_position\":\"top\",\"divider_responsive\":true,\"divider_shadow_blur_radius\":\"5\",\"divider_shadow_color\":\"#00000080\",\"divider_shadow_offset_x\":\"0\",\"divider_shadow_offset_y\":\"5\",\"divider_width\":\"100\",\"height\":\"viewport\",\"height_viewport\":50,\"image_effect\":\"parallax\",\"image_parallax_bgx\":\"-200\",\"image_position\":\"center-center\",\"image_size\":\"cover\",\"media_blend_mode\":\"overlay\",\"media_overlay\":\"rgba(85, 125, 145, 0.6)\",\"overlap\":false,\"padding_custom_bottom\":\"70\",\"padding_custom_top\":\"70\",\"preserve_color\":true,\"style\":\"muted\",\"style_custom_color\":\"#ccc\",\"text_color\":\"light\",\"title_breakpoint\":\"xl\",\"title_position\":\"top-left\",\"title_rotation\":\"left\",\"vertical_align\":\"middle\",\"width\":\"default\"},\"children\":[{\"type\":\"row\",\"children\":[{\"type\":\"column\",\"props\":{\"image_position\":\"center-center\",\"position_sticky_breakpoint\":\"m\"},\"children\":[{\"type\":\"panel\",\"props\":{\"block_align_breakpoint\":\"m\",\"block_align_fallback\":\"center\",\"content\":\"\n\n<p data-start=\\\"173\\\" data-end=\\\"285\\\">Vi ut\\u00f6kar Fjordwall-universumet \\u2013 v\\u00e5ra paneler kan nu \\u00e4ven anv\\u00e4ndas utomhus.<\\\/p>\\n\n\n<p data-start=\\\"287\\\" data-end=\\\"523\\\">Med de nya Nordic Outdoor Paneler kan du ta med samma lugna, nordiska uttryck ut i dina utemilj\\u00f6er. Serien \\u00e4r skapad f\\u00f6r terrasser, fasader och utomhusomr\\u00e5den d\\u00e4r vacker design, naturliga material och l\\u00e5ng h\\u00e5llbarhet ska g\\u00e5 hand i hand.<\\\/p>\\n\n\n<p data-start=\\\"525\\\" data-end=\\\"790\\\">V\\u00e4lj mellan fyra noggrant utvecklade varianter \\u2013 Design, FLEX, PRO och FR PRO \\u2013 som alla erbjuder sina egna unika f\\u00f6rdelar beroende p\\u00e5 projekt. Oavsett val f\\u00e5r du ett tidl\\u00f6st nordiskt uttryck, naturlig v\\u00e4rme och en l\\u00f6sning som h\\u00e5ller i m\\u00e5nga \\u00e5r fram\\u00f6ver.<\\\/p>\",\"content_column_breakpoint\":\"m\",\"icon_width\":80,\"image\":\"wp-content\\\/uploads\\\/2025\\\/11\\\/5715579034527_MOOD2.jpg\",\"image_align\":\"left\",\"image_grid_breakpoint\":\"m\",\"image_grid_width\":\"1-2\",\"image_height\":960,\"image_svg_color\":\"emphasis\",\"image_vertical_align\":true,\"image_width\":960,\"link\":\"sv\\\/nordic-outdoor-paneler\\\/\",\"link_style\":\"secondary\",\"link_text\":\"Se nyheterna h\\u00e4r <span uk-icon=\\\"icon: arrow-right\\\"><\\\/span>\",\"margin\":\"default\",\"meta\":\"Nordic Outdoor Paneler\",\"meta_align\":\"below-title\",\"meta_color\":\"secondary\",\"meta_element\":\"h3\",\"meta_margin\":\"small\",\"meta_style\":\"h1\",\"title\":\"Nyhet:\",\"title_align\":\"top\",\"title_element\":\"h2\",\"title_grid_breakpoint\":\"m\",\"title_grid_width\":\"1-2\",\"title_hover_style\":\"reset\",\"title_style\":\"heading-small\"},\"name\":\"Forside panel\"}]}]}],\"name\":\"New In \"},{\"type\":\"section\",\"props\":{\"animation\":\"slide-left-medium\",\"animation_delay\":\"200\",\"divider_height\":\"120\",\"divider_layers_gap\":\"5\",\"divider_layers_opacity\":\"0.5\",\"divider_position\":\"top\",\"divider_responsive\":true,\"divider_shadow_blur_radius\":\"5\",\"divider_shadow_color\":\"#00000080\",\"divider_shadow_offset_x\":\"0\",\"divider_shadow_offset_y\":\"5\",\"divider_width\":\"100\",\"height\":\"viewport\",\"height_viewport\":80,\"image\":\"wp-content\\\/uploads\\\/2023\\\/06\\\/laminat_bg.jpg\",\"image_effect\":\"parallax\",\"image_parallax_bgx\":\"-200\",\"image_position\":\"center-center\",\"image_size\":\"cover\",\"media_blend_mode\":\"overlay\",\"media_overlay\":\"rgba(85, 125, 145, 0.6)\",\"overlap\":false,\"padding_custom_bottom\":\"70\",\"padding_custom_top\":\"70\",\"preserve_color\":true,\"style\":\"default\",\"style_custom_color\":\"#ccc\",\"text_color\":\"light\",\"title_breakpoint\":\"xl\",\"title_position\":\"top-left\",\"title_rotation\":\"left\",\"vertical_align\":\"middle\",\"width\":\"default\"},\"children\":[{\"type\":\"row\",\"props\":{\"layout\":\"1-2,1-2\"},\"children\":[{\"type\":\"column\",\"props\":{\"image_position\":\"center-center\",\"position_sticky_breakpoint\":\"m\",\"vertical_align\":\"middle\",\"width_medium\":\"1-2\"},\"children\":[{\"type\":\"panel\",\"props\":{\"block_align_breakpoint\":\"m\",\"block_align_fallback\":\"center\",\"content\":\"\n\n<p>Fjordwall \\u00e4r din garanti f\\u00f6r ett stort urval av kvalitetsprodukter inom akustikpaneler och akustikprodukter - i nordisk design.<\\\/p>\\n\n\n<ul>\\n\n\n<li>FSC\\u00ae-certifierat tr\\u00e4<\\\/li>\\n\n\n<li>V\\u00e5r filt best\\u00e5r av minst 50 % \\u00e5tervunnet material<\\\/li>\\n\n\n<li>Tillverkade i Danmark<\\\/li>\\n\n\n<li>Ansvarsfull produktion med h\\u00e4nsyn till milj\\u00f6n<\\\/li>\\n\n\n<li>Stort utbud av olika designer<\\\/li>\\n<\\\/ul>\",\"content_column_breakpoint\":\"m\",\"icon_width\":80,\"image_align\":\"top\",\"image_grid_breakpoint\":\"m\",\"image_grid_width\":\"1-2\",\"image_svg_color\":\"emphasis\",\"link_style\":\"default\",\"link_text\":\"Read more\",\"margin\":\"default\",\"maxwidth\":\"large\",\"meta\":\"V\\u00e4lkommen till Fjordwalls v\\u00e4rld\",\"meta_align\":\"below-title\",\"meta_element\":\"h3\",\"meta_style\":\"text-meta\",\"title\":\"V\\u00e5ra produkter\",\"title_align\":\"top\",\"title_element\":\"h2\",\"title_grid_breakpoint\":\"m\",\"title_grid_width\":\"1-2\",\"title_hover_style\":\"reset\"}}]},{\"type\":\"column\",\"props\":{\"image_position\":\"center-center\",\"position_sticky_breakpoint\":\"m\",\"width_medium\":\"1-2\"},\"children\":[{\"type\":\"slideshow\",\"props\":{\"css\":\".el-title {\\n\\ttext-shadow: 0px 0px 10px rgba(0, 0, 0, 0.99);\\n}\",\"image_width\":\"1280\",\"link_style\":\"secondary\",\"link_text\":\"More info\",\"margin\":\"default\",\"meta_align\":\"below-title\",\"meta_element\":\"div\",\"meta_style\":\"text-meta\",\"nav\":\"thumbnav\",\"nav_align\":\"center\",\"nav_below\":true,\"nav_breakpoint\":\"\",\"nav_margin\":\"small\",\"nav_position\":\"bottom-center\",\"nav_position_margin\":\"medium\",\"nav_vertical\":false,\"overlay_animation\":\"parallax\",\"overlay_position\":\"center\",\"show_content\":true,\"show_link\":true,\"show_meta\":true,\"show_thumbnail\":true,\"show_title\":true,\"slidenav\":\"\",\"slidenav_breakpoint\":\"s\",\"slidenav_margin\":\"medium\",\"slidenav_outside_breakpoint\":\"xl\",\"slideshow_animation\":\"scale\",\"slideshow_autoplay_pause\":true,\"slideshow_kenburns\":\"alternate\",\"slideshow_min_height\":300,\"slideshow_ratio\":\"4:3\",\"text_align\":\"center\",\"text_color\":\"light\",\"thumbnav_height\":\"100\",\"thumbnav_nowrap\":true,\"thumbnav_svg_color\":\"emphasis\",\"thumbnav_width\":\"100\",\"title_element\":\"h3\",\"title_hover_style\":\"reset\",\"title_style\":\"heading-small\"},\"children\":[{\"type\":\"slideshow_item\",\"props\":{\"image\":\"wp-content\\\/uploads\\\/2023\\\/07\\\/Akustikpaneel-_Fjordwall_-Eiche-1.png\",\"link\":\"sv\\\/traepaneler\\\/\",\"link_text\":\"Mer information\",\"thumbnail\":\"wp-content\\\/uploads\\\/2023\\\/06\\\/wood_vertical.jpg\",\"title\":\"Tr\\u00e4 paneler\"}},{\"type\":\"slideshow_item\",\"props\":{\"image\":\"wp-content\\\/uploads\\\/2023\\\/07\\\/Akustikpaneel-_Fjordwall_Linoleum-_Blau_-scaled.jpg\",\"link\":\"sv\\\/linoleum-paneler\\\/\",\"link_text\":\"Mer information\",\"thumbnail\":\"wp-content\\\/uploads\\\/2023\\\/06\\\/linoleum_blau.jpg\",\"title\":\"Linoleum paneler\"}},{\"type\":\"slideshow_item\",\"props\":{\"image\":\"wp-content\\\/uploads\\\/2024\\\/02\\\/Black-1-scaled.jpg\",\"link\":\"sv\\\/folierade-paneler\\\/\",\"link_text\":\"Mer information\",\"thumbnail\":\"wp-content\\\/uploads\\\/2023\\\/06\\\/foiled_schwarz.jpg\",\"title\":\"Folierade paneler\"}},{\"type\":\"slideshow_item\",\"props\":{\"image\":\"wp-content\\\/uploads\\\/2023\\\/07\\\/Akustikpaneel-_Fjordwall_-laminieren.png\",\"link\":\"sv\\\/laminat\\\/\",\"link_text\":\"Mer information\",\"thumbnail\":\"wp-content\\\/uploads\\\/2023\\\/06\\\/laminat_betongrau.jpg\",\"title\":\"Laminat paneler\"}},{\"type\":\"slideshow_item\",\"props\":{\"image\":\"wp-content\\\/uploads\\\/2023\\\/07\\\/Akustikpaneel-_Fjordwall_-Walnuss.png\",\"link\":\"sv\\\/folierade-paneler\\\/\",\"link_text\":\"Mer information\",\"thumbnail\":\"wp-content\\\/uploads\\\/2023\\\/06\\\/lux_walnut.jpg\",\"title\":\"LUX paneler\"}},{\"type\":\"slideshow_item\",\"props\":{\"image\":\"wp-content\\\/uploads\\\/2023\\\/07\\\/vinkel2.png\",\"link\":\"sv\\\/designpaneler\\\/\",\"link_text\":\"Mer information\",\"thumbnail\":\"wp-content\\\/uploads\\\/2023\\\/06\\\/design_horizontal.jpg\",\"title\":\"Design paneler\"}},{\"type\":\"slideshow_item\",\"props\":{\"image\":\"wp-content\\\/uploads\\\/2023\\\/06\\\/Linoleum-square.jpg\",\"link\":\"sv\\\/tillbehor\\\/\",\"link_text\":\"Mer information\",\"thumbnail\":\"wp-content\\\/uploads\\\/2024\\\/02\\\/70014-Hooks-3w.jpg\",\"title\":\"Tillbeh\\u00f6r\"}}]}]}]}]},{\"type\":\"section\",\"props\":{\"animation\":\"slide-left-medium\",\"animation_delay\":\"200\",\"divider_height\":\"120\",\"divider_layers_gap\":\"5\",\"divider_layers_opacity\":\"0.5\",\"divider_position\":\"top\",\"divider_responsive\":true,\"divider_shadow_blur_radius\":\"5\",\"divider_shadow_color\":\"#00000080\",\"divider_shadow_offset_x\":\"0\",\"divider_shadow_offset_y\":\"5\",\"divider_width\":\"100\",\"height\":\"viewport\",\"height_viewport\":70,\"image\":\"wp-content\\\/uploads\\\/2023\\\/05\\\/green-panel.jpg\",\"image_effect\":\"parallax\",\"image_parallax_bgx\":\"200\",\"image_position\":\"center-center\",\"image_size\":\"cover\",\"padding_custom_bottom\":\"70\",\"padding_custom_top\":\"70\",\"style\":\"default\",\"style_custom_color\":\"#ccc\",\"text_color\":\"light\",\"title_breakpoint\":\"xl\",\"title_position\":\"top-left\",\"title_rotation\":\"left\",\"vertical_align\":\"middle\",\"width\":\"default\"},\"children\":[{\"type\":\"row\",\"props\":{\"layout\":\"1-2,1-2\"},\"children\":[{\"type\":\"column\",\"props\":{\"image_position\":\"center-center\",\"position_sticky_breakpoint\":\"m\",\"width_medium\":\"1-2\"}},{\"type\":\"column\",\"props\":{\"image_position\":\"center-center\",\"position_sticky_breakpoint\":\"m\",\"width_medium\":\"1-2\"},\"children\":[{\"type\":\"panel\",\"props\":{\"block_align_breakpoint\":\"m\",\"block_align_fallback\":\"center\",\"content\":\"\n\n<p>Fjordwall-programmet omfattar en rad h\\u00f6gkvalitativa akustikprodukter - alla designade och tillverkade i Danmark.<\\\/p>\\n\n\n<p>De nordiska folken har alltid varit k\\u00e4nda som skickliga hantverkare som skapade vackra och praktiska produkter - oftast i tr\\u00e4. Redan vikingarna visste hur man anv\\u00e4nde tr\\u00e4ets egenskaper f\\u00f6r sina \\u00e4ndam\\u00e5l.<\\\/p>\\n\n\n<p>Den nordiska regionen \\u00e4r rik p\\u00e5 or\\u00f6rd natur, som ofta fungerar som inspiration f\\u00f6r utvecklingen av h\\u00e5llbara produkter.<\\\/p>\\n\n\n<p>Med h\\u00e4nsyn till naturen forts\\u00e4tter vi det goda hantverket och den h\\u00f6ga kvaliteten i v\\u00e5ra produkter.<\\\/p>\",\"content_column_breakpoint\":\"m\",\"icon_width\":80,\"image_align\":\"top\",\"image_grid_breakpoint\":\"m\",\"image_grid_width\":\"1-2\",\"image_svg_color\":\"emphasis\",\"link_style\":\"default\",\"link_text\":\"Read more\",\"margin\":\"default\",\"maxwidth\":\"large\",\"meta\":\"Stolta traditioner och starkt hantverk\",\"meta_align\":\"below-title\",\"meta_element\":\"h3\",\"meta_style\":\"text-meta\",\"title\":\"Filosofin\",\"title_align\":\"top\",\"title_element\":\"h2\",\"title_grid_breakpoint\":\"m\",\"title_grid_width\":\"1-2\",\"title_hover_style\":\"reset\"}}]}]}]},{\"type\":\"section\",\"props\":{\"animation\":\"slide-left-medium\",\"animation_delay\":\"200\",\"divider_height\":\"120\",\"divider_layers_gap\":\"5\",\"divider_layers_opacity\":\"0.5\",\"divider_position\":\"top\",\"divider_responsive\":true,\"divider_shadow_blur_radius\":\"5\",\"divider_shadow_color\":\"#00000080\",\"divider_shadow_offset_x\":\"0\",\"divider_shadow_offset_y\":\"5\",\"divider_width\":\"100\",\"height\":\"viewport\",\"height_viewport\":70,\"image\":\"wp-content\\\/uploads\\\/2023\\\/05\\\/purple-bg.jpg\",\"image_effect\":\"parallax\",\"image_parallax_bgx\":\"200\",\"image_position\":\"center-right\",\"image_size\":\"cover\",\"media_focal_point\":\"center-right\",\"padding_custom_bottom\":\"70\",\"padding_custom_top\":\"70\",\"style\":\"default\",\"style_custom_color\":\"#ccc\",\"text_color\":\"light\",\"title_breakpoint\":\"xl\",\"title_position\":\"top-left\",\"title_rotation\":\"left\",\"vertical_align\":\"middle\",\"width\":\"default\"},\"children\":[{\"type\":\"row\",\"children\":[{\"type\":\"column\",\"props\":{\"image_position\":\"center-center\",\"position_sticky_breakpoint\":\"m\",\"width_medium\":\"1-2\"},\"children\":[{\"type\":\"panel\",\"props\":{\"block_align_breakpoint\":\"m\",\"block_align_fallback\":\"center\",\"content\":\"\n\n<p>Fjordwall \\u00e4r expert p\\u00e5 akustikl\\u00f6sningar och estetisk design av v\\u00e4ggar och tak -och erbjuder ett stort urval av f\\u00e4rgglada f\\u00e4rger och \\u00e4dla tr\\u00e4slag.<\\\/p>\\n\n\n<p>Fjordwalls akustikpaneler designas och tillverkas i Danmark, och de \\u00e4r alla tillverkade av FSC\\u00ae-certifierat tr\\u00e4 och \\u00e4kta tr\\u00e4fan\\u00e9r.<\\\/p>\\n\n\n<p>Filten p\\u00e5 baksidan av panelerna best\\u00e5r av minst 50% \\u00e5tervunnet material.<\\\/p>\",\"content_column_breakpoint\":\"m\",\"icon_width\":80,\"image_align\":\"top\",\"image_grid_breakpoint\":\"m\",\"image_grid_width\":\"1-2\",\"image_svg_color\":\"emphasis\",\"link_style\":\"default\",\"link_text\":\"Read more\",\"margin\":\"default\",\"maxwidth\":\"large\",\"meta\":\"Inredning f\\u00f6r trivsel\",\"meta_align\":\"below-title\",\"meta_element\":\"h3\",\"meta_style\":\"text-meta\",\"title\":\"Kvalitet och design\",\"title_align\":\"top\",\"title_element\":\"h2\",\"title_grid_breakpoint\":\"m\",\"title_grid_width\":\"1-2\",\"title_hover_style\":\"reset\"}}]},{\"type\":\"column\",\"props\":{\"image_position\":\"center-center\",\"position_sticky_breakpoint\":\"m\",\"width_medium\":\"1-2\"}}],\"props\":{\"layout\":\"1-2,1-2\"}}]}],\"version\":\"4.5.32\",\"yooessentialsVersion\":\"2.4.10\"} --><\/p>\n","protected":false},"excerpt":{"rendered":"<p>Kvalitet som inspirerar Nyhet: Nordic Outdoor Paneler Vi ut\u00f6kar Fjordwall-universumet \u2013 v\u00e5ra paneler kan nu \u00e4ven anv\u00e4ndas utomhus. Med de nya Nordic Outdoor Paneler kan du ta med samma lugna, nordiska uttryck ut i dina utemilj\u00f6er. Serien \u00e4r skapad f\u00f6r terrasser, fasader och utomhusomr\u00e5den d\u00e4r vacker design, naturliga material och l\u00e5ng h\u00e5llbarhet ska g\u00e5 hand [&hellip;]<\/p>\n","protected":false},"author":12,"featured_media":0,"parent":0,"menu_order":0,"comment_status":"closed","ping_status":"closed","template":"","meta":{"_acf_changed":false,"_monsterinsights_skip_tracking":false,"_monsterinsights_sitenote_active":false,"_monsterinsights_sitenote_note":"","_monsterinsights_sitenote_category":0,"footnotes":""},"pagetype":[],"class_list":["post-746","page","type-page","status-publish","hentry"],"acf":[],"aioseo_notices":[],"_links":{"self":[{"href":"https:\/\/www.fjordwall.com\/sv\/wp-json\/wp\/v2\/pages\/746","targetHints":{"allow":["GET"]}}],"collection":[{"href":"https:\/\/www.fjordwall.com\/sv\/wp-json\/wp\/v2\/pages"}],"about":[{"href":"https:\/\/www.fjordwall.com\/sv\/wp-json\/wp\/v2\/types\/page"}],"author":[{"embeddable":true,"href":"https:\/\/www.fjordwall.com\/sv\/wp-json\/wp\/v2\/users\/12"}],"replies":[{"embeddable":true,"href":"https:\/\/www.fjordwall.com\/sv\/wp-json\/wp\/v2\/comments?post=746"}],"version-history":[{"count":22,"href":"https:\/\/www.fjordwall.com\/sv\/wp-json\/wp\/v2\/pages\/746\/revisions"}],"predecessor-version":[{"id":3807,"href":"https:\/\/www.fjordwall.com\/sv\/wp-json\/wp\/v2\/pages\/746\/revisions\/3807"}],"wp:attachment":[{"href":"https:\/\/www.fjordwall.com\/sv\/wp-json\/wp\/v2\/media?parent=746"}],"wp:term":[{"taxonomy":"pagetype","embeddable":true,"href":"https:\/\/www.fjordwall.com\/sv\/wp-json\/wp\/v2\/pagetype?post=746"}],"curies":[{"name":"wp","href":"https:\/\/api.w.org\/{rel}","templated":true}]}}