{"id":745,"date":"2018-12-13T12:15:32","date_gmt":"2018-12-13T11:15:32","guid":{"rendered":"https:\/\/www.fjordwall.com\/traepaneler\/"},"modified":"2026-03-24T15:20:46","modified_gmt":"2026-03-24T14:20:46","slug":"traepaneler","status":"publish","type":"page","link":"https:\/\/www.fjordwall.com\/sv\/traepaneler\/","title":{"rendered":"Tr\u00e4paneler"},"content":{"rendered":"\r\n<h1>Tr\u00e4paneler<\/h1>\r\n<p><img decoding=\"async\" title=\"wood_walnut\" src=\"https:\/\/stage.fjordwall.com\/wp-content\/uploads\/bb-plugin\/cache\/wood_walnut-circle.jpg\" alt=\"wood_walnut\" \/><\/p>\r\n<h4>Valn\u00f6t<\/h4>\r\n<p><img decoding=\"async\" title=\"wood_oak_greyfelt\" src=\"https:\/\/stage.fjordwall.com\/wp-content\/uploads\/bb-plugin\/cache\/wood_oak_greyfelt-circle.jpg\" alt=\"wood_oak_greyfelt\" \/><\/p>\r\n<h4>Ekfiltgr\u00e5<\/h4>\r\n<p><img decoding=\"async\" title=\"wood_oakgrey\" src=\"https:\/\/stage.fjordwall.com\/wp-content\/uploads\/bb-plugin\/cache\/wood_oakgrey-circle.jpg\" alt=\"wood_oakgrey\" \/><\/p>\r\n<h4>Ekgrey<\/h4>\r\n<h3>Tr\u00e4paneler<\/h3>\r\n<p>Den nordiska stilen k\u00e4nnetecknas av anv\u00e4ndningen av tr\u00e4 och organiska produkter. D\u00e4rf\u00f6r \u00e4r ljudabsorberande paneler med \u00e4kta tr\u00e4fan\u00e9r en naturlig del av Fjordwall-sortimentet.<\/p>\r\n<p>Tr\u00e4ets textur och dess varma f\u00e4rger inbjuder till lugn och avkoppling, och ger en k\u00e4nsla av v\u00e4rme och trygghet.<\/p>\r\n<p>&#8221;Fjordwall&#8221; Akustikpaneler, vare sig de har \u00e4kta tr\u00e4fan\u00e9r eller en f\u00e4rgglad yta av laminat eller linoleum, \u00e4r det perfekta valet f\u00f6r vardagsrummet, sovrummet, mysiga h\u00f6rnet &#8211; var som helst d\u00e4r du vill skapa en avslappnad atmosf\u00e4r.<\/p>\r\n<h3>Dimensioner:<\/h3>\r\n<p>Bredd: 32 &amp; 60 cm<br \/>L\u00e4ngd: 60, 120, 240, 300 &amp; 360 cm<br \/>Levereras med svart och gr\u00e5 filt.<\/p>\r\n<p><em>H\u00f6rn med ekakustikpaneler. Den varma, naturliga f\u00e4rgen omfamnar och inbjuder till en stressfri och lugn milj\u00f6. <\/em><\/p>\r\n<nav>\r\n<ul>\r\n<li tabindex=\"0\" data-index=\"0\">\r\n<h5><a tabindex=\"-1\">Datablad <\/a><\/h5>\r\n<\/li>\r\n<li tabindex=\"0\" data-index=\"1\">\r\n<h5><a tabindex=\"-1\">Test <\/a><\/h5>\r\n<\/li>\r\n<\/ul>\r\n<\/nav>\r\n<p>Ladda ner databladet <a href=\"https:\/\/issuu.com\/fogveno\/docs\/se_datablad_fjordwall_traepaneler\" target=\"_blank\" rel=\"noopener\">h\u00e4r.<\/a><\/p>\r\n<p><a href=\"https:\/\/stage.fjordwall.com\/wp-content\/uploads\/2023\/09\/392-2023-00275101_CA_DE_Fog-Veno_AgBB-Testat.pdf\" target=\"_blank\" rel=\"noopener\">AgBB test<\/a><\/p>\r\n<!-- \/content --><!-- \/tabs -->","protected":false},"excerpt":{"rendered":"","protected":false},"author":12,"featured_media":0,"parent":0,"menu_order":0,"comment_status":"closed","ping_status":"closed","template":"","meta":{"_acf_changed":false,"_monsterinsights_skip_tracking":false,"_monsterinsights_sitenote_active":false,"_monsterinsights_sitenote_note":"","_monsterinsights_sitenote_category":0,"footnotes":""},"pagetype":[42],"class_list":["post-745","page","type-page","status-publish","hentry","pagetype-product-category"],"acf":[],"aioseo_notices":[],"_links":{"self":[{"href":"https:\/\/www.fjordwall.com\/sv\/wp-json\/wp\/v2\/pages\/745","targetHints":{"allow":["GET"]}}],"collection":[{"href":"https:\/\/www.fjordwall.com\/sv\/wp-json\/wp\/v2\/pages"}],"about":[{"href":"https:\/\/www.fjordwall.com\/sv\/wp-json\/wp\/v2\/types\/page"}],"author":[{"embeddable":true,"href":"https:\/\/www.fjordwall.com\/sv\/wp-json\/wp\/v2\/users\/12"}],"replies":[{"embeddable":true,"href":"https:\/\/www.fjordwall.com\/sv\/wp-json\/wp\/v2\/comments?post=745"}],"version-history":[{"count":5,"href":"https:\/\/www.fjordwall.com\/sv\/wp-json\/wp\/v2\/pages\/745\/revisions"}],"predecessor-version":[{"id":3939,"href":"https:\/\/www.fjordwall.com\/sv\/wp-json\/wp\/v2\/pages\/745\/revisions\/3939"}],"wp:attachment":[{"href":"https:\/\/www.fjordwall.com\/sv\/wp-json\/wp\/v2\/media?parent=745"}],"wp:term":[{"taxonomy":"pagetype","embeddable":true,"href":"https:\/\/www.fjordwall.com\/sv\/wp-json\/wp\/v2\/pagetype?post=745"}],"curies":[{"name":"wp","href":"https:\/\/api.w.org\/{rel}","templated":true}]}}