{"id":744,"date":"2023-06-07T11:35:48","date_gmt":"2023-06-07T09:35:48","guid":{"rendered":"https:\/\/www.fjordwall.com\/designpaneler\/"},"modified":"2024-04-16T11:52:29","modified_gmt":"2024-04-16T09:52:29","slug":"designpaneler","status":"publish","type":"page","link":"https:\/\/www.fjordwall.com\/sv\/designpaneler\/","title":{"rendered":"Designpaneler"},"content":{"rendered":"\n\n\t\t\t<h1>Designpaneler<\/h1>\t\t\t\n\t<h3>Designpaneler<\/h3>\n<p>M\u00e5nga anv\u00e4nder akustikpaneler enbart f\u00f6r deras estetiska uttryck. Detta har lett oss till att utveckla designpaneler d\u00e4r vi kan leka med visuell design och skapa helt nya m\u00f6jligheter.<\/p>\n<p>I dessa produkter tar design f\u00f6retr\u00e4de \u00f6ver akustik.<\/p>\n<p><strong>Skapa ditt eget uttryck<\/strong><\/p>\n<p>B\u00e5de hexagoner och romber kan kombineras f\u00f6r att skapa den \u00f6nskade bilden och uttrycket. Om du \u00e4r skicklig i hantverk kan du ocks\u00e5 enkelt skapa vackra effekter med LED-belysning, vilket tillf\u00f6r djup och ljuseffekter.<\/p>\n\t\t\t\t<img decoding=\"async\" src=\"https:\/\/stage.fjordwall.com\/wp-content\/uploads\/2023\/06\/hexagon-1.png\" alt=\"hexagon-1\" title=\"hexagon-1\" itemprop=\"image\"\/>\n\t\t<h3>Hexagon<\/h3>\t\t\t\n\t\t\t\t<p>308 x 267 x 10 mm<\/p>\n\t\t\t\t<img decoding=\"async\" src=\"https:\/\/stage.fjordwall.com\/wp-content\/uploads\/2023\/06\/rhombus-1.png\" alt=\"rhombus-1\" title=\"rhombus-1\" itemprop=\"image\"\/>\n\t\t<h3>Rhombus<\/h3>\t\t\t\n\t\t\t\t<p>459 x 267 x 10 mm <\/p>\n\t<p><em>Vardagsrumsinredning med dekorationer som anv\u00e4nder hexagoner och romber. <\/em><\/p>\n\t\t<nav>\n\t\t\t<ul>\n\t\t\t\t\t\t\t\t<li data-index=\"0\" tabindex=\"0\">\n\t\t\t\t\t<h5>\n\t\t\t\t\t\t<a href=\"javascript:void(0);\" tabindex=\"-1\">Datablad\n\t\t\t\t\t\t\t\t\t\t\t\t<\/a>\n\t\t\t\t\t<\/h5>\n\t\t\t\t<\/li>\n\t\t\t\t\t\t\t<\/ul>\n\t\t<\/nav>\n\t\t\t\t\t<p>Ladda ner Hexagon datablad <a href=\"https:\/\/issuu.com\/fogveno\/docs\/se_datablad_fjordwall_hexagon_v2\" target=\"_blank\" rel=\"noopener\">h\u00e4r<\/a><\/p>\n<p>Ladda ner Rhombus datablad <a href=\"https:\/\/issuu.com\/fogveno\/docs\/se_datablad_fjordwall_rhombus_v2\" target=\"_blank\" rel=\"noopener\">h\u00e4r<\/a><\/p>\n\t\t\t\t\t<!-- \/content -->\n\t<!-- \/tabs -->\n\n","protected":false},"excerpt":{"rendered":"","protected":false},"author":12,"featured_media":0,"parent":0,"menu_order":0,"comment_status":"closed","ping_status":"closed","template":"","meta":{"_acf_changed":false,"_monsterinsights_skip_tracking":false,"_monsterinsights_sitenote_active":false,"_monsterinsights_sitenote_note":"","_monsterinsights_sitenote_category":0,"footnotes":""},"pagetype":[45],"class_list":["post-744","page","type-page","status-publish","hentry","pagetype-design-panels"],"acf":[],"aioseo_notices":[],"_links":{"self":[{"href":"https:\/\/www.fjordwall.com\/sv\/wp-json\/wp\/v2\/pages\/744","targetHints":{"allow":["GET"]}}],"collection":[{"href":"https:\/\/www.fjordwall.com\/sv\/wp-json\/wp\/v2\/pages"}],"about":[{"href":"https:\/\/www.fjordwall.com\/sv\/wp-json\/wp\/v2\/types\/page"}],"author":[{"embeddable":true,"href":"https:\/\/www.fjordwall.com\/sv\/wp-json\/wp\/v2\/users\/12"}],"replies":[{"embeddable":true,"href":"https:\/\/www.fjordwall.com\/sv\/wp-json\/wp\/v2\/comments?post=744"}],"version-history":[{"count":2,"href":"https:\/\/www.fjordwall.com\/sv\/wp-json\/wp\/v2\/pages\/744\/revisions"}],"predecessor-version":[{"id":2571,"href":"https:\/\/www.fjordwall.com\/sv\/wp-json\/wp\/v2\/pages\/744\/revisions\/2571"}],"wp:attachment":[{"href":"https:\/\/www.fjordwall.com\/sv\/wp-json\/wp\/v2\/media?parent=744"}],"wp:term":[{"taxonomy":"pagetype","embeddable":true,"href":"https:\/\/www.fjordwall.com\/sv\/wp-json\/wp\/v2\/pagetype?post=744"}],"curies":[{"name":"wp","href":"https:\/\/api.w.org\/{rel}","templated":true}]}}