{"id":3377,"date":"2025-05-06T07:49:48","date_gmt":"2025-05-06T05:49:48","guid":{"rendered":"https:\/\/www.fjordwall.com\/installation\/"},"modified":"2025-05-08T10:25:02","modified_gmt":"2025-05-08T08:25:02","slug":"installation","status":"publish","type":"page","link":"https:\/\/www.fjordwall.com\/sv\/installation\/","title":{"rendered":"Installation"},"content":{"rendered":"<div>\n<p>    <img decoding=\"async\" src=\"\/wp-content\/uploads\/2024\/04\/Walnut_Black_2.jpg\" alt=\"\"><\/p>\n<\/div>\n<div>\n<h3>S\u00e5 monterar du en akustikpanel<\/h3>\n<p>Snabb och enkel att montera<\/p>\n<div>\n<p>Vi tillverkar akustikpaneler i prefabricerade moduler, vilket g\u00f6r dem enkla att montera b\u00e5de p\u00e5 v\u00e4ggar och i tak.<\/p>\n<p>Den enkla installationen g\u00f6r Fjordwall-panelerna till ett perfekt g\u00f6r-det-sj\u00e4lv-projekt!<\/p>\n<\/div>\n<\/div>\n<p><p>\n        <a href=\"https:\/\/vimeo.com\/848608866\">Se hur du monterar panelerna<\/a>\n    <\/p>\n<\/p>\n<p><a href=\"https:\/\/vimeo.com\/848608866\"><img decoding=\"async\" src=\"\/wp-content\/uploads\/2025\/05\/Thumbnail-mount-2-9bb5aba9.webp\" alt=\"\"><\/a><\/p>\n<div>\n<p>        <img decoding=\"async\" src=\"\/wp-content\/uploads\/2025\/05\/Standard-Monteringsillustration-a7913488.webp\" alt=\"\"><\/p>\n<h3>Snabbguide:<\/h3>\n<div>\n<p><strong>DIREKT P\u00c5 V\u00c4GG:<\/strong> <br \/>Monteringslim: Applicera limmet p\u00e5 panelen och s\u00e4tt den mot v\u00e4ggen. Se till att trycka fast den ordentligt. Skruvar: Skruva fast panelen genom filten och in i v\u00e4ggen. Vi rekommenderar att anv\u00e4nda 15 skruvar per panel, enligt illustrationen till h\u00f6ger. Kom ih\u00e5g att anv\u00e4nda plugg om din v\u00e4ggtyp kr\u00e4ver det.<\/p>\n<p><strong>P\u00c5 EN REGELSTOMME:<\/strong><br \/>F\u00f6r optimal ljudabsorption, bygg en stomme med 45 mm reglar p\u00e5 din v\u00e4gg. Vi rekommenderar ett avst\u00e5nd p\u00e5 600 mm mellan reglarna. L\u00e4gg mineralull mellan reglarna. Skruva fast panelen p\u00e5 stommen genom filten.<\/p>\n<p><strong>KAPNING AV PANELER:<\/strong> <br \/>Om du beh\u00f6ver justera panelerna i l\u00e4ngd eller bredd kan du enkelt kapa dem till r\u00e4tt storlek. F\u00f6r att justera l\u00e4ngden p\u00e5 panelen rekommenderar vi en vass s\u00e5g (t.ex. en s\u00e4nks\u00e5g) f\u00f6r att s\u00e5ga genom b\u00e5de ribbor och filt. F\u00f6r att justera bredden kan du anv\u00e4nda en hobbykniv f\u00f6r att sk\u00e4ra genom filten.<\/p>\n<\/div>\n<\/div>\n<div>\n<h3>S\u00e5 applicerar du v\u00e5rdande olja p\u00e5 dina paneler<\/h3>\n<p>hur du oljar paneler<\/p>\n<div>\n<p>Om du vill ge dina Fjordwall-paneler ett annat utseende \u00e4n den obehandlade tr\u00e4ytan, rekommenderar vi att du provar v\u00e5ra oljebehandlingar.<\/p>\n<p>Du har friheten att v\u00e4lja den olja som passar perfekt till estetiken i ditt hem eller p\u00e5 din arbetsplats. V\u00e5r v\u00e5rdande olja finns i fem vackra nyanser: svart, gr\u00e5, antik, natur och vit.<\/p>\n<\/div>\n<\/div>\n<p><p>\n        <a href=\"https:\/\/vimeo.com\/848322912\">Se hur du applicerar olja<\/a>\n    <\/p>\n<\/p>\n<p><a href=\"https:\/\/vimeo.com\/848322912\"><img decoding=\"async\" src=\"\/wp-content\/uploads\/2025\/05\/Thumbnail-oil-1-36c9392c.webp\" alt=\"\"><\/a><\/p>\n<div>\n<p>        <img decoding=\"async\" src=\"\/wp-content\/uploads\/2025\/05\/Antique_Oil_Sample-1-5dc612a4.webp\" alt=\"\"><\/p>\n<h3>Snabbguide:<\/h3>\n<div>\n<p><strong>Det du beh\u00f6ver:<\/strong><\/p>\n<ul>\n<li>Olja<\/li>\n<li>Rulle<\/li>\n<li>Trasa eller en gammal tygbit<\/li>\n<li>F\u00e4rgbricka<\/li>\n<li>Eng\u00e5ngshandskar<\/li>\n<\/ul>\n<p><strong>Steg:<\/strong><\/p>\n<ol>\n<li>Skaka underh\u00e5llsoljan ordentligt och h\u00e4ll den i f\u00e4rgbrickan<\/li>\n<li>M\u00e4tta m\u00e5larrollen med olja<\/li>\n<li>Ta bort \u00f6verfl\u00f6dig olja fr\u00e5n rullen f\u00f6r att undvika rinningar och oj\u00e4mnheter<\/li>\n<li>Applicera oljan f\u00f6rsiktigt l\u00e4ngs med tr\u00e4ets \u00e5dring<\/li>\n<li>Undvik att f\u00e5 olja p\u00e5 panelens kanter<\/li>\n<li>N\u00e4r panelen \u00e4r j\u00e4mnt inoljad, torka bort eventuell \u00f6verfl\u00f6dig olja med en trasa<\/li>\n<li>L\u00e5t torka i 8\u201312 timmar innan du monterar ditt akustikpanel\n<p><\/li>\n<\/ol>\n<\/div>\n<\/div>\n<p><!--more--><br \/>\n<!-- {\"type\":\"layout\",\"children\":[{\"type\":\"section\",\"props\":{\"\":\"linear-gradient(180deg, rgba(75,93,99,1) 0%, rgba(75,93,99,0.7217480742296919) 31%, rgba(75,93,99,0.14751838235294112) 100%);\",\"animation\":\"scale-up\",\"animation_delay\":\"200\",\"divider_height\":\"120\",\"divider_layers_gap\":\"5\",\"divider_layers_opacity\":\"0.5\",\"divider_position\":\"top\",\"divider_responsive\":true,\"divider_shadow_blur_radius\":\"5\",\"divider_shadow_color\":\"#00000080\",\"divider_shadow_offset_x\":\"0\",\"divider_shadow_offset_y\":\"5\",\"divider_width\":\"100\",\"header_transparent\":true,\"header_transparent_noplaceholder\":true,\"height_viewport\":35,\"image_effect\":\"parallax\",\"image_parallax_bgy\":\"100\",\"image_position\":\"center-center\",\"image_size\":\"cover\",\"image_width\":1920,\"media_background\":\"#4B5D63\",\"media_blend_mode\":\"multiply\",\"padding\":\"none\",\"padding_custom_bottom\":\"70\",\"padding_custom_top\":\"70\",\"style\":\"secondary\",\"style_custom_color\":\"#ccc\",\"text_color\":\"light\",\"title_breakpoint\":\"xl\",\"title_position\":\"top-left\",\"title_rotation\":\"left\",\"vertical_align\":\"middle\",\"width\":\"\"},\"children\":[{\"type\":\"row\",\"props\":{\"divider\":false,\"parallax\":true},\"children\":[{\"type\":\"column\",\"props\":{\"image_position\":\"center-center\",\"position_sticky_breakpoint\":\"m\"},\"children\":[{\"type\":\"slideshow\",\"props\":{\"blend\":false,\"class\":\"gradientoverlay\",\"css\":\".el-element {\\n    margin-bottom: 0px !important;\\n}\",\"image_loading\":true,\"image_width\":\"1920\",\"link_style\":\"default\",\"link_text\":\"Read more\",\"margin\":\"default\",\"meta_align\":\"below-title\",\"meta_element\":\"div\",\"meta_style\":\"text-meta\",\"nav\":\"\",\"nav_align\":\"center\",\"nav_below\":true,\"nav_breakpoint\":\"s\",\"nav_position\":\"bottom-center\",\"nav_position_margin\":\"medium\",\"overlay_animation\":\"parallax\",\"overlay_position\":\"center-left\",\"position\":\"relative\",\"show_content\":false,\"show_link\":false,\"show_meta\":false,\"show_thumbnail\":false,\"show_title\":false,\"slidenav\":\"\",\"slidenav_breakpoint\":\"\",\"slidenav_hover\":true,\"slidenav_large\":true,\"slidenav_margin\":\"medium\",\"slidenav_outside_breakpoint\":\"xl\",\"slideshow_animation\":\"fade\",\"slideshow_autoplay\":true,\"slideshow_autoplay_interval\":\"6\",\"slideshow_autoplay_pause\":true,\"slideshow_height\":\"viewport\",\"slideshow_height_offset_top\":false,\"slideshow_height_viewport\":80,\"slideshow_kenburns\":\"alternate\",\"slideshow_kenburns_duration\":\"20\",\"slideshow_min_height\":300,\"slideshow_parallax\":false,\"slideshow_parallax_easing\":\"0.3\",\"slideshow_ratio\":\"16:9\",\"text_color\":\"light\",\"thumbnav_height\":\"75\",\"thumbnav_nowrap\":true,\"thumbnav_svg_color\":\"emphasis\",\"thumbnav_width\":\"100\",\"title_element\":\"h3\",\"title_hover_style\":\"reset\"},\"children\":[{\"type\":\"slideshow_item\",\"props\":{\"image\":\"wp-content\\\/uploads\\\/2024\\\/04\\\/Walnut_Black_2.jpg\"}}]},{\"type\":\"panel\",\"props\":{\"content\":\"\",\"content_column_breakpoint\":\"m\",\"icon_width\":80,\"image_align\":\"top\",\"image_grid_breakpoint\":\"m\",\"image_grid_width\":\"1-2\",\"image_svg_color\":\"emphasis\",\"link_style\":\"default\",\"link_text\":\"Read more\",\"margin\":\"default\",\"margin_remove_bottom\":true,\"meta_align\":\"below-title\",\"meta_element\":\"div\",\"meta_style\":\"h4\",\"position\":\"absolute\",\"position_bottom\":\"5vh\",\"position_z_index\":\"3\",\"text_align\":\"center\",\"title_align\":\"top\",\"title_element\":\"h1\",\"title_grid_breakpoint\":\"m\",\"title_grid_width\":\"1-2\",\"title_hover_style\":\"reset\",\"title_style\":\"heading-medium\"},\"source_extended\":{\"props\":{\"title\":{\"filters\":{\"search\":\"\"},\"name\":\"field.hero.hero_h1\",\"query\":{\"name\":\"pages.singlePage\"}},\"meta\":{\"filters\":{\"search\":\"\"},\"name\":\"field.hero.hero_sub_header\",\"query\":{\"name\":\"pages.singlePage\"}}}}}]}]}],\"name\":\"Template: Hero 240828\"},{\"type\":\"section\",\"props\":{\"height_offset_top\":false,\"height_viewport\":30,\"image_position\":\"center-center\",\"padding_remove_horizontal\":false,\"style\":\"muted\",\"title_breakpoint\":\"xl\",\"title_position\":\"top-left\",\"title_rotation\":\"left\",\"vertical_align\":\"middle\",\"width\":\"default\"},\"children\":[{\"type\":\"row\",\"children\":[{\"type\":\"column\",\"props\":{\"image_position\":\"center-center\",\"position_sticky_breakpoint\":\"m\",\"vertical_align\":\"middle\",\"width_medium\":\"1-2\"},\"children\":[{\"type\":\"panel\",\"props\":{\"content\":\"\n\n<p>Vi tillverkar akustikpaneler i prefabricerade moduler, vilket g\\u00f6r dem enkla att montera b\\u00e5de p\\u00e5 v\\u00e4ggar och i tak.<\\\/p> \n\n<p>Den enkla installationen g\\u00f6r Fjordwall-panelerna till ett perfekt g\\u00f6r-det-sj\\u00e4lv-projekt!<\\\/p>\",\"content_column_breakpoint\":\"m\",\"icon\":\"\",\"icon_width\":80,\"image_align\":\"top\",\"image_grid_breakpoint\":\"m\",\"image_grid_width\":\"1-2\",\"image_svg_color\":\"emphasis\",\"link_style\":\"primary\",\"link_target\":true,\"link_text\":\"Watch how to install panels\",\"margin\":\"default\",\"meta\":\"Snabb och enkel att montera\",\"meta_align\":\"below-title\",\"meta_element\":\"div\",\"meta_style\":\"h5\",\"title\":\"S\\u00e5 monterar du en akustikpanel\",\"title_align\":\"top\",\"title_color\":\"primary\",\"title_element\":\"h3\",\"title_grid_breakpoint\":\"m\",\"title_grid_width\":\"1-2\",\"title_hover_style\":\"reset\",\"title_style\":\"heading-medium\"}},{\"type\":\"button\",\"props\":{\"content\":\"\n\n<p>We produce acoustic panels in prefabricated modules, which makes it easy to mount them on both walls and ceilings.<\\\/p>\\n\n\n<p>The simple installation makes BY VEN\\u00d8 panels a perfect DIY project!<\\\/p>\",\"grid_column_gap\":\"small\",\"grid_row_gap\":\"small\",\"margin\":\"default\"},\"children\":[{\"type\":\"button_item\",\"props\":{\"button_style\":\"primary\",\"content\":\"Se hur du monterar panelerna\",\"dialog_layout\":\"modal\",\"dialog_offcanvas_flip\":true,\"icon_align\":\"left\",\"image_height\":\"1080\",\"image_width\":\"1920\",\"link\":\"https:\\\/\\\/vimeo.com\\\/848608866\",\"link_target\":\"modal\"}}]}]},{\"type\":\"column\",\"props\":{\"image_position\":\"center-center\",\"position_sticky_breakpoint\":\"m\",\"width_medium\":\"1-2\"},\"children\":[{\"type\":\"image\",\"props\":{\"image\":\"wp-content\\\/uploads\\\/2025\\\/05\\\/Thumbnail-mount-2-9bb5aba9.webp\",\"image_height\":960,\"image_svg_color\":\"emphasis\",\"image_width\":960,\"lightbox_height\":\"1080\",\"lightbox_width\":\"1920\",\"link\":\"https:\\\/\\\/vimeo.com\\\/848608866\",\"link_target\":\"modal\",\"margin\":\"default\"}}]}],\"props\":{\"layout\":\"1-2,1-2\"}}]},{\"type\":\"section\",\"props\":{\"image_position\":\"center-center\",\"style\":\"default\",\"title_breakpoint\":\"xl\",\"title_position\":\"top-left\",\"title_rotation\":\"left\",\"vertical_align\":\"middle\",\"width\":\"default\"},\"children\":[{\"type\":\"row\",\"children\":[{\"type\":\"column\",\"props\":{\"image_position\":\"center-center\",\"position_sticky_breakpoint\":\"m\"},\"children\":[{\"type\":\"panel\",\"props\":{\"content\":\"\n\n<p><strong>DIREKT P\\u00c5 V\\u00c4GG:<\\\/strong> <br \\\/>Monteringslim: Applicera limmet p\\u00e5 panelen och s\\u00e4tt den mot v\\u00e4ggen. Se till att trycka fast den ordentligt. Skruvar: Skruva fast panelen genom filten och in i v\\u00e4ggen. Vi rekommenderar att anv\\u00e4nda 15 skruvar per panel, enligt illustrationen till h\\u00f6ger. Kom ih\\u00e5g att anv\\u00e4nda plugg om din v\\u00e4ggtyp kr\\u00e4ver det.<\\\/p> \n\n<p><strong>P\\u00c5 EN REGELSTOMME:<\\\/strong><br \\\/>F\\u00f6r optimal ljudabsorption, bygg en stomme med 45 mm reglar p\\u00e5 din v\\u00e4gg. Vi rekommenderar ett avst\\u00e5nd p\\u00e5 600 mm mellan reglarna. L\\u00e4gg mineralull mellan reglarna. Skruva fast panelen p\\u00e5 stommen genom filten.<\\\/p> \n\n<p><strong>KAPNING AV PANELER:<\\\/strong> <br \\\/>Om du beh\\u00f6ver justera panelerna i l\\u00e4ngd eller bredd kan du enkelt kapa dem till r\\u00e4tt storlek. F\\u00f6r att justera l\\u00e4ngden p\\u00e5 panelen rekommenderar vi en vass s\\u00e5g (t.ex. en s\\u00e4nks\\u00e5g) f\\u00f6r att s\\u00e5ga genom b\\u00e5de ribbor och filt. F\\u00f6r att justera bredden kan du anv\\u00e4nda en hobbykniv f\\u00f6r att sk\\u00e4ra genom filten.<\\\/p>\",\"content_column_breakpoint\":\"m\",\"icon_width\":80,\"image\":\"wp-content\\\/uploads\\\/2025\\\/05\\\/Standard-Monteringsillustration-a7913488.webp\",\"image_align\":\"left\",\"image_grid_breakpoint\":\"m\",\"image_grid_width\":\"1-2\",\"image_svg_color\":\"emphasis\",\"image_vertical_align\":true,\"image_width\":250,\"link_style\":\"default\",\"link_text\":\"Read more\",\"margin\":\"default\",\"meta_align\":\"below-title\",\"meta_element\":\"div\",\"meta_style\":\"text-meta\",\"title\":\"Snabbguide:\",\"title_align\":\"top\",\"title_element\":\"h3\",\"title_grid_breakpoint\":\"m\",\"title_grid_width\":\"1-2\",\"title_hover_style\":\"reset\",\"title_style\":\"heading-small\"}}]}]}]},{\"type\":\"section\",\"props\":{\"height\":\"viewport\",\"height_offset_top\":false,\"height_viewport\":30,\"id\":\"oil\",\"image_position\":\"center-center\",\"style\":\"muted\",\"title_breakpoint\":\"xl\",\"title_position\":\"top-left\",\"title_rotation\":\"left\",\"vertical_align\":\"middle\",\"width\":\"default\"},\"children\":[{\"type\":\"row\",\"children\":[{\"type\":\"column\",\"props\":{\"image_position\":\"center-center\",\"position_sticky_breakpoint\":\"m\",\"vertical_align\":\"middle\",\"width_medium\":\"1-2\"},\"children\":[{\"type\":\"panel\",\"props\":{\"content\":\"\n\n<p>Om du vill ge dina Fjordwall-paneler ett annat utseende \\u00e4n den obehandlade tr\\u00e4ytan, rekommenderar vi att du provar v\\u00e5ra oljebehandlingar.<\\\/p> \n\n<p>Du har friheten att v\\u00e4lja den olja som passar perfekt till estetiken i ditt hem eller p\\u00e5 din arbetsplats. V\\u00e5r v\\u00e5rdande olja finns i fem vackra nyanser: svart, gr\\u00e5, antik, natur och vit.<\\\/p>\",\"content_column_breakpoint\":\"m\",\"icon_width\":80,\"image_align\":\"top\",\"image_grid_breakpoint\":\"m\",\"image_grid_width\":\"1-2\",\"image_svg_color\":\"emphasis\",\"link_style\":\"primary\",\"link_target\":true,\"link_text\":\"Watch how to apply oil\",\"margin\":\"default\",\"meta\":\"hur du oljar paneler\",\"meta_align\":\"below-title\",\"meta_element\":\"div\",\"meta_style\":\"h5\",\"title\":\"S\\u00e5 applicerar du v\\u00e5rdande olja p\\u00e5 dina paneler\",\"title_align\":\"top\",\"title_color\":\"primary\",\"title_element\":\"h3\",\"title_grid_breakpoint\":\"m\",\"title_grid_width\":\"1-2\",\"title_hover_style\":\"reset\",\"title_style\":\"heading-medium\"}},{\"type\":\"button\",\"props\":{\"content\":\"\n\n<p>We produce acoustic panels in prefabricated modules, which makes it easy to mount them on both walls and ceilings.<\\\/p>\\n\n\n<p>The simple installation makes BY VEN\\u00d8 panels a perfect DIY project!<\\\/p>\",\"grid_column_gap\":\"small\",\"grid_row_gap\":\"small\",\"margin\":\"default\"},\"children\":[{\"type\":\"button_item\",\"props\":{\"button_style\":\"primary\",\"content\":\"Se hur du applicerar olja\",\"dialog_layout\":\"modal\",\"dialog_offcanvas_flip\":true,\"icon_align\":\"left\",\"image_height\":\"1080\",\"image_width\":\"1920\",\"link\":\"https:\\\/\\\/vimeo.com\\\/848322912\",\"link_target\":\"modal\"}}]}]},{\"type\":\"column\",\"props\":{\"image_position\":\"center-center\",\"position_sticky_breakpoint\":\"m\",\"width_medium\":\"1-2\"},\"children\":[{\"type\":\"image\",\"props\":{\"image\":\"wp-content\\\/uploads\\\/2025\\\/05\\\/Thumbnail-oil-1-36c9392c.webp\",\"image_height\":960,\"image_svg_color\":\"emphasis\",\"image_width\":960,\"lightbox_height\":\"1080\",\"lightbox_width\":\"1920\",\"link\":\"https:\\\/\\\/vimeo.com\\\/848322912\",\"link_target\":\"modal\",\"margin\":\"default\"}}]}],\"props\":{\"layout\":\"1-2,1-2\"}}],\"name\":\"Oil\"},{\"type\":\"section\",\"props\":{\"image_position\":\"center-center\",\"style\":\"default\",\"title_breakpoint\":\"xl\",\"title_position\":\"top-left\",\"title_rotation\":\"left\",\"vertical_align\":\"middle\",\"width\":\"default\"},\"children\":[{\"type\":\"row\",\"children\":[{\"type\":\"column\",\"props\":{\"image_position\":\"center-center\",\"position_sticky_breakpoint\":\"m\"},\"children\":[{\"type\":\"panel\",\"props\":{\"content\":\"\n\n<p><strong>Det du beh\\u00f6ver:<\\\/strong><\\\/p> \n\n<ul> \n\n<li>Olja<\\\/li> \n\n<li>Rulle<\\\/li> \n\n<li>Trasa eller en gammal tygbit<\\\/li> \n\n<li>F\\u00e4rgbricka<\\\/li> \n\n<li>Eng\\u00e5ngshandskar<\\\/li> <\\\/ul> \n\n<p><\\\/p> \n\n<p><strong>Steg:<\\\/strong><\\\/p> \n\n<ol> \n\n<li>Skaka underh\\u00e5llsoljan ordentligt och h\\u00e4ll den i f\\u00e4rgbrickan<\\\/li> \n\n<li>M\\u00e4tta m\\u00e5larrollen med olja<\\\/li> \n\n<li>Ta bort \\u00f6verfl\\u00f6dig olja fr\\u00e5n rullen f\\u00f6r att undvika rinningar och oj\\u00e4mnheter<\\\/li> \n\n<li>Applicera oljan f\\u00f6rsiktigt l\\u00e4ngs med tr\\u00e4ets \\u00e5dring<\\\/li> \n\n<li>Undvik att f\\u00e5 olja p\\u00e5 panelens kanter<\\\/li> \n\n<li>N\\u00e4r panelen \\u00e4r j\\u00e4mnt inoljad, torka bort eventuell \\u00f6verfl\\u00f6dig olja med en trasa<\\\/li> \n\n<li>L\\u00e5t torka i 8\\u201312 timmar innan du monterar ditt akustikpanel<br \\\/><br \\\/><br \\\/><\\\/li> <\\\/ol>\",\"content_column_breakpoint\":\"m\",\"icon_width\":80,\"image\":\"wp-content\\\/uploads\\\/2025\\\/05\\\/Antique_Oil_Sample-1-5dc612a4.webp\",\"image_align\":\"left\",\"image_grid_breakpoint\":\"m\",\"image_grid_width\":\"1-2\",\"image_svg_color\":\"emphasis\",\"image_vertical_align\":true,\"link_style\":\"default\",\"link_text\":\"Read more\",\"margin\":\"default\",\"meta_align\":\"below-title\",\"meta_element\":\"div\",\"meta_style\":\"text-meta\",\"title\":\"Snabbguide:\",\"title_align\":\"top\",\"title_element\":\"h3\",\"title_grid_breakpoint\":\"m\",\"title_grid_width\":\"1-2\",\"title_hover_style\":\"reset\",\"title_style\":\"heading-small\"}}]}]}]}],\"version\":\"4.5.15\",\"yooessentialsVersion\":\"2.3.12\"} --><\/p>\n","protected":false},"excerpt":{"rendered":"<p>S\u00e5 monterar du en akustikpanel Snabb och enkel att montera Vi tillverkar akustikpaneler i prefabricerade moduler, vilket g\u00f6r dem enkla att montera b\u00e5de p\u00e5 v\u00e4ggar och i tak. Den enkla installationen g\u00f6r Fjordwall-panelerna till ett perfekt g\u00f6r-det-sj\u00e4lv-projekt! Se hur du monterar panelerna Snabbguide: DIREKT P\u00c5 V\u00c4GG: Monteringslim: Applicera limmet p\u00e5 panelen och s\u00e4tt den mot [&hellip;]<\/p>\n","protected":false},"author":12,"featured_media":0,"parent":0,"menu_order":0,"comment_status":"closed","ping_status":"closed","template":"","meta":{"_acf_changed":false,"_monsterinsights_skip_tracking":false,"_monsterinsights_sitenote_active":false,"_monsterinsights_sitenote_note":"","_monsterinsights_sitenote_category":0,"footnotes":""},"pagetype":[],"class_list":["post-3377","page","type-page","status-publish","hentry"],"acf":[],"aioseo_notices":[],"_links":{"self":[{"href":"https:\/\/www.fjordwall.com\/sv\/wp-json\/wp\/v2\/pages\/3377","targetHints":{"allow":["GET"]}}],"collection":[{"href":"https:\/\/www.fjordwall.com\/sv\/wp-json\/wp\/v2\/pages"}],"about":[{"href":"https:\/\/www.fjordwall.com\/sv\/wp-json\/wp\/v2\/types\/page"}],"author":[{"embeddable":true,"href":"https:\/\/www.fjordwall.com\/sv\/wp-json\/wp\/v2\/users\/12"}],"replies":[{"embeddable":true,"href":"https:\/\/www.fjordwall.com\/sv\/wp-json\/wp\/v2\/comments?post=3377"}],"version-history":[{"count":5,"href":"https:\/\/www.fjordwall.com\/sv\/wp-json\/wp\/v2\/pages\/3377\/revisions"}],"predecessor-version":[{"id":3392,"href":"https:\/\/www.fjordwall.com\/sv\/wp-json\/wp\/v2\/pages\/3377\/revisions\/3392"}],"wp:attachment":[{"href":"https:\/\/www.fjordwall.com\/sv\/wp-json\/wp\/v2\/media?parent=3377"}],"wp:term":[{"taxonomy":"pagetype","embeddable":true,"href":"https:\/\/www.fjordwall.com\/sv\/wp-json\/wp\/v2\/pagetype?post=3377"}],"curies":[{"name":"wp","href":"https:\/\/api.w.org\/{rel}","templated":true}]}}