{"id":3050,"date":"2024-10-17T14:58:45","date_gmt":"2024-10-17T12:58:45","guid":{"rendered":"https:\/\/www.fjordwall.com\/retailers\/"},"modified":"2024-10-22T14:29:08","modified_gmt":"2024-10-22T12:29:08","slug":"aterforsaljare","status":"publish","type":"page","link":"https:\/\/www.fjordwall.com\/sv\/aterforsaljare\/","title":{"rendered":"\u00c5terf\u00f6rs\u00e4ljare"},"content":{"rendered":"","protected":false},"excerpt":{"rendered":"","protected":false},"author":12,"featured_media":0,"parent":0,"menu_order":0,"comment_status":"closed","ping_status":"closed","template":"","meta":{"_acf_changed":false,"_monsterinsights_skip_tracking":false,"_monsterinsights_sitenote_active":false,"_monsterinsights_sitenote_note":"","_monsterinsights_sitenote_category":0,"footnotes":""},"pagetype":[47],"class_list":["post-3050","page","type-page","status-publish","hentry","pagetype-retailer"],"acf":[],"aioseo_notices":[],"_links":{"self":[{"href":"https:\/\/www.fjordwall.com\/sv\/wp-json\/wp\/v2\/pages\/3050","targetHints":{"allow":["GET"]}}],"collection":[{"href":"https:\/\/www.fjordwall.com\/sv\/wp-json\/wp\/v2\/pages"}],"about":[{"href":"https:\/\/www.fjordwall.com\/sv\/wp-json\/wp\/v2\/types\/page"}],"author":[{"embeddable":true,"href":"https:\/\/www.fjordwall.com\/sv\/wp-json\/wp\/v2\/users\/12"}],"replies":[{"embeddable":true,"href":"https:\/\/www.fjordwall.com\/sv\/wp-json\/wp\/v2\/comments?post=3050"}],"version-history":[{"count":1,"href":"https:\/\/www.fjordwall.com\/sv\/wp-json\/wp\/v2\/pages\/3050\/revisions"}],"predecessor-version":[{"id":3053,"href":"https:\/\/www.fjordwall.com\/sv\/wp-json\/wp\/v2\/pages\/3050\/revisions\/3053"}],"wp:attachment":[{"href":"https:\/\/www.fjordwall.com\/sv\/wp-json\/wp\/v2\/media?parent=3050"}],"wp:term":[{"taxonomy":"pagetype","embeddable":true,"href":"https:\/\/www.fjordwall.com\/sv\/wp-json\/wp\/v2\/pagetype?post=3050"}],"curies":[{"name":"wp","href":"https:\/\/api.w.org\/{rel}","templated":true}]}}