{"id":69,"date":"2018-12-13T12:15:32","date_gmt":"2018-12-13T11:15:32","guid":{"rendered":"https:\/\/www.fjordwall.com\/about\/"},"modified":"2026-03-24T15:20:00","modified_gmt":"2026-03-24T14:20:00","slug":"woodpanels","status":"publish","type":"page","link":"https:\/\/www.fjordwall.com\/de\/woodpanels\/","title":{"rendered":"Holz Paneele"},"content":{"rendered":"\r\n<h1>Holz Paneele<\/h1>\r\n<p><img decoding=\"async\" title=\"wood_walnut\" src=\"https:\/\/stage.fjordwall.com\/wp-content\/uploads\/bb-plugin\/cache\/wood_walnut-circle.jpg\" alt=\"wood_walnut\" \/><\/p>\r\n<h4>Walnuss<\/h4>\r\n<p><img decoding=\"async\" title=\"wood_oak_greyfelt\" src=\"https:\/\/stage.fjordwall.com\/wp-content\/uploads\/bb-plugin\/cache\/wood_oak_greyfelt-circle.jpg\" alt=\"wood_oak_greyfelt\" \/><\/p>\r\n<h4>Eiche Filz Grau<\/h4>\r\n<p><img decoding=\"async\" title=\"wood_oakgrey\" src=\"https:\/\/stage.fjordwall.com\/wp-content\/uploads\/bb-plugin\/cache\/wood_oakgrey-circle.jpg\" alt=\"wood_oakgrey\" \/><\/p>\r\n<h4>Eiche Grau<\/h4>\r\n<h3>Holz Paneele<\/h3>\r\n<p>Der nordische Stil zeichnet sich durch die Verwendung von Holz und organischen Produkten aus. Daher sind Akustikpaneele mit echtem Holzfurnier ein nat\u00fcrlicher Bestandteil des Fjordwalls-Sortiments.<\/p>\r\n<p>Die Struktur des Holzes und seine warmen Farben laden zur Ruhe und Entspannung ein und vermitteln ein Gef\u00fchl der W\u00e4rme und Geborgenheit.<\/p>\r\n<p>&#8222;Fjordwall&#8220; &#8222;Fjordwall&#8220; Akustikpaneele &#8211; ob mit Echtholzfurnieren oder mit einer bunten Oberfl\u00e4che aus Laminat oder Linoleum &#8211; ist die perfekte Wahl f\u00fcr das Wohnzimmer, das Schlafzimmer, die gem\u00fctliche Ecke &#8211; wo auch immer du eine entspannte Atmosph\u00e4re schaffen m\u00f6chtest.<\/p>\r\n<h3>Ma\u00dfe<\/h3>\r\n<p>Breite: 32 &amp; 60 cm <br \/>L\u00e4nge: 60, 120, 240, 300 &amp; 360 cm <br \/>Wird mit schwarzem und grauem Filz geliefert.<\/p>\r\n<p><em>Sitznische mit Akustikpaneelen in Eiche. Die warme nat\u00fcrliche Farbe umarmt und l\u00e4dt zu einer stressfreien und ruhigen Umgebung ein. <\/em><\/p>\r\n<nav>\r\n<ul>\r\n<li tabindex=\"0\" data-index=\"0\">\r\n<h5><a tabindex=\"-1\">Datenblatt <\/a><\/h5>\r\n<\/li>\r\n<li tabindex=\"0\" data-index=\"1\">\r\n<h5><a tabindex=\"-1\">Test <\/a><\/h5>\r\n<\/li>\r\n<\/ul>\r\n<\/nav>\r\n<p>Download data sheet <a href=\"https:\/\/issuu.com\/fogveno\/docs\/en_datablad_fjordwall_traepaneler\" target=\"_blank\" rel=\"noopener\">here<\/a><\/p>\r\n<p><a href=\"https:\/\/stage.fjordwall.com\/wp-content\/uploads\/2023\/09\/392-2023-00275101_CA_DE_Fog-Veno_AgBB-Testat.pdf\" target=\"_blank\" rel=\"noopener\">AgBB test<\/a><\/p>\r\n<!-- \/content --><!-- \/tabs -->","protected":false},"excerpt":{"rendered":"","protected":false},"author":12,"featured_media":0,"parent":0,"menu_order":0,"comment_status":"closed","ping_status":"closed","template":"","meta":{"_acf_changed":false,"_monsterinsights_skip_tracking":false,"_monsterinsights_sitenote_active":false,"_monsterinsights_sitenote_note":"","_monsterinsights_sitenote_category":0,"footnotes":""},"pagetype":[42],"class_list":["post-69","page","type-page","status-publish","hentry","pagetype-product-category"],"acf":[],"aioseo_notices":[],"_links":{"self":[{"href":"https:\/\/www.fjordwall.com\/de\/wp-json\/wp\/v2\/pages\/69","targetHints":{"allow":["GET"]}}],"collection":[{"href":"https:\/\/www.fjordwall.com\/de\/wp-json\/wp\/v2\/pages"}],"about":[{"href":"https:\/\/www.fjordwall.com\/de\/wp-json\/wp\/v2\/types\/page"}],"author":[{"embeddable":true,"href":"https:\/\/www.fjordwall.com\/de\/wp-json\/wp\/v2\/users\/12"}],"replies":[{"embeddable":true,"href":"https:\/\/www.fjordwall.com\/de\/wp-json\/wp\/v2\/comments?post=69"}],"version-history":[{"count":5,"href":"https:\/\/www.fjordwall.com\/de\/wp-json\/wp\/v2\/pages\/69\/revisions"}],"predecessor-version":[{"id":3938,"href":"https:\/\/www.fjordwall.com\/de\/wp-json\/wp\/v2\/pages\/69\/revisions\/3938"}],"wp:attachment":[{"href":"https:\/\/www.fjordwall.com\/de\/wp-json\/wp\/v2\/media?parent=69"}],"wp:term":[{"taxonomy":"pagetype","embeddable":true,"href":"https:\/\/www.fjordwall.com\/de\/wp-json\/wp\/v2\/pagetype?post=69"}],"curies":[{"name":"wp","href":"https:\/\/api.w.org\/{rel}","templated":true}]}}