{"id":580,"date":"2023-06-07T11:35:48","date_gmt":"2023-06-07T09:35:48","guid":{"rendered":"https:\/\/www.fjordwall.com\/?page_id=580"},"modified":"2024-04-16T11:51:07","modified_gmt":"2024-04-16T09:51:07","slug":"design-paneele","status":"publish","type":"page","link":"https:\/\/www.fjordwall.com\/de\/design-paneele\/","title":{"rendered":"Design Paneele"},"content":{"rendered":"\n\n\t\t\t<h1>Design Paneele<\/h1>\t\t\t\n\t<h3>Design Paneele<\/h3>\n<p>Viele verwenden Akustikpaneele ausschlie\u00dflich aufgrund des \u00e4sthetischen Ausdrucks. Das hat uns dazu veranlasst, Designpaneele zu entwickeln, bei denen wir mit der visuellen Gestaltung spielen und v\u00f6llig neue M\u00f6glichkeiten schaffen k\u00f6nnen.<\/p>\n<p>Bei diesen Produkten steht das Design im Vordergrund, nicht die Akustik.<\/p>\n<p><strong>Gestalte deinen eigenen Ausdruck<\/strong><\/p>\n<p>Sowohl Hexagon als auch Rauten k\u00f6nnen so kombiniert werden, dass sie das gew\u00fcnschte Bild und den gew\u00fcnschten Ausdruck erzeugen. Wenn du handwerklich begabt bist, kannst du auch relativ einfach sch\u00f6ne Wirkungen mit LED-Licht erzeugen und so Tiefe und Lichteffekte schaffen.<\/p>\n\t\t\t\t<img decoding=\"async\" src=\"https:\/\/stage.fjordwall.com\/wp-content\/uploads\/2023\/06\/hexagon-1.png\" alt=\"hexagon-1\" title=\"hexagon-1\" itemprop=\"image\"\/>\n\t\t<h3>Hexagon<\/h3>\t\t\t\n\t\t\t\t<p>308 x 26,5 x 10 mm<\/p>\n\t\t\t\t<img decoding=\"async\" src=\"https:\/\/stage.fjordwall.com\/wp-content\/uploads\/2023\/06\/rhombus-1.png\" alt=\"rhombus-1\" title=\"rhombus-1\" itemprop=\"image\"\/>\n\t\t<h3>Raute<\/h3>\t\t\t\n\t\t\t\t<p>460 x 26,5 x 10 mm<\/p>\n\t<p><em>Wohnzimmerumgebung mit Dekoration mit Hexagon- und Rauten. <\/em><\/p>\n\t\t<nav>\n\t\t\t<ul>\n\t\t\t\t\t\t\t\t<li data-index=\"0\" tabindex=\"0\">\n\t\t\t\t\t<h5>\n\t\t\t\t\t\t<a href=\"javascript:void(0);\" tabindex=\"-1\">Datenblatt\n\t\t\t\t\t\t\t\t\t\t\t\t<\/a>\n\t\t\t\t\t<\/h5>\n\t\t\t\t<\/li>\n\t\t\t\t\t\t\t<\/ul>\n\t\t<\/nav>\n\t\t\t\t\t<p>Laden Sie das Hexagon-Datenblatt <a href=\"https:\/\/issuu.com\/fogveno\/docs\/hexagon-datablad-de\" target=\"_blank\" rel=\"noopener\">hier<\/a><\/p>\n<p>Laden Sie das Rauten-Datenblatt <a href=\"https:\/\/issuu.com\/fogveno\/docs\/rhombus-datablad-de\" target=\"_blank\" rel=\"noopener\">hier<\/a><\/p>\n\t\t\t\t\t<!-- \/content -->\n\t<!-- \/tabs -->\n\n","protected":false},"excerpt":{"rendered":"","protected":false},"author":12,"featured_media":0,"parent":0,"menu_order":0,"comment_status":"closed","ping_status":"closed","template":"","meta":{"_acf_changed":false,"_monsterinsights_skip_tracking":false,"_monsterinsights_sitenote_active":false,"_monsterinsights_sitenote_note":"","_monsterinsights_sitenote_category":0,"footnotes":""},"pagetype":[45],"class_list":["post-580","page","type-page","status-publish","hentry","pagetype-design-panels"],"acf":[],"aioseo_notices":[],"_links":{"self":[{"href":"https:\/\/www.fjordwall.com\/de\/wp-json\/wp\/v2\/pages\/580","targetHints":{"allow":["GET"]}}],"collection":[{"href":"https:\/\/www.fjordwall.com\/de\/wp-json\/wp\/v2\/pages"}],"about":[{"href":"https:\/\/www.fjordwall.com\/de\/wp-json\/wp\/v2\/types\/page"}],"author":[{"embeddable":true,"href":"https:\/\/www.fjordwall.com\/de\/wp-json\/wp\/v2\/users\/12"}],"replies":[{"embeddable":true,"href":"https:\/\/www.fjordwall.com\/de\/wp-json\/wp\/v2\/comments?post=580"}],"version-history":[{"count":2,"href":"https:\/\/www.fjordwall.com\/de\/wp-json\/wp\/v2\/pages\/580\/revisions"}],"predecessor-version":[{"id":2570,"href":"https:\/\/www.fjordwall.com\/de\/wp-json\/wp\/v2\/pages\/580\/revisions\/2570"}],"wp:attachment":[{"href":"https:\/\/www.fjordwall.com\/de\/wp-json\/wp\/v2\/media?parent=580"}],"wp:term":[{"taxonomy":"pagetype","embeddable":true,"href":"https:\/\/www.fjordwall.com\/de\/wp-json\/wp\/v2\/pagetype?post=580"}],"curies":[{"name":"wp","href":"https:\/\/api.w.org\/{rel}","templated":true}]}}