{"id":562,"date":"2023-06-07T11:05:17","date_gmt":"2023-06-07T09:05:17","guid":{"rendered":"https:\/\/www.fjordwall.com\/?page_id=562"},"modified":"2026-01-12T12:13:47","modified_gmt":"2026-01-12T11:13:47","slug":"folierte-paneele","status":"publish","type":"page","link":"https:\/\/www.fjordwall.com\/de\/folierte-paneele\/","title":{"rendered":"Folierte Paneele"},"content":{"rendered":"\r\n<h1>Folierte Paneele<\/h1>\r\n<h3>Folierte Paneele<\/h3>\r\n<p>Unsere praktischsten Akustikpanele sind zweifellos die folierten Paneele. Alle sichtbaren Oberfl\u00e4chen sind mit einer strapazierf\u00e4higen Qualit\u00e4tsfolie bezogen, die sehr leicht zu reinigen ist.\u00a0<\/p>\r\n<p>Wenn du eine andere Optik als die klassischen Holzpaneele w\u00fcnschst, aber dennoch den klassischen Look beibehalten m\u00f6chtest, sind die folierten Akustikpaneele definitiv eine \u00dcberlegung wert.\u00a0<\/p>\r\n<h3>Ma\u00dfe<\/h3>\r\n<p>Breite: 60 cm<br \/>L\u00e4nge: 240 cm<br \/>Wird mit schwarzem und grauem Filz geliefert.<\/p>\r\n<p><img decoding=\"async\" title=\"foiled_full\" src=\"https:\/\/stage.fjordwall.com\/wp-content\/uploads\/2023\/06\/foiled_full.jpg\" alt=\"foiled_full\" \/><\/p>\r\n<p><em>Schlafzimmer mit Giebelwand. Der schwarze Hintergrund sorgt f\u00fcr ein einheitliches und ruhiges Bild, w\u00e4hrend die Lamellenstruktur Lebendigkeit und W\u00e4rme schafft.\u00a0<\/em><\/p>\r\n","protected":false},"excerpt":{"rendered":"","protected":false},"author":12,"featured_media":0,"parent":0,"menu_order":0,"comment_status":"closed","ping_status":"closed","template":"","meta":{"_acf_changed":false,"_monsterinsights_skip_tracking":false,"_monsterinsights_sitenote_active":false,"_monsterinsights_sitenote_note":"","_monsterinsights_sitenote_category":0,"footnotes":""},"pagetype":[42],"class_list":["post-562","page","type-page","status-publish","hentry","pagetype-product-category"],"acf":[],"aioseo_notices":[],"_links":{"self":[{"href":"https:\/\/www.fjordwall.com\/de\/wp-json\/wp\/v2\/pages\/562","targetHints":{"allow":["GET"]}}],"collection":[{"href":"https:\/\/www.fjordwall.com\/de\/wp-json\/wp\/v2\/pages"}],"about":[{"href":"https:\/\/www.fjordwall.com\/de\/wp-json\/wp\/v2\/types\/page"}],"author":[{"embeddable":true,"href":"https:\/\/www.fjordwall.com\/de\/wp-json\/wp\/v2\/users\/12"}],"replies":[{"embeddable":true,"href":"https:\/\/www.fjordwall.com\/de\/wp-json\/wp\/v2\/comments?post=562"}],"version-history":[{"count":4,"href":"https:\/\/www.fjordwall.com\/de\/wp-json\/wp\/v2\/pages\/562\/revisions"}],"predecessor-version":[{"id":3800,"href":"https:\/\/www.fjordwall.com\/de\/wp-json\/wp\/v2\/pages\/562\/revisions\/3800"}],"wp:attachment":[{"href":"https:\/\/www.fjordwall.com\/de\/wp-json\/wp\/v2\/media?parent=562"}],"wp:term":[{"taxonomy":"pagetype","embeddable":true,"href":"https:\/\/www.fjordwall.com\/de\/wp-json\/wp\/v2\/pagetype?post=562"}],"curies":[{"name":"wp","href":"https:\/\/api.w.org\/{rel}","templated":true}]}}