{"id":552,"date":"2023-06-06T15:58:57","date_gmt":"2023-06-06T13:58:57","guid":{"rendered":"https:\/\/www.fjordwall.com\/?page_id=552"},"modified":"2025-09-16T15:53:29","modified_gmt":"2025-09-16T13:53:29","slug":"laminat_paneele","status":"publish","type":"page","link":"https:\/\/www.fjordwall.com\/de\/laminat_paneele\/","title":{"rendered":"Laminat Paneele"},"content":{"rendered":"\r\n<h1>Laminat Paneele<\/h1>\r\n<h3>Laminat Paneele<\/h3>\r\n<p>\u00c4sthetik und Funktionalit\u00e4t kombiniert mit praktischem Nutzen? Unsere Akustikpaneele mit Laminat-Furnier sind die Antwort.<\/p>\r\n<p>Bei erstklassiger Akustikwirkung des Paneels sorgt die Laminatoberfl\u00e4che f\u00fcr eine ansprechende visuelle Wirkung. Laminat ist seit vielen Jahren als eine bevorzugte Wahl f\u00fcr Arbeitsplatten bekannt, auch aufgrund seiner hervorragenden Reinigungsfreundlichkeit.<\/p>\r\n<p>Unsere Laminatpaneele sind f\u00fcr R\u00e4ume und Oberfl\u00e4chen geeignet, die etwas mehr Reinigung erfordern.<\/p>\r\n<h3>Ma\u00dfe<\/h3>\r\n<p>Breite: 60 cm<br \/>L\u00e4nge: 240 cm<br \/>Wird mit schwarzem und grauem Filz geliefert.<\/p>\r\n<p><em>Eingangsbereich mit Laminatpaneelen. Laminat ist ideal f\u00fcr stark frequentierte Bereiche geeignet und leicht zu reinigen Mit unseren Haken (siehe Zubeh\u00f6r) k\u00f6nnen diese Paneele auch als R\u00fcckwand f\u00fcr eine Garderobe dienen. Die Lamellen nehmen keine Farbe von nasser Kleidung auf. <\/em><\/p>\r\n<p>&nbsp;<\/p>\r\n<nav>\r\n<ul>\r\n<li tabindex=\"0\" data-index=\"0\">\r\n<h5><a tabindex=\"-1\">Datenblatt <\/a><\/h5>\r\n<\/li>\r\n<\/ul>\r\n<\/nav>\r\n<p>Laden Sie das Datenblatt <a href=\"https:\/\/issuu.com\/fogveno\/docs\/en_datablad_fjordwall_laminat_v2\" target=\"_blank\" rel=\"noopener\">hier<\/a><\/p>\r\n<!-- \/content --><!-- \/tabs -->","protected":false},"excerpt":{"rendered":"","protected":false},"author":12,"featured_media":0,"parent":0,"menu_order":0,"comment_status":"closed","ping_status":"closed","template":"","meta":{"_acf_changed":false,"_monsterinsights_skip_tracking":false,"_monsterinsights_sitenote_active":false,"_monsterinsights_sitenote_note":"","_monsterinsights_sitenote_category":0,"footnotes":""},"pagetype":[42],"class_list":["post-552","page","type-page","status-publish","hentry","pagetype-product-category"],"acf":[],"aioseo_notices":[],"_links":{"self":[{"href":"https:\/\/www.fjordwall.com\/de\/wp-json\/wp\/v2\/pages\/552","targetHints":{"allow":["GET"]}}],"collection":[{"href":"https:\/\/www.fjordwall.com\/de\/wp-json\/wp\/v2\/pages"}],"about":[{"href":"https:\/\/www.fjordwall.com\/de\/wp-json\/wp\/v2\/types\/page"}],"author":[{"embeddable":true,"href":"https:\/\/www.fjordwall.com\/de\/wp-json\/wp\/v2\/users\/12"}],"replies":[{"embeddable":true,"href":"https:\/\/www.fjordwall.com\/de\/wp-json\/wp\/v2\/comments?post=552"}],"version-history":[{"count":5,"href":"https:\/\/www.fjordwall.com\/de\/wp-json\/wp\/v2\/pages\/552\/revisions"}],"predecessor-version":[{"id":3601,"href":"https:\/\/www.fjordwall.com\/de\/wp-json\/wp\/v2\/pages\/552\/revisions\/3601"}],"wp:attachment":[{"href":"https:\/\/www.fjordwall.com\/de\/wp-json\/wp\/v2\/media?parent=552"}],"wp:term":[{"taxonomy":"pagetype","embeddable":true,"href":"https:\/\/www.fjordwall.com\/de\/wp-json\/wp\/v2\/pagetype?post=552"}],"curies":[{"name":"wp","href":"https:\/\/api.w.org\/{rel}","templated":true}]}}