{"id":543,"date":"2023-06-06T15:42:33","date_gmt":"2023-06-06T13:42:33","guid":{"rendered":"https:\/\/www.fjordwall.com\/?page_id=543"},"modified":"2025-09-16T15:51:59","modified_gmt":"2025-09-16T13:51:59","slug":"lux_paneele","status":"publish","type":"page","link":"https:\/\/www.fjordwall.com\/de\/lux_paneele\/","title":{"rendered":"LUX Paneele"},"content":{"rendered":"\r\n<h1>LUX Paneele<\/h1>\r\n<p><img decoding=\"async\" title=\"lux_oak\" src=\"https:\/\/stage.fjordwall.com\/wp-content\/uploads\/bb-plugin\/cache\/lux_oak-circle.jpg\" alt=\"lux_oak\" \/><\/p>\r\n<h4>Eiche<\/h4>\r\n<p><img decoding=\"async\" title=\"lux_walnut\" src=\"https:\/\/stage.fjordwall.com\/wp-content\/uploads\/bb-plugin\/cache\/lux_walnut-circle.jpg\" alt=\"lux_walnut\" \/><\/p>\r\n<h4>Walnuss<\/h4>\r\n<p><img decoding=\"async\" title=\"lux_smokedoak\" src=\"https:\/\/stage.fjordwall.com\/wp-content\/uploads\/bb-plugin\/cache\/lux_smokedoak-circle.jpg\" alt=\"lux_smokedoak\" \/><\/p>\r\n<h4>Ger\u00e4uchert Eiche<\/h4>\r\n<h3>LUX Paneele<\/h3>\r\n<p>Unsere LUX-Paneele unterscheiden sich von unseren anderen Akustikpaneelen durch breitere Lamellen und solche Lamellen, bei denen das echte Holzfurnier auf Vorder- und Seitenfl\u00e4chen sichtbar ist. Dies verleiht einen einzigartigen Ausdruck.<\/p>\r\n<p>Das Gesamterlebnis ist eine visuell gleichm\u00e4\u00dfige Oberfl\u00e4che, bei der die Struktur des Holzes zum Leben erweckt wird. Du wirst erleben, wie du die Natur in dein Zuhause eingeladen hast.<\/p>\r\n<p>LUX wird in 3 klassischen Furnieren geliefert. Welche du w\u00e4hlst, liegt ganz bei deinem Geschmack.<\/p>\r\n<h3>Ma\u00dfe<\/h3>\r\n<p>Breite: 60 cm<br \/>L\u00e4nge: 240 cm<br \/>Wird mit schwarzem und grauem Filz geliefert.<\/p>\r\n<p><em>Schlafzimmer mit einer Wand aus LUX-Paneele. LUX-Paneele erm\u00f6glichen ein r\u00e4umliches Naturerleben.<\/em><br \/><em>Die breiten Lamellen und das dreiseitige umwickelte Echtholzfurnier lassen die Struktur des Holzfurniers noch lebendiger wirken.<\/em><\/p>\r\n<nav>\r\n<ul>\r\n<li tabindex=\"0\" data-index=\"0\">\r\n<h5><a tabindex=\"-1\">Datenblatt <\/a><\/h5>\r\n<\/li>\r\n<\/ul>\r\n<\/nav>\r\n<p>Laden Sie das Datenblatt <a href=\"https:\/\/issuu.com\/fogveno\/docs\/lux-datablad-de\" target=\"_blank\" rel=\"noopener\">hier<\/a><\/p>\r\n<!-- \/content --><!-- \/tabs -->","protected":false},"excerpt":{"rendered":"","protected":false},"author":12,"featured_media":0,"parent":0,"menu_order":0,"comment_status":"closed","ping_status":"closed","template":"","meta":{"_acf_changed":false,"_monsterinsights_skip_tracking":false,"_monsterinsights_sitenote_active":false,"_monsterinsights_sitenote_note":"","_monsterinsights_sitenote_category":0,"footnotes":""},"pagetype":[42],"class_list":["post-543","page","type-page","status-publish","hentry","pagetype-product-category"],"acf":[],"aioseo_notices":[],"_links":{"self":[{"href":"https:\/\/www.fjordwall.com\/de\/wp-json\/wp\/v2\/pages\/543","targetHints":{"allow":["GET"]}}],"collection":[{"href":"https:\/\/www.fjordwall.com\/de\/wp-json\/wp\/v2\/pages"}],"about":[{"href":"https:\/\/www.fjordwall.com\/de\/wp-json\/wp\/v2\/types\/page"}],"author":[{"embeddable":true,"href":"https:\/\/www.fjordwall.com\/de\/wp-json\/wp\/v2\/users\/12"}],"replies":[{"embeddable":true,"href":"https:\/\/www.fjordwall.com\/de\/wp-json\/wp\/v2\/comments?post=543"}],"version-history":[{"count":4,"href":"https:\/\/www.fjordwall.com\/de\/wp-json\/wp\/v2\/pages\/543\/revisions"}],"predecessor-version":[{"id":3596,"href":"https:\/\/www.fjordwall.com\/de\/wp-json\/wp\/v2\/pages\/543\/revisions\/3596"}],"wp:attachment":[{"href":"https:\/\/www.fjordwall.com\/de\/wp-json\/wp\/v2\/media?parent=543"}],"wp:term":[{"taxonomy":"pagetype","embeddable":true,"href":"https:\/\/www.fjordwall.com\/de\/wp-json\/wp\/v2\/pagetype?post=543"}],"curies":[{"name":"wp","href":"https:\/\/api.w.org\/{rel}","templated":true}]}}