{"id":440,"date":"2023-05-10T11:00:15","date_gmt":"2023-05-10T09:00:15","guid":{"rendered":"https:\/\/www.fjordwall.com\/?page_id=440"},"modified":"2026-01-28T11:07:54","modified_gmt":"2026-01-28T10:07:54","slug":"home","status":"publish","type":"page","link":"https:\/\/www.fjordwall.com\/de\/","title":{"rendered":"Titelseite"},"content":{"rendered":"<p><img decoding=\"async\" src=\"\/wp-content\/uploads\/2024\/02\/fjordwall-logo_inv.svg\" alt=\"\"><\/p>\n<div>\n<h3>Qualit\u00e4t die Begeistert<\/h3>\n<\/div>\n<div>\n<p>        <img decoding=\"async\" src=\"\/wp-content\/uploads\/2025\/11\/5715579034527_MOOD2.jpg\" alt=\"\"><\/p>\n<h2>Neuheit:<\/h2>\n<p>Nordic Outdoor Paneele<\/p>\n<div>\n<p data-start=\"161\" data-end=\"306\">Wir erweitern das Fjordwall-Universum \u2013 unsere Paneele k\u00f6nnen jetzt auch im Au\u00dfenbereich eingesetzt werden.<\/p>\n<p data-start=\"308\" data-end=\"598\">Mit den neuen Nordic Outdoor Paneelen kannst du den gleichen ruhigen, nordischen Ausdruck auch in deine Au\u00dfenr\u00e4ume bringen. Die Serie wurde f\u00fcr Terrassen, Fassaden und Au\u00dfenbereiche entwickelt, in denen sch\u00f6nes Design, nat\u00fcrliche Materialien und lange Haltbarkeit Hand in Hand gehen sollen.<\/p>\n<p data-start=\"600\" data-end=\"904\">W\u00e4hle zwischen vier sorgf\u00e4ltig entwickelten Varianten \u2013 Design, FLEX, PRO and FR PRO \u2013 die jeweils ihre eigenen Vorteile je nach Projekt bieten. Ganz gleich, welche Variante du w\u00e4hlst: Du erh\u00e4ltst einen zeitlosen nordischen Look, nat\u00fcrliche W\u00e4rme und eine L\u00f6sung, die viele Jahre Bestand hat.<\/p>\n<\/div>\n<p><a href=\"https:\/\/www.fjordwall.com\/de\/nordic-outdoor-paneele\/\">Entdecke die Neuheiten hier <span uk-icon=\"icon: arrow-right\"><\/span><\/a><\/p>\n<\/div>\n<div>\n<h2>Unsere Produkte<\/h2>\n<p>Willkommen in der Welt von Fjordwall<\/p>\n<div>\n<p>Fjordwall ist Ihr Garant f\u00fcr eine gro\u00dfe Auswahl an Qualit\u00e4tsprodukten im Bereich Akustikpaneelen und Akustikprodukte \u2013 im nordischen Design.<\/p>\n<ul>\n<li>FSC\u00ae-zertifiziertes Holz<\/li>\n<li>Unser Filz besteht zu mindestens 50 % aus recyceltem Material<\/li>\n<li>Hergestellt in D\u00e4nemark<\/li>\n<li>Verantwortungsvolle Produktion mit R\u00fccksicht auf die Umwelt<\/li>\n<li>Gro\u00dfe Auswahl an verschiedenen Designs<\/li>\n<\/ul>\n<\/div>\n<\/div>\n<ul>\n<li>\n<p>        <img decoding=\"async\" src=\"\/wp-content\/uploads\/2023\/07\/Akustikpaneel-_Fjordwall_-Eiche-1.png\" alt=\"\"><\/p>\n<h3>Holz Paneele<\/h3>\n<p><a href=\"https:\/\/www.fjordwall.com\/de\/woodpanels\/\">Mehr info<\/a><\/p>\n<\/li>\n<li>\n<p>        <img decoding=\"async\" src=\"\/wp-content\/uploads\/2023\/07\/Akustikpaneel-_Fjordwall_Linoleum-_Blau_-scaled.jpg\" alt=\"\"><\/p>\n<h3>Linoleum Paneele<\/h3>\n<p><a href=\"https:\/\/www.fjordwall.com\/de\/linoleum_paneele\/\">Mehr info<\/a><\/p>\n<\/li>\n<li>\n<p>        <img decoding=\"async\" src=\"\/wp-content\/uploads\/2024\/02\/Black-1-scaled.jpg\" alt=\"\"><\/p>\n<h3>Foilerte Paneele<\/h3>\n<p><a href=\"https:\/\/www.fjordwall.com\/de\/folierte-paneele\/\">Mehr info<\/a><\/p>\n<\/li>\n<li>\n<p>        <img decoding=\"async\" src=\"\/wp-content\/uploads\/2023\/07\/Akustikpaneel-_Fjordwall_-laminieren.png\" alt=\"\"><\/p>\n<h3>Laminat Paneele<\/h3>\n<p><a href=\"https:\/\/www.fjordwall.com\/de\/laminat_paneele\/\">Mehr info<\/a><\/p>\n<\/li>\n<li>\n<p>        <img decoding=\"async\" src=\"\/wp-content\/uploads\/2023\/07\/Akustikpaneel-_Fjordwall_-Walnuss.png\" alt=\"\"><\/p>\n<h3>LUX Paneele<\/h3>\n<p><a href=\"https:\/\/www.fjordwall.com\/de\/lux_paneele\/\">Mehr info<\/a><\/p>\n<\/li>\n<li>\n<p>        <img decoding=\"async\" src=\"\/wp-content\/uploads\/2023\/07\/vinkel2.png\" alt=\"\"><\/p>\n<h3>Design Paneele<\/h3>\n<p><a href=\"https:\/\/www.fjordwall.com\/de\/design-paneele\/\">Mehr info<\/a><\/p>\n<\/li>\n<li>\n<p>        <img decoding=\"async\" src=\"\/wp-content\/uploads\/2023\/06\/Linoleum-square.jpg\" alt=\"\"><\/p>\n<h3>Zubeh\u00f6r<\/h3>\n<p><a href=\"https:\/\/www.fjordwall.com\/de\/zubehoer\/\">Mehr info<\/a><\/p>\n<\/li>\n<\/ul>\n<div>\n<h2>Die Philosophie<\/h2>\n<p>Stolze Traditionen und starke Handwerkskunst<\/p>\n<div>\n<p>Das Fjordwall Programm umfasst eine Reihe von hochwertigen Akustikprodukten \u2013 alle entworfen und hergestellt in D\u00e4nemark.<\/p>\n<p>Die nordischen Menschen waren immer als geschickte Handwerker bekannt, die sch\u00f6ne und praktische Produkte schufen \u2013 und das meistens aus Holz. Schon die Wikinger wussten das Holz und dessen Eigenschafften f\u00fcr sich zu nutzen.<\/p>\n<p>Die nordische Region ist reich an unber\u00fchrter Natur, die oft als Inspirationen f\u00fcr die entwicklung nachhaltiger Produkte bietet.<\/p>\n<p>Mit R\u00fccksicht auf die Natur setzen wir das gute Handwerk und die hohe Qualit\u00e4t in unseren Produkten fort.<\/p>\n<\/div>\n<\/div>\n<div>\n<h2>Qualit\u00e4t und Design<\/h2>\n<p>Innenr\u00e4ume zum Wohlf\u00fchlen<\/p>\n<div>\n<p>Fjordwall ist Experte in Akustikl\u00f6sungen und der \u00e4sthetischen Gestaltung von W\u00e4nden und Decken \u2013 und bietet eine grosse Auswahl an bunten Farben und edle Holzarten an.<\/p>\n<p>Die Fjordwall Akustikpaneele werden in D\u00e4nemark entworfen und hergestellt, und werden alle aus FSC\u00ae-zertifiziertem Holz und echten Holzfurnieren hergestellt.<\/p>\n<p>Die Filz Tr\u00e4gerplatte besteht aus mindestens 50% recyceltem Material.<\/p>\n<\/div>\n<\/div>\n<p><!--more--><br \/>\n<!-- {\"type\":\"layout\",\"children\":[{\"type\":\"section\",\"props\":{\"animation\":\"scale-up\",\"animation_delay\":\"200\",\"divider_height\":\"120\",\"divider_layers_gap\":\"5\",\"divider_layers_opacity\":\"0.5\",\"divider_position\":\"top\",\"divider_responsive\":true,\"divider_shadow_blur_radius\":\"5\",\"divider_shadow_color\":\"#00000080\",\"divider_shadow_offset_x\":\"0\",\"divider_shadow_offset_y\":\"5\",\"divider_width\":\"100\",\"height\":\"viewport\",\"height_viewport\":70,\"image_effect\":\"parallax\",\"image_parallax_bgy\":\"100\",\"image_position\":\"center-center\",\"image_size\":\"cover\",\"padding_custom_bottom\":\"70\",\"padding_custom_top\":\"70\",\"style\":\"default\",\"style_custom_color\":\"#ccc\",\"text_color\":\"light\",\"title_breakpoint\":\"xl\",\"title_position\":\"top-left\",\"title_rotation\":\"left\",\"vertical_align\":\"middle\",\"video\":\"wp-content\\\/uploads\\\/2025\\\/11\\\/16x9_Hero_Fjordwall.mp4\",\"width\":\"expand\"},\"children\":[{\"type\":\"row\",\"props\":{\"divider\":false,\"parallax\":true},\"children\":[{\"type\":\"column\",\"props\":{\"image_position\":\"center-center\",\"position_sticky_breakpoint\":\"m\"},\"children\":[{\"type\":\"image\",\"props\":{\"block_align\":\"center\",\"image\":\"wp-content\\\/uploads\\\/2024\\\/02\\\/fjordwall-logo_inv.svg\",\"image_svg_color\":\"emphasis\",\"margin\":\"default\",\"maxwidth\":\"xlarge\"}},{\"type\":\"panel\",\"props\":{\"block_align\":\"center\",\"content_column_breakpoint\":\"m\",\"css\":\".el-element {\\n\\tbackground-color:#80676C80\\n}\",\"height_expand\":false,\"icon_width\":80,\"image_align\":\"top\",\"image_grid_breakpoint\":\"m\",\"image_grid_width\":\"1-2\",\"image_svg_color\":\"emphasis\",\"link_style\":\"default\",\"link_text\":\"Read more\",\"margin\":\"default\",\"maxwidth\":\"large\",\"meta_align\":\"below-title\",\"meta_element\":\"div\",\"meta_style\":\"text-meta\",\"panel_style\":\"card-secondary\",\"text_align\":\"center\",\"title\":\"Qualit\\u00e4t die Begeistert\",\"title_align\":\"top\",\"title_element\":\"h3\",\"title_grid_breakpoint\":\"m\",\"title_grid_width\":\"1-2\",\"title_hover_style\":\"reset\",\"title_style\":\"text-large\"}}]}]}]},{\"type\":\"section\",\"props\":{\"animation\":\"slide-left-medium\",\"animation_delay\":\"200\",\"divider_height\":\"120\",\"divider_layers_gap\":\"5\",\"divider_layers_opacity\":\"0.5\",\"divider_position\":\"top\",\"divider_responsive\":true,\"divider_shadow_blur_radius\":\"5\",\"divider_shadow_color\":\"#00000080\",\"divider_shadow_offset_x\":\"0\",\"divider_shadow_offset_y\":\"5\",\"divider_width\":\"100\",\"height\":\"viewport\",\"height_viewport\":50,\"image_effect\":\"parallax\",\"image_parallax_bgx\":\"-200\",\"image_position\":\"center-center\",\"image_size\":\"cover\",\"media_blend_mode\":\"overlay\",\"media_overlay\":\"rgba(85, 125, 145, 0.6)\",\"overlap\":false,\"padding_custom_bottom\":\"70\",\"padding_custom_top\":\"70\",\"preserve_color\":true,\"style\":\"muted\",\"style_custom_color\":\"#ccc\",\"text_color\":\"light\",\"title_breakpoint\":\"xl\",\"title_position\":\"top-left\",\"title_rotation\":\"left\",\"vertical_align\":\"middle\",\"width\":\"default\"},\"children\":[{\"type\":\"row\",\"children\":[{\"type\":\"column\",\"props\":{\"image_position\":\"center-center\",\"position_sticky_breakpoint\":\"m\"},\"children\":[{\"type\":\"panel\",\"props\":{\"block_align_breakpoint\":\"m\",\"block_align_fallback\":\"center\",\"content\":\"\n\n<p data-start=\\\"161\\\" data-end=\\\"306\\\">Wir erweitern das Fjordwall-Universum \\u2013 unsere Paneele k\\u00f6nnen jetzt auch im Au\\u00dfenbereich eingesetzt werden.<\\\/p>\\n\n\n<p data-start=\\\"308\\\" data-end=\\\"598\\\">Mit den neuen Nordic Outdoor Paneelen kannst du den gleichen ruhigen, nordischen Ausdruck auch in deine Au\\u00dfenr\\u00e4ume bringen. Die Serie wurde f\\u00fcr Terrassen, Fassaden und Au\\u00dfenbereiche entwickelt, in denen sch\\u00f6nes Design, nat\\u00fcrliche Materialien und lange Haltbarkeit Hand in Hand gehen sollen.<\\\/p>\\n\n\n<p data-start=\\\"600\\\" data-end=\\\"904\\\">W\\u00e4hle zwischen vier sorgf\\u00e4ltig entwickelten Varianten \\u2013 Design, FLEX, PRO and FR PRO \\u2013 die jeweils ihre eigenen Vorteile je nach Projekt bieten. Ganz gleich, welche Variante du w\\u00e4hlst: Du erh\\u00e4ltst einen zeitlosen nordischen Look, nat\\u00fcrliche W\\u00e4rme und eine L\\u00f6sung, die viele Jahre Bestand hat.<\\\/p>\",\"content_column_breakpoint\":\"m\",\"icon_width\":80,\"image\":\"wp-content\\\/uploads\\\/2025\\\/11\\\/5715579034527_MOOD2.jpg\",\"image_align\":\"left\",\"image_grid_breakpoint\":\"m\",\"image_grid_width\":\"1-2\",\"image_height\":960,\"image_svg_color\":\"emphasis\",\"image_vertical_align\":true,\"image_width\":960,\"link\":\"de\\\/nordic-outdoor-paneele\\\/\",\"link_style\":\"secondary\",\"link_text\":\"Entdecke die Neuheiten hier <span uk-icon=\\\"icon: arrow-right\\\"><\\\/span>\",\"margin\":\"default\",\"meta\":\"Nordic Outdoor Paneele\",\"meta_align\":\"below-title\",\"meta_color\":\"secondary\",\"meta_element\":\"h3\",\"meta_margin\":\"small\",\"meta_style\":\"h1\",\"title\":\"Neuheit:\",\"title_align\":\"top\",\"title_element\":\"h2\",\"title_grid_breakpoint\":\"m\",\"title_grid_width\":\"1-2\",\"title_hover_style\":\"reset\",\"title_style\":\"heading-small\"},\"name\":\"Forside panel\"}]}]}],\"name\":\"New In \"},{\"type\":\"section\",\"props\":{\"animation\":\"slide-left-medium\",\"animation_delay\":\"200\",\"divider_height\":\"120\",\"divider_layers_gap\":\"5\",\"divider_layers_opacity\":\"0.5\",\"divider_position\":\"top\",\"divider_responsive\":true,\"divider_shadow_blur_radius\":\"5\",\"divider_shadow_color\":\"#00000080\",\"divider_shadow_offset_x\":\"0\",\"divider_shadow_offset_y\":\"5\",\"divider_width\":\"100\",\"height\":\"viewport\",\"height_viewport\":80,\"image\":\"wp-content\\\/uploads\\\/2023\\\/06\\\/laminat_bg.jpg\",\"image_effect\":\"parallax\",\"image_parallax_bgx\":\"-200\",\"image_position\":\"center-center\",\"image_size\":\"cover\",\"media_blend_mode\":\"overlay\",\"media_overlay\":\"rgba(85, 125, 145, 0.6)\",\"overlap\":false,\"padding_custom_bottom\":\"70\",\"padding_custom_top\":\"70\",\"preserve_color\":true,\"style\":\"default\",\"style_custom_color\":\"#ccc\",\"text_color\":\"light\",\"title_breakpoint\":\"xl\",\"title_position\":\"top-left\",\"title_rotation\":\"left\",\"vertical_align\":\"middle\",\"width\":\"default\"},\"children\":[{\"type\":\"row\",\"props\":{\"layout\":\"1-2,1-2\"},\"children\":[{\"type\":\"column\",\"props\":{\"image_position\":\"center-center\",\"position_sticky_breakpoint\":\"m\",\"vertical_align\":\"middle\",\"width_medium\":\"1-2\"},\"children\":[{\"type\":\"panel\",\"props\":{\"block_align_breakpoint\":\"m\",\"block_align_fallback\":\"center\",\"content\":\"\n\n<p>Fjordwall ist Ihr Garant f\\u00fcr eine gro\\u00dfe Auswahl an Qualit\\u00e4tsprodukten im Bereich Akustikpaneelen und Akustikprodukte \\u2013 im nordischen Design.<\\\/p>\\n\n\n<ul>\\n\n\n<li>FSC\\u00ae-zertifiziertes Holz<\\\/li>\\n\n\n<li>Unser Filz besteht zu mindestens 50 % aus recyceltem Material<\\\/li>\\n\n\n<li>Hergestellt in D\\u00e4nemark<\\\/li>\\n\n\n<li>Verantwortungsvolle Produktion mit R\\u00fccksicht auf die Umwelt<\\\/li>\\n\n\n<li>Gro\\u00dfe Auswahl an verschiedenen Designs<\\\/li>\\n<\\\/ul>\",\"content_column_breakpoint\":\"m\",\"icon_width\":80,\"image_align\":\"top\",\"image_grid_breakpoint\":\"m\",\"image_grid_width\":\"1-2\",\"image_svg_color\":\"emphasis\",\"link_style\":\"default\",\"link_text\":\"Read more\",\"margin\":\"default\",\"maxwidth\":\"xlarge\",\"meta\":\"Willkommen in der Welt von Fjordwall\",\"meta_align\":\"below-title\",\"meta_element\":\"h3\",\"meta_style\":\"h2\",\"title\":\"Unsere Produkte\",\"title_align\":\"top\",\"title_element\":\"h2\",\"title_grid_breakpoint\":\"m\",\"title_grid_width\":\"1-2\",\"title_hover_style\":\"reset\",\"title_style\":\"heading-medium\"},\"name\":\"Forside panel\"}]},{\"type\":\"column\",\"props\":{\"image_position\":\"center-center\",\"position_sticky_breakpoint\":\"m\",\"width_medium\":\"1-2\"},\"children\":[{\"type\":\"slideshow\",\"props\":{\"css\":\".el-title {\\n\\ttext-shadow: 0px 0px 10px rgba(0, 0, 0, 0.99);\\n}\",\"image_width\":\"1280\",\"link_style\":\"secondary\",\"link_text\":\"More info\",\"margin\":\"default\",\"meta_align\":\"below-title\",\"meta_element\":\"div\",\"meta_style\":\"text-meta\",\"nav\":\"thumbnav\",\"nav_align\":\"center\",\"nav_below\":true,\"nav_breakpoint\":\"\",\"nav_margin\":\"small\",\"nav_position\":\"bottom-center\",\"nav_position_margin\":\"medium\",\"nav_vertical\":false,\"overlay_animation\":\"parallax\",\"overlay_position\":\"center\",\"show_content\":true,\"show_link\":true,\"show_meta\":true,\"show_thumbnail\":true,\"show_title\":true,\"slidenav\":\"\",\"slidenav_breakpoint\":\"s\",\"slidenav_margin\":\"medium\",\"slidenav_outside_breakpoint\":\"xl\",\"slideshow_animation\":\"scale\",\"slideshow_autoplay_pause\":true,\"slideshow_kenburns\":\"alternate\",\"slideshow_min_height\":300,\"slideshow_ratio\":\"4:3\",\"text_align\":\"center\",\"text_color\":\"light\",\"thumbnav_height\":\"100\",\"thumbnav_nowrap\":true,\"thumbnav_svg_color\":\"emphasis\",\"thumbnav_width\":\"100\",\"title_element\":\"h3\",\"title_hover_style\":\"reset\",\"title_style\":\"heading-small\"},\"children\":[{\"type\":\"slideshow_item\",\"props\":{\"image\":\"wp-content\\\/uploads\\\/2023\\\/07\\\/Akustikpaneel-_Fjordwall_-Eiche-1.png\",\"link\":\"de\\\/woodpanels\\\/\",\"link_text\":\"Mehr info\",\"thumbnail\":\"wp-content\\\/uploads\\\/2023\\\/06\\\/wood_vertical.jpg\",\"title\":\"Holz Paneele\"}},{\"type\":\"slideshow_item\",\"props\":{\"image\":\"wp-content\\\/uploads\\\/2023\\\/07\\\/Akustikpaneel-_Fjordwall_Linoleum-_Blau_-scaled.jpg\",\"link\":\"de\\\/linoleum_paneele\\\/\",\"link_text\":\"Mehr info\",\"thumbnail\":\"wp-content\\\/uploads\\\/2023\\\/06\\\/linoleum_blau.jpg\",\"title\":\"Linoleum Paneele\"}},{\"type\":\"slideshow_item\",\"props\":{\"image\":\"wp-content\\\/uploads\\\/2024\\\/02\\\/Black-1-scaled.jpg\",\"link\":\"de\\\/folierte-paneele\\\/\",\"link_text\":\"Mehr info\",\"thumbnail\":\"wp-content\\\/uploads\\\/2023\\\/06\\\/foiled_schwarz.jpg\",\"title\":\"Foilerte Paneele\"}},{\"type\":\"slideshow_item\",\"props\":{\"image\":\"wp-content\\\/uploads\\\/2023\\\/07\\\/Akustikpaneel-_Fjordwall_-laminieren.png\",\"link\":\"de\\\/laminat_paneele\\\/\",\"link_text\":\"Mehr info\",\"thumbnail\":\"wp-content\\\/uploads\\\/2023\\\/06\\\/laminat_betongrau.jpg\",\"title\":\"Laminat Paneele\"}},{\"type\":\"slideshow_item\",\"props\":{\"image\":\"wp-content\\\/uploads\\\/2023\\\/07\\\/Akustikpaneel-_Fjordwall_-Walnuss.png\",\"link\":\"de\\\/lux_paneele\\\/\",\"link_text\":\"Mehr info\",\"thumbnail\":\"wp-content\\\/uploads\\\/2023\\\/06\\\/lux_walnut.jpg\",\"title\":\"LUX Paneele\"}},{\"type\":\"slideshow_item\",\"props\":{\"image\":\"wp-content\\\/uploads\\\/2023\\\/07\\\/vinkel2.png\",\"link\":\"de\\\/design-paneele\\\/\",\"link_text\":\"Mehr info\",\"thumbnail\":\"wp-content\\\/uploads\\\/2023\\\/06\\\/design_horizontal.jpg\",\"title\":\"Design Paneele\"}},{\"type\":\"slideshow_item\",\"props\":{\"image\":\"wp-content\\\/uploads\\\/2023\\\/06\\\/Linoleum-square.jpg\",\"link\":\"de\\\/zubehoer\\\/\",\"link_text\":\"Mehr info\",\"thumbnail\":\"wp-content\\\/uploads\\\/2024\\\/02\\\/70014-Hooks-3w.jpg\",\"title\":\"Zubeh\\u00f6r\"}}]}]}]}]},{\"type\":\"section\",\"props\":{\"animation\":\"slide-left-medium\",\"animation_delay\":\"200\",\"divider_height\":\"120\",\"divider_layers_gap\":\"5\",\"divider_layers_opacity\":\"0.5\",\"divider_position\":\"top\",\"divider_responsive\":true,\"divider_shadow_blur_radius\":\"5\",\"divider_shadow_color\":\"#00000080\",\"divider_shadow_offset_x\":\"0\",\"divider_shadow_offset_y\":\"5\",\"divider_width\":\"100\",\"height\":\"viewport\",\"height_viewport\":70,\"image\":\"wp-content\\\/uploads\\\/2023\\\/05\\\/green-panel.jpg\",\"image_effect\":\"parallax\",\"image_parallax_bgx\":\"200\",\"image_position\":\"center-center\",\"image_size\":\"cover\",\"padding_custom_bottom\":\"70\",\"padding_custom_top\":\"70\",\"style\":\"default\",\"style_custom_color\":\"#ccc\",\"text_color\":\"light\",\"title_breakpoint\":\"xl\",\"title_position\":\"top-left\",\"title_rotation\":\"left\",\"vertical_align\":\"middle\",\"width\":\"default\"},\"children\":[{\"type\":\"row\",\"props\":{\"layout\":\"1-2,1-2\"},\"children\":[{\"type\":\"column\",\"props\":{\"image_position\":\"center-center\",\"position_sticky_breakpoint\":\"m\",\"width_medium\":\"1-2\"}},{\"type\":\"column\",\"props\":{\"image_position\":\"center-center\",\"position_sticky_breakpoint\":\"m\",\"width_medium\":\"1-2\"},\"children\":[{\"type\":\"panel\",\"props\":{\"block_align_breakpoint\":\"m\",\"block_align_fallback\":\"center\",\"content\":\"\n\n<p>Das Fjordwall Programm umfasst eine Reihe von hochwertigen Akustikprodukten \\u2013 alle entworfen und hergestellt in D\\u00e4nemark.<\\\/p>\\n\n\n<p>Die nordischen Menschen waren immer als geschickte Handwerker bekannt, die sch\\u00f6ne und praktische Produkte schufen \\u2013 und das meistens aus Holz. Schon die Wikinger wussten das Holz und dessen Eigenschafften f\\u00fcr sich zu nutzen.<\\\/p>\\n\n\n<p>Die nordische Region ist reich an unber\\u00fchrter Natur, die oft als Inspirationen f\\u00fcr die entwicklung nachhaltiger Produkte bietet.<\\\/p>\\n\n\n<p>Mit R\\u00fccksicht auf die Natur setzen wir das gute Handwerk und die hohe Qualit\\u00e4t in unseren Produkten fort.<\\\/p>\",\"content_column_breakpoint\":\"m\",\"icon_width\":80,\"image_align\":\"top\",\"image_grid_breakpoint\":\"m\",\"image_grid_width\":\"1-2\",\"image_svg_color\":\"emphasis\",\"link_style\":\"default\",\"link_text\":\"Read more\",\"margin\":\"default\",\"maxwidth\":\"xlarge\",\"meta\":\"Stolze Traditionen und starke Handwerkskunst\",\"meta_align\":\"below-title\",\"meta_element\":\"h3\",\"meta_style\":\"h2\",\"title\":\"Die Philosophie\",\"title_align\":\"top\",\"title_element\":\"h2\",\"title_grid_breakpoint\":\"m\",\"title_grid_width\":\"1-2\",\"title_hover_style\":\"reset\",\"title_style\":\"heading-medium\"},\"name\":\"Forside panel\"}]}]}]},{\"type\":\"section\",\"props\":{\"animation\":\"slide-left-medium\",\"animation_delay\":\"200\",\"divider_height\":\"120\",\"divider_layers_gap\":\"5\",\"divider_layers_opacity\":\"0.5\",\"divider_position\":\"top\",\"divider_responsive\":true,\"divider_shadow_blur_radius\":\"5\",\"divider_shadow_color\":\"#00000080\",\"divider_shadow_offset_x\":\"0\",\"divider_shadow_offset_y\":\"5\",\"divider_width\":\"100\",\"height\":\"viewport\",\"height_viewport\":70,\"image\":\"wp-content\\\/uploads\\\/2023\\\/05\\\/purple-bg.jpg\",\"image_effect\":\"parallax\",\"image_parallax_bgx\":\"200\",\"image_position\":\"center-right\",\"image_size\":\"cover\",\"media_focal_point\":\"center-right\",\"padding_custom_bottom\":\"70\",\"padding_custom_top\":\"70\",\"style\":\"default\",\"style_custom_color\":\"#ccc\",\"text_color\":\"light\",\"title_breakpoint\":\"xl\",\"title_position\":\"top-left\",\"title_rotation\":\"left\",\"vertical_align\":\"middle\",\"width\":\"default\"},\"children\":[{\"type\":\"row\",\"children\":[{\"type\":\"column\",\"props\":{\"image_position\":\"center-center\",\"position_sticky_breakpoint\":\"m\",\"width_medium\":\"1-2\"},\"children\":[{\"type\":\"panel\",\"props\":{\"block_align_breakpoint\":\"m\",\"block_align_fallback\":\"center\",\"content\":\"\n\n<p>Fjordwall ist Experte in Akustikl\\u00f6sungen und der \\u00e4sthetischen Gestaltung von W\\u00e4nden und Decken \\u2013 und bietet eine grosse Auswahl an bunten Farben und edle Holzarten an.<\\\/p>\\n\n\n<p>Die Fjordwall Akustikpaneele werden in D\\u00e4nemark entworfen und hergestellt, und werden alle aus FSC\\u00ae-zertifiziertem Holz und echten Holzfurnieren hergestellt.<\\\/p>\\n\n\n<p>Die Filz Tr\\u00e4gerplatte besteht aus mindestens 50% recyceltem Material.<\\\/p>\",\"content_column_breakpoint\":\"m\",\"icon_width\":80,\"image_align\":\"top\",\"image_grid_breakpoint\":\"m\",\"image_grid_width\":\"1-2\",\"image_svg_color\":\"emphasis\",\"link_style\":\"default\",\"link_text\":\"Read more\",\"margin\":\"default\",\"maxwidth\":\"xlarge\",\"meta\":\"Innenr\\u00e4ume zum Wohlf\\u00fchlen\",\"meta_align\":\"below-title\",\"meta_element\":\"h3\",\"meta_style\":\"h2\",\"title\":\"Qualit\\u00e4t und Design\",\"title_align\":\"top\",\"title_element\":\"h2\",\"title_grid_breakpoint\":\"m\",\"title_grid_width\":\"1-2\",\"title_hover_style\":\"reset\",\"title_style\":\"heading-medium\"},\"name\":\"Forside panel\"}]},{\"type\":\"column\",\"props\":{\"image_position\":\"center-center\",\"position_sticky_breakpoint\":\"m\",\"width_medium\":\"1-2\"}}],\"props\":{\"layout\":\"1-2,1-2\"}}]}],\"version\":\"4.5.32\",\"yooessentialsVersion\":\"2.4.10\"} --><\/p>\n","protected":false},"excerpt":{"rendered":"<p>Qualit\u00e4t die Begeistert Neuheit: Nordic Outdoor Paneele Wir erweitern das Fjordwall-Universum \u2013 unsere Paneele k\u00f6nnen jetzt auch im Au\u00dfenbereich eingesetzt werden. Mit den neuen Nordic Outdoor Paneelen kannst du den gleichen ruhigen, nordischen Ausdruck auch in deine Au\u00dfenr\u00e4ume bringen. Die Serie wurde f\u00fcr Terrassen, Fassaden und Au\u00dfenbereiche entwickelt, in denen sch\u00f6nes Design, nat\u00fcrliche Materialien und [&hellip;]<\/p>\n","protected":false},"author":12,"featured_media":0,"parent":0,"menu_order":0,"comment_status":"closed","ping_status":"closed","template":"","meta":{"_acf_changed":false,"_monsterinsights_skip_tracking":false,"_monsterinsights_sitenote_active":false,"_monsterinsights_sitenote_note":"","_monsterinsights_sitenote_category":0,"footnotes":""},"pagetype":[],"class_list":["post-440","page","type-page","status-publish","hentry"],"acf":[],"aioseo_notices":[],"_links":{"self":[{"href":"https:\/\/www.fjordwall.com\/de\/wp-json\/wp\/v2\/pages\/440","targetHints":{"allow":["GET"]}}],"collection":[{"href":"https:\/\/www.fjordwall.com\/de\/wp-json\/wp\/v2\/pages"}],"about":[{"href":"https:\/\/www.fjordwall.com\/de\/wp-json\/wp\/v2\/types\/page"}],"author":[{"embeddable":true,"href":"https:\/\/www.fjordwall.com\/de\/wp-json\/wp\/v2\/users\/12"}],"replies":[{"embeddable":true,"href":"https:\/\/www.fjordwall.com\/de\/wp-json\/wp\/v2\/comments?post=440"}],"version-history":[{"count":28,"href":"https:\/\/www.fjordwall.com\/de\/wp-json\/wp\/v2\/pages\/440\/revisions"}],"predecessor-version":[{"id":3805,"href":"https:\/\/www.fjordwall.com\/de\/wp-json\/wp\/v2\/pages\/440\/revisions\/3805"}],"wp:attachment":[{"href":"https:\/\/www.fjordwall.com\/de\/wp-json\/wp\/v2\/media?parent=440"}],"wp:term":[{"taxonomy":"pagetype","embeddable":true,"href":"https:\/\/www.fjordwall.com\/de\/wp-json\/wp\/v2\/pagetype?post=440"}],"curies":[{"name":"wp","href":"https:\/\/api.w.org\/{rel}","templated":true}]}}