{"id":3376,"date":"2025-05-06T07:49:48","date_gmt":"2025-05-06T05:49:48","guid":{"rendered":"https:\/\/www.fjordwall.com\/installation\/"},"modified":"2025-05-08T10:30:14","modified_gmt":"2025-05-08T08:30:14","slug":"anleitung","status":"publish","type":"page","link":"https:\/\/www.fjordwall.com\/de\/anleitung\/","title":{"rendered":"Anleitung"},"content":{"rendered":"<div>\n<p>    <img decoding=\"async\" src=\"\/wp-content\/uploads\/2024\/04\/Walnut_Black_2.jpg\" alt=\"\"><\/p>\n<\/div>\n<div>\n<h3>So montieren Sie ein Akustikpaneel<\/h3>\n<p>Schnell und einfach zu montieren<\/p>\n<div>\n<p>Wir produzieren Akustikpaneele in vorgefertigten Modulen, was die Montage an W\u00e4nden und Decken besonders einfach macht.<\/p>\n<p>Die unkomplizierte Installation macht Fjordwall-Paneele zum perfekten DIY-Projekt!<\/p>\n<\/div>\n<\/div>\n<p><p>\n        <a href=\"https:\/\/vimeo.com\/848608866\">Sehen Sie, wie die Paneele montiert werden<\/a>\n    <\/p>\n<\/p>\n<p><a href=\"https:\/\/vimeo.com\/848608866\"><img decoding=\"async\" src=\"\/wp-content\/uploads\/2025\/05\/Thumbnail-mount-2-9bb5aba9.webp\" alt=\"\"><\/a><\/p>\n<div>\n<p>        <img decoding=\"async\" src=\"\/wp-content\/uploads\/2025\/05\/Standard-Monteringsillustration-a7913488.webp\" alt=\"\"><\/p>\n<h3>Kurzanleitung:<\/h3>\n<div>\n<p><strong>DIREKT AN DER WAND:<\/strong> <br \/>Montagekleber: Tragen Sie den Kleber auf das Paneel auf und setzen Sie es an die Wand. Dr\u00fccken Sie es fest an. Schrauben: Schrauben Sie das Paneel durch den Filz direkt in die Wand. Wir empfehlen die Verwendung von 15 Schrauben pro Paneel, wie in der Zeichnung rechts dargestellt. Denken Sie daran, D\u00fcbel zu verwenden, wenn Ihre Wandart dies erfordert.<\/p>\n<p><strong>AUF EINER UNTERKONSTRUKTION:<\/strong><br \/>F\u00fcr eine optimale Schallabsorption bauen Sie eine Unterkonstruktion mit 45 mm starken Latten an Ihrer Wand. Wir empfehlen einen Abstand von 600 mm zwischen den Latten. F\u00fcllen Sie Mineralwolle zwischen die Latten. Schrauben Sie das Paneel durch den Filz an die Unterkonstruktion.<\/p>\n<p><strong>ZUSCHNEIDEN DER PANEELEN:<\/strong> <br \/>Wenn Sie Ihre Paneele in der L\u00e4nge oder Breite anpassen m\u00fcssen, k\u00f6nnen Sie sie problemlos zuschneiden. Zum K\u00fcrzen der L\u00e4nge empfehlen wir eine scharfe S\u00e4ge (z.\u202fB. eine Tauchs\u00e4ge), um durch Lamellen und Filz zu schneiden. Zum Anpassen der Breite k\u00f6nnen Sie ein Teppichmesser verwenden, um den Filz zu schneiden.<\/p>\n<\/div>\n<\/div>\n<div>\n<h3>So tragen Sie Pflege\u00f6l auf Ihre Paneele auf<\/h3>\n<p>So \u00f6len Sie Paneele<\/p>\n<div>\n<p>Wenn Sie Ihren Fjordwall-Paneelen ein anderes Aussehen als die unbehandelte Holzoberfl\u00e4che verleihen m\u00f6chten, empfehlen wir Ihnen unsere \u00d6lbehandlungen.<\/p>\n<p>Sie haben die Freiheit, das \u00d6l auszuw\u00e4hlen, das perfekt zur \u00c4sthetik Ihres Zuhauses oder Arbeitsplatzes passt. Unser Pflege\u00f6l ist in f\u00fcnf edlen Farbt\u00f6nen erh\u00e4ltlich: Schwarz, Grau, Antik, Natur und Wei\u00df.<\/p>\n<\/div>\n<\/div>\n<p><p>\n        <a href=\"https:\/\/vimeo.com\/848322912\">Sehen Sie, wie das \u00d6l aufgetragen wird<\/a>\n    <\/p>\n<\/p>\n<p><a href=\"https:\/\/vimeo.com\/848322912\"><img decoding=\"async\" src=\"\/wp-content\/uploads\/2025\/05\/Thumbnail-oil-1-36c9392c.webp\" alt=\"\"><\/a><\/p>\n<div>\n<p>        <img decoding=\"async\" src=\"\/wp-content\/uploads\/2025\/05\/Antique_Oil_Sample-1-5dc612a4.webp\" alt=\"\"><\/p>\n<h3>Kurzanleitung:<\/h3>\n<div>\n<p><strong>Was Sie brauchen:<\/strong><\/p>\n<ul>\n<li>\u00d6l<\/li>\n<li>Rolle<\/li>\n<li>Tuch oder ein altes St\u00fcck Stoff<\/li>\n<li>Farbwanne<\/li>\n<li>Einweghandschuhe<\/li>\n<\/ul>\n<p><strong>Schritte:<\/strong><\/p>\n<ol>\n<li>Pflege\u00f6l gut sch\u00fctteln und in die Farbwanne gie\u00dfen<\/li>\n<li>Farbrolle mit \u00d6l tr\u00e4nken<\/li>\n<li>\u00dcbersch\u00fcssiges \u00d6l von der Rolle entfernen, um Tropfen und L\u00e4ufer zu vermeiden<\/li>\n<li>Das \u00d6l vorsichtig entlang der Holzmaserung auftragen<\/li>\n<li>Vermeiden Sie, dass \u00d6l auf die Kanten des Paneels gelangt<\/li>\n<li>Wenn das Paneel gleichm\u00e4\u00dfig ge\u00f6lt ist, \u00fcbersch\u00fcssiges \u00d6l mit einem Tuch entfernen<\/li>\n<li>Vor der Montage des Akustikpaneels 8\u201312 Stunden trocknen lassen\n<p><\/li>\n<\/ol>\n<\/div>\n<\/div>\n<p><!--more--><br \/>\n<!-- {\"type\":\"layout\",\"children\":[{\"type\":\"section\",\"props\":{\"\":\"linear-gradient(180deg, rgba(75,93,99,1) 0%, rgba(75,93,99,0.7217480742296919) 31%, rgba(75,93,99,0.14751838235294112) 100%);\",\"animation\":\"scale-up\",\"animation_delay\":\"200\",\"divider_height\":\"120\",\"divider_layers_gap\":\"5\",\"divider_layers_opacity\":\"0.5\",\"divider_position\":\"top\",\"divider_responsive\":true,\"divider_shadow_blur_radius\":\"5\",\"divider_shadow_color\":\"#00000080\",\"divider_shadow_offset_x\":\"0\",\"divider_shadow_offset_y\":\"5\",\"divider_width\":\"100\",\"header_transparent\":true,\"header_transparent_noplaceholder\":true,\"height_viewport\":35,\"image_effect\":\"parallax\",\"image_parallax_bgy\":\"100\",\"image_position\":\"center-center\",\"image_size\":\"cover\",\"image_width\":1920,\"media_background\":\"#4B5D63\",\"media_blend_mode\":\"multiply\",\"padding\":\"none\",\"padding_custom_bottom\":\"70\",\"padding_custom_top\":\"70\",\"style\":\"secondary\",\"style_custom_color\":\"#ccc\",\"text_color\":\"light\",\"title_breakpoint\":\"xl\",\"title_position\":\"top-left\",\"title_rotation\":\"left\",\"vertical_align\":\"middle\",\"width\":\"\"},\"children\":[{\"type\":\"row\",\"props\":{\"divider\":false,\"parallax\":true},\"children\":[{\"type\":\"column\",\"props\":{\"image_position\":\"center-center\",\"position_sticky_breakpoint\":\"m\"},\"children\":[{\"type\":\"slideshow\",\"props\":{\"blend\":false,\"class\":\"gradientoverlay\",\"css\":\".el-element {\\n    margin-bottom: 0px !important;\\n}\",\"image_loading\":true,\"image_width\":\"1920\",\"link_style\":\"default\",\"link_text\":\"Read more\",\"margin\":\"default\",\"meta_align\":\"below-title\",\"meta_element\":\"div\",\"meta_style\":\"text-meta\",\"nav\":\"\",\"nav_align\":\"center\",\"nav_below\":true,\"nav_breakpoint\":\"s\",\"nav_position\":\"bottom-center\",\"nav_position_margin\":\"medium\",\"overlay_animation\":\"parallax\",\"overlay_position\":\"center-left\",\"position\":\"relative\",\"show_content\":false,\"show_link\":false,\"show_meta\":false,\"show_thumbnail\":false,\"show_title\":false,\"slidenav\":\"\",\"slidenav_breakpoint\":\"\",\"slidenav_hover\":true,\"slidenav_large\":true,\"slidenav_margin\":\"medium\",\"slidenav_outside_breakpoint\":\"xl\",\"slideshow_animation\":\"fade\",\"slideshow_autoplay\":true,\"slideshow_autoplay_interval\":\"6\",\"slideshow_autoplay_pause\":true,\"slideshow_height\":\"viewport\",\"slideshow_height_offset_top\":false,\"slideshow_height_viewport\":80,\"slideshow_kenburns\":\"alternate\",\"slideshow_kenburns_duration\":\"20\",\"slideshow_min_height\":300,\"slideshow_parallax\":false,\"slideshow_parallax_easing\":\"0.3\",\"slideshow_ratio\":\"16:9\",\"text_color\":\"light\",\"thumbnav_height\":\"75\",\"thumbnav_nowrap\":true,\"thumbnav_svg_color\":\"emphasis\",\"thumbnav_width\":\"100\",\"title_element\":\"h3\",\"title_hover_style\":\"reset\"},\"children\":[{\"type\":\"slideshow_item\",\"props\":{\"image\":\"wp-content\\\/uploads\\\/2024\\\/04\\\/Walnut_Black_2.jpg\"}}]},{\"type\":\"panel\",\"props\":{\"content\":\"\",\"content_column_breakpoint\":\"m\",\"icon_width\":80,\"image_align\":\"top\",\"image_grid_breakpoint\":\"m\",\"image_grid_width\":\"1-2\",\"image_svg_color\":\"emphasis\",\"link_style\":\"default\",\"link_text\":\"Read more\",\"margin\":\"default\",\"margin_remove_bottom\":true,\"meta_align\":\"below-title\",\"meta_element\":\"div\",\"meta_style\":\"h4\",\"position\":\"absolute\",\"position_bottom\":\"5vh\",\"position_z_index\":\"3\",\"text_align\":\"center\",\"title_align\":\"top\",\"title_element\":\"h1\",\"title_grid_breakpoint\":\"m\",\"title_grid_width\":\"1-2\",\"title_hover_style\":\"reset\",\"title_style\":\"heading-medium\"},\"source_extended\":{\"props\":{\"title\":{\"filters\":{\"search\":\"\"},\"name\":\"field.hero.hero_h1\",\"query\":{\"name\":\"pages.singlePage\"}},\"meta\":{\"filters\":{\"search\":\"\"},\"name\":\"field.hero.hero_sub_header\",\"query\":{\"name\":\"pages.singlePage\"}}}}}]}]}],\"name\":\"Template: Hero 240828\"},{\"type\":\"section\",\"props\":{\"height_offset_top\":false,\"height_viewport\":30,\"image_position\":\"center-center\",\"padding_remove_horizontal\":false,\"style\":\"muted\",\"title_breakpoint\":\"xl\",\"title_position\":\"top-left\",\"title_rotation\":\"left\",\"vertical_align\":\"middle\",\"width\":\"default\"},\"children\":[{\"type\":\"row\",\"children\":[{\"type\":\"column\",\"props\":{\"image_position\":\"center-center\",\"position_sticky_breakpoint\":\"m\",\"vertical_align\":\"middle\",\"width_medium\":\"1-2\"},\"children\":[{\"type\":\"panel\",\"props\":{\"content\":\"\n\n<p>Wir produzieren Akustikpaneele in vorgefertigten Modulen, was die Montage an W\\u00e4nden und Decken besonders einfach macht.<\\\/p> \n\n<p>Die unkomplizierte Installation macht Fjordwall-Paneele zum perfekten DIY-Projekt!<\\\/p>\",\"content_column_breakpoint\":\"m\",\"icon\":\"\",\"icon_width\":80,\"image_align\":\"top\",\"image_grid_breakpoint\":\"m\",\"image_grid_width\":\"1-2\",\"image_svg_color\":\"emphasis\",\"link_style\":\"primary\",\"link_target\":true,\"link_text\":\"Watch how to install panels\",\"margin\":\"default\",\"meta\":\"Schnell und einfach zu montieren\",\"meta_align\":\"below-title\",\"meta_element\":\"div\",\"meta_style\":\"h5\",\"title\":\"So montieren Sie ein Akustikpaneel\",\"title_align\":\"top\",\"title_color\":\"primary\",\"title_element\":\"h3\",\"title_grid_breakpoint\":\"m\",\"title_grid_width\":\"1-2\",\"title_hover_style\":\"reset\",\"title_style\":\"heading-medium\"}},{\"type\":\"button\",\"props\":{\"content\":\"\n\n<p>We produce acoustic panels in prefabricated modules, which makes it easy to mount them on both walls and ceilings.<\\\/p>\\n\n\n<p>The simple installation makes BY VEN\\u00d8 panels a perfect DIY project!<\\\/p>\",\"grid_column_gap\":\"small\",\"grid_row_gap\":\"small\",\"margin\":\"default\"},\"children\":[{\"type\":\"button_item\",\"props\":{\"button_style\":\"primary\",\"content\":\"Sehen Sie, wie die Paneele montiert werden\",\"dialog_layout\":\"modal\",\"dialog_offcanvas_flip\":true,\"icon_align\":\"left\",\"image_height\":\"1080\",\"image_width\":\"1920\",\"link\":\"https:\\\/\\\/vimeo.com\\\/848608866\",\"link_target\":\"modal\"}}]}]},{\"type\":\"column\",\"props\":{\"image_position\":\"center-center\",\"position_sticky_breakpoint\":\"m\",\"width_medium\":\"1-2\"},\"children\":[{\"type\":\"image\",\"props\":{\"image\":\"wp-content\\\/uploads\\\/2025\\\/05\\\/Thumbnail-mount-2-9bb5aba9.webp\",\"image_height\":960,\"image_svg_color\":\"emphasis\",\"image_width\":960,\"lightbox_height\":\"1080\",\"lightbox_width\":\"1920\",\"link\":\"https:\\\/\\\/vimeo.com\\\/848608866\",\"link_target\":\"modal\",\"margin\":\"default\"}}]}],\"props\":{\"layout\":\"1-2,1-2\"}}]},{\"type\":\"section\",\"props\":{\"image_position\":\"center-center\",\"style\":\"default\",\"title_breakpoint\":\"xl\",\"title_position\":\"top-left\",\"title_rotation\":\"left\",\"vertical_align\":\"middle\",\"width\":\"default\"},\"children\":[{\"type\":\"row\",\"children\":[{\"type\":\"column\",\"props\":{\"image_position\":\"center-center\",\"position_sticky_breakpoint\":\"m\"},\"children\":[{\"type\":\"panel\",\"props\":{\"content\":\"\n\n<p><strong>DIREKT AN DER WAND:<\\\/strong> <br \\\/>Montagekleber: Tragen Sie den Kleber auf das Paneel auf und setzen Sie es an die Wand. Dr\\u00fccken Sie es fest an. Schrauben: Schrauben Sie das Paneel durch den Filz direkt in die Wand. Wir empfehlen die Verwendung von 15 Schrauben pro Paneel, wie in der Zeichnung rechts dargestellt. Denken Sie daran, D\\u00fcbel zu verwenden, wenn Ihre Wandart dies erfordert.<\\\/p> \n\n<p><strong>AUF EINER UNTERKONSTRUKTION:<\\\/strong><br \\\/>F\\u00fcr eine optimale Schallabsorption bauen Sie eine Unterkonstruktion mit 45 mm starken Latten an Ihrer Wand. Wir empfehlen einen Abstand von 600 mm zwischen den Latten. F\\u00fcllen Sie Mineralwolle zwischen die Latten. Schrauben Sie das Paneel durch den Filz an die Unterkonstruktion.<\\\/p> \n\n<p><strong>ZUSCHNEIDEN DER PANEELEN:<\\\/strong> <br \\\/>Wenn Sie Ihre Paneele in der L\\u00e4nge oder Breite anpassen m\\u00fcssen, k\\u00f6nnen Sie sie problemlos zuschneiden. Zum K\\u00fcrzen der L\\u00e4nge empfehlen wir eine scharfe S\\u00e4ge (z.\\u202fB. eine Tauchs\\u00e4ge), um durch Lamellen und Filz zu schneiden. Zum Anpassen der Breite k\\u00f6nnen Sie ein Teppichmesser verwenden, um den Filz zu schneiden.<\\\/p>\\n\\n\\n\\n\\n\\n\\n\",\"content_column_breakpoint\":\"m\",\"icon_width\":80,\"image\":\"wp-content\\\/uploads\\\/2025\\\/05\\\/Standard-Monteringsillustration-a7913488.webp\",\"image_align\":\"left\",\"image_grid_breakpoint\":\"m\",\"image_grid_width\":\"1-2\",\"image_svg_color\":\"emphasis\",\"image_vertical_align\":true,\"image_width\":250,\"link_style\":\"default\",\"link_text\":\"Read more\",\"margin\":\"default\",\"meta_align\":\"below-title\",\"meta_element\":\"div\",\"meta_style\":\"text-meta\",\"title\":\"Kurzanleitung:\",\"title_align\":\"top\",\"title_element\":\"h3\",\"title_grid_breakpoint\":\"m\",\"title_grid_width\":\"1-2\",\"title_hover_style\":\"reset\",\"title_style\":\"heading-small\"}}]}]}]},{\"type\":\"section\",\"props\":{\"height\":\"viewport\",\"height_offset_top\":false,\"height_viewport\":30,\"id\":\"oil\",\"image_position\":\"center-center\",\"style\":\"muted\",\"title_breakpoint\":\"xl\",\"title_position\":\"top-left\",\"title_rotation\":\"left\",\"vertical_align\":\"middle\",\"width\":\"default\"},\"children\":[{\"type\":\"row\",\"children\":[{\"type\":\"column\",\"props\":{\"image_position\":\"center-center\",\"position_sticky_breakpoint\":\"m\",\"vertical_align\":\"middle\",\"width_medium\":\"1-2\"},\"children\":[{\"type\":\"panel\",\"props\":{\"content\":\"\n\n<p>Wenn Sie Ihren Fjordwall-Paneelen ein anderes Aussehen als die unbehandelte Holzoberfl\\u00e4che verleihen m\\u00f6chten, empfehlen wir Ihnen unsere \\u00d6lbehandlungen.<\\\/p> \n\n<p>Sie haben die Freiheit, das \\u00d6l auszuw\\u00e4hlen, das perfekt zur \\u00c4sthetik Ihres Zuhauses oder Arbeitsplatzes passt. Unser Pflege\\u00f6l ist in f\\u00fcnf edlen Farbt\\u00f6nen erh\\u00e4ltlich: Schwarz, Grau, Antik, Natur und Wei\\u00df.<\\\/p>\",\"content_column_breakpoint\":\"m\",\"icon_width\":80,\"image_align\":\"top\",\"image_grid_breakpoint\":\"m\",\"image_grid_width\":\"1-2\",\"image_svg_color\":\"emphasis\",\"link_style\":\"primary\",\"link_target\":true,\"link_text\":\"Watch how to apply oil\",\"margin\":\"default\",\"meta\":\"So \\u00f6len Sie Paneele\",\"meta_align\":\"below-title\",\"meta_element\":\"div\",\"meta_style\":\"h5\",\"title\":\"So tragen Sie Pflege\\u00f6l auf Ihre Paneele auf\",\"title_align\":\"top\",\"title_color\":\"primary\",\"title_element\":\"h3\",\"title_grid_breakpoint\":\"m\",\"title_grid_width\":\"1-2\",\"title_hover_style\":\"reset\",\"title_style\":\"heading-medium\"}},{\"type\":\"button\",\"props\":{\"content\":\"\n\n<p>We produce acoustic panels in prefabricated modules, which makes it easy to mount them on both walls and ceilings.<\\\/p>\\n\n\n<p>The simple installation makes BY VEN\\u00d8 panels a perfect DIY project!<\\\/p>\",\"grid_column_gap\":\"small\",\"grid_row_gap\":\"small\",\"margin\":\"default\"},\"children\":[{\"type\":\"button_item\",\"props\":{\"button_style\":\"primary\",\"content\":\"Sehen Sie, wie das \\u00d6l aufgetragen wird\",\"dialog_layout\":\"modal\",\"dialog_offcanvas_flip\":true,\"icon_align\":\"left\",\"image_height\":\"1080\",\"image_width\":\"1920\",\"link\":\"https:\\\/\\\/vimeo.com\\\/848322912\",\"link_target\":\"modal\"}}]}]},{\"type\":\"column\",\"props\":{\"image_position\":\"center-center\",\"position_sticky_breakpoint\":\"m\",\"width_medium\":\"1-2\"},\"children\":[{\"type\":\"image\",\"props\":{\"image\":\"wp-content\\\/uploads\\\/2025\\\/05\\\/Thumbnail-oil-1-36c9392c.webp\",\"image_height\":960,\"image_svg_color\":\"emphasis\",\"image_width\":960,\"lightbox_height\":\"1080\",\"lightbox_width\":\"1920\",\"link\":\"https:\\\/\\\/vimeo.com\\\/848322912\",\"link_target\":\"modal\",\"margin\":\"default\"}}]}],\"props\":{\"layout\":\"1-2,1-2\"}}],\"name\":\"Oil\"},{\"type\":\"section\",\"props\":{\"image_position\":\"center-center\",\"style\":\"default\",\"title_breakpoint\":\"xl\",\"title_position\":\"top-left\",\"title_rotation\":\"left\",\"vertical_align\":\"middle\",\"width\":\"default\"},\"children\":[{\"type\":\"row\",\"children\":[{\"type\":\"column\",\"props\":{\"image_position\":\"center-center\",\"position_sticky_breakpoint\":\"m\"},\"children\":[{\"type\":\"panel\",\"props\":{\"content\":\"\n\n<p><strong>Was Sie brauchen:<\\\/strong><\\\/p> \n\n<ul> \n\n<li>\\u00d6l<\\\/li> \n\n<li>Rolle<\\\/li> \n\n<li>Tuch oder ein altes St\\u00fcck Stoff<\\\/li> \n\n<li>Farbwanne<\\\/li> \n\n<li>Einweghandschuhe<\\\/li> <\\\/ul> \n\n<p><\\\/p> \n\n<p><strong>Schritte:<\\\/strong><\\\/p> \n\n<ol> \n\n<li>Pflege\\u00f6l gut sch\\u00fctteln und in die Farbwanne gie\\u00dfen<\\\/li> \n\n<li>Farbrolle mit \\u00d6l tr\\u00e4nken<\\\/li> \n\n<li>\\u00dcbersch\\u00fcssiges \\u00d6l von der Rolle entfernen, um Tropfen und L\\u00e4ufer zu vermeiden<\\\/li> \n\n<li>Das \\u00d6l vorsichtig entlang der Holzmaserung auftragen<\\\/li> \n\n<li>Vermeiden Sie, dass \\u00d6l auf die Kanten des Paneels gelangt<\\\/li> \n\n<li>Wenn das Paneel gleichm\\u00e4\\u00dfig ge\\u00f6lt ist, \\u00fcbersch\\u00fcssiges \\u00d6l mit einem Tuch entfernen<\\\/li> \n\n<li>Vor der Montage des Akustikpaneels 8\\u201312 Stunden trocknen lassen<br \\\/><br \\\/><br \\\/><\\\/li> <\\\/ol>\",\"content_column_breakpoint\":\"m\",\"icon_width\":80,\"image\":\"wp-content\\\/uploads\\\/2025\\\/05\\\/Antique_Oil_Sample-1-5dc612a4.webp\",\"image_align\":\"left\",\"image_grid_breakpoint\":\"m\",\"image_grid_width\":\"1-2\",\"image_svg_color\":\"emphasis\",\"image_vertical_align\":true,\"link_style\":\"default\",\"link_text\":\"Read more\",\"margin\":\"default\",\"meta_align\":\"below-title\",\"meta_element\":\"div\",\"meta_style\":\"text-meta\",\"title\":\"Kurzanleitung:\",\"title_align\":\"top\",\"title_element\":\"h3\",\"title_grid_breakpoint\":\"m\",\"title_grid_width\":\"1-2\",\"title_hover_style\":\"reset\",\"title_style\":\"heading-small\"}}]}]}]}],\"version\":\"4.5.15\",\"yooessentialsVersion\":\"2.3.12\"} --><\/p>\n","protected":false},"excerpt":{"rendered":"<p>So montieren Sie ein Akustikpaneel Schnell und einfach zu montieren Wir produzieren Akustikpaneele in vorgefertigten Modulen, was die Montage an W\u00e4nden und Decken besonders einfach macht. Die unkomplizierte Installation macht Fjordwall-Paneele zum perfekten DIY-Projekt! Sehen Sie, wie die Paneele montiert werden Kurzanleitung: DIREKT AN DER WAND: Montagekleber: Tragen Sie den Kleber auf das Paneel auf [&hellip;]<\/p>\n","protected":false},"author":12,"featured_media":0,"parent":0,"menu_order":0,"comment_status":"closed","ping_status":"closed","template":"","meta":{"_acf_changed":false,"_monsterinsights_skip_tracking":false,"_monsterinsights_sitenote_active":false,"_monsterinsights_sitenote_note":"","_monsterinsights_sitenote_category":0,"footnotes":""},"pagetype":[],"class_list":["post-3376","page","type-page","status-publish","hentry"],"acf":[],"aioseo_notices":[],"_links":{"self":[{"href":"https:\/\/www.fjordwall.com\/de\/wp-json\/wp\/v2\/pages\/3376","targetHints":{"allow":["GET"]}}],"collection":[{"href":"https:\/\/www.fjordwall.com\/de\/wp-json\/wp\/v2\/pages"}],"about":[{"href":"https:\/\/www.fjordwall.com\/de\/wp-json\/wp\/v2\/types\/page"}],"author":[{"embeddable":true,"href":"https:\/\/www.fjordwall.com\/de\/wp-json\/wp\/v2\/users\/12"}],"replies":[{"embeddable":true,"href":"https:\/\/www.fjordwall.com\/de\/wp-json\/wp\/v2\/comments?post=3376"}],"version-history":[{"count":7,"href":"https:\/\/www.fjordwall.com\/de\/wp-json\/wp\/v2\/pages\/3376\/revisions"}],"predecessor-version":[{"id":3398,"href":"https:\/\/www.fjordwall.com\/de\/wp-json\/wp\/v2\/pages\/3376\/revisions\/3398"}],"wp:attachment":[{"href":"https:\/\/www.fjordwall.com\/de\/wp-json\/wp\/v2\/media?parent=3376"}],"wp:term":[{"taxonomy":"pagetype","embeddable":true,"href":"https:\/\/www.fjordwall.com\/de\/wp-json\/wp\/v2\/pagetype?post=3376"}],"curies":[{"name":"wp","href":"https:\/\/api.w.org\/{rel}","templated":true}]}}