{"id":3375,"date":"2025-05-06T07:49:48","date_gmt":"2025-05-06T05:49:48","guid":{"rendered":"https:\/\/www.fjordwall.com\/installation\/"},"modified":"2025-05-08T08:54:06","modified_gmt":"2025-05-08T06:54:06","slug":"installation","status":"publish","type":"page","link":"https:\/\/www.fjordwall.com\/da\/installation\/","title":{"rendered":"Installation"},"content":{"rendered":"<div>\n<p>    <img decoding=\"async\" src=\"\/wp-content\/uploads\/2024\/04\/Walnut_Black_2.jpg\" alt=\"\"><\/p>\n<\/div>\n<div>\n<h3>S\u00e5dan monterer du et akustikpanel<\/h3>\n<p>Hurtig og nem montering<\/p>\n<div>\n<p>Vi producerer akustikpaneler i pr\u00e6fabrikerede moduler, hvilket g\u00f8r det nemt at montere dem b\u00e5de p\u00e5 v\u00e6gge og lofter.<\/p>\n<p>Den enkle montering g\u00f8r Fjordwall-panelerne til det perfekte g\u00f8r-det-selv-projekt!<\/p>\n<\/div>\n<\/div>\n<p><p>\n        <a href=\"https:\/\/vimeo.com\/848608866\">Se, hvordan du monterer panelerne<\/a>\n    <\/p>\n<\/p>\n<p><a href=\"https:\/\/vimeo.com\/848608866\"><img decoding=\"async\" src=\"\/wp-content\/uploads\/2025\/05\/Thumbnail-mount-2-9bb5aba9.webp\" alt=\"\"><\/a><\/p>\n<div>\n<p>        <img decoding=\"async\" src=\"\/wp-content\/uploads\/2025\/05\/Standard-Monteringsillustration-a7913488.webp\" alt=\"\"><\/p>\n<h3>Hurtig guide:<\/h3>\n<div>\n<p><strong>DIREKTE P\u00c5 V\u00c6G:<\/strong> <br \/>Montagelim: P\u00e5f\u00f8r limen p\u00e5 panelet og s\u00e6t det op mod v\u00e6ggen. S\u00f8rg for at trykke det godt fast. Skruer: Skru panelet gennem filten og ind i v\u00e6ggen. Vi anbefaler at bruge 15 skruer pr. panel som vist i tegningen til h\u00f8jre. Husk at bruge rawlplugs, hvis din v\u00e6gtype kr\u00e6ver det.<\/p>\n<p><strong>P\u00c5 EN SKELETKONSTRUKTION:<\/strong><br \/>For optimal lydabsorption, ops\u00e6t et skelet med 45 mm reglar p\u00e5 din v\u00e6g. Vi anbefaler en afstand p\u00e5 600 mm mellem reglarne. Inds\u00e6t mineraluld mellem reglarne. Skru panelet fast p\u00e5 skeletkonstruktionen gennem filten.<\/p>\n<p><strong>TILSK\u00c6RING AF PANELER:<\/strong> <br \/>Hvis du har brug for at tilpasse panelerne i l\u00e6ngde eller bredde, kan du nemt sk\u00e6re dem til. Ved tilpasning af panelets l\u00e6ngde anbefaler vi en skarp sav (f.eks. en dyksav) til at sk\u00e6re gennem b\u00e5de lameller og filt. Ved tilpasning af bredden kan du bruge en hobbykniv til at sk\u00e6re gennem filten.<\/p>\n<\/div>\n<\/div>\n<div>\n<h3>S\u00e5dan p\u00e5f\u00f8rer du plejeolie p\u00e5 dine paneler<\/h3>\n<p>Hvordan giver du paneler olie?<\/p>\n<div>\n<p>Hvis du \u00f8nsker at give dine Fjordwall-paneler et andet udtryk end den ubehandlede tr\u00e6overflade, anbefaler vi, at du pr\u00f8ver vores oliebehandlinger.<\/p>\n<p>Du har friheden til at v\u00e6lge den olie, der passer perfekt til \u00e6stetikken i dit hjem eller p\u00e5 din arbejdsplads. Vores Care Oil f\u00e5s i fem smukke nuancer: sort, gr\u00e5, antik, natur og hvid.<\/p>\n<\/div>\n<\/div>\n<p><p>\n        <a href=\"https:\/\/vimeo.com\/848322912\">Watch how to apply oil<\/a>\n    <\/p>\n<\/p>\n<p><a href=\"https:\/\/vimeo.com\/848322912\"><img decoding=\"async\" src=\"\/wp-content\/uploads\/2025\/05\/Thumbnail-oil-1-36c9392c.webp\" alt=\"\"><\/a><\/p>\n<div>\n<p>        <img decoding=\"async\" src=\"\/wp-content\/uploads\/2025\/05\/Antique_Oil_Sample-1-5dc612a4.webp\" alt=\"\"><\/p>\n<h3>Hurtig guide:<\/h3>\n<div>\n<p><strong>Det skal du bruge:<\/strong><\/p>\n<ul>\n<li>Olie<\/li>\n<li>Rulle<\/li>\n<li>Klud eller et gammelt stykke stof<\/li>\n<li>Malebakke<\/li>\n<li>Engangshandsker<\/li>\n<\/ul>\n<p><strong>Trin:<\/strong><\/p>\n<ol>\n<li>Ryst plejeolien grundigt og h\u00e6ld den i malebakken<\/li>\n<li>G\u00f8r malerrullen m\u00e6ttet med olie<\/li>\n<li>Fjern overskydende olie fra rullen for at undg\u00e5 l\u00f8bere og dryp<\/li>\n<li>P\u00e5f\u00f8r forsigtigt olien ved at arbejde med \u00e5reretningen<\/li>\n<li>Undg\u00e5 at f\u00e5 olie p\u00e5 panelets kanter<\/li>\n<li>N\u00e5r panelet er j\u00e6vnt olieret, t\u00f8r overskydende olie af med en klud<\/li>\n<li>Lad t\u00f8rre i 8-12 timer f\u00f8r montering af akustikpanelet\n<p><\/li>\n<\/ol>\n<\/div>\n<\/div>\n<p><!--more--><br \/>\n<!-- {\"type\":\"layout\",\"children\":[{\"type\":\"section\",\"props\":{\"\":\"linear-gradient(180deg, rgba(75,93,99,1) 0%, rgba(75,93,99,0.7217480742296919) 31%, rgba(75,93,99,0.14751838235294112) 100%);\",\"animation\":\"scale-up\",\"animation_delay\":\"200\",\"divider_height\":\"120\",\"divider_layers_gap\":\"5\",\"divider_layers_opacity\":\"0.5\",\"divider_position\":\"top\",\"divider_responsive\":true,\"divider_shadow_blur_radius\":\"5\",\"divider_shadow_color\":\"#00000080\",\"divider_shadow_offset_x\":\"0\",\"divider_shadow_offset_y\":\"5\",\"divider_width\":\"100\",\"header_transparent\":true,\"header_transparent_noplaceholder\":true,\"height_viewport\":35,\"image_effect\":\"parallax\",\"image_parallax_bgy\":\"100\",\"image_position\":\"center-center\",\"image_size\":\"cover\",\"image_width\":1920,\"media_background\":\"#4B5D63\",\"media_blend_mode\":\"multiply\",\"padding\":\"none\",\"padding_custom_bottom\":\"70\",\"padding_custom_top\":\"70\",\"style\":\"secondary\",\"style_custom_color\":\"#ccc\",\"text_color\":\"light\",\"title_breakpoint\":\"xl\",\"title_position\":\"top-left\",\"title_rotation\":\"left\",\"vertical_align\":\"middle\",\"width\":\"\"},\"children\":[{\"type\":\"row\",\"props\":{\"divider\":false,\"parallax\":true},\"children\":[{\"type\":\"column\",\"props\":{\"image_position\":\"center-center\",\"position_sticky_breakpoint\":\"m\"},\"children\":[{\"type\":\"slideshow\",\"props\":{\"blend\":false,\"class\":\"gradientoverlay\",\"css\":\".el-element {\\n    margin-bottom: 0px !important;\\n}\",\"image_loading\":true,\"image_width\":\"1920\",\"link_style\":\"default\",\"link_text\":\"Read more\",\"margin\":\"default\",\"meta_align\":\"below-title\",\"meta_element\":\"div\",\"meta_style\":\"text-meta\",\"nav\":\"\",\"nav_align\":\"center\",\"nav_below\":true,\"nav_breakpoint\":\"s\",\"nav_position\":\"bottom-center\",\"nav_position_margin\":\"medium\",\"overlay_animation\":\"parallax\",\"overlay_position\":\"center-left\",\"position\":\"relative\",\"show_content\":false,\"show_link\":false,\"show_meta\":false,\"show_thumbnail\":false,\"show_title\":false,\"slidenav\":\"\",\"slidenav_breakpoint\":\"\",\"slidenav_hover\":true,\"slidenav_large\":true,\"slidenav_margin\":\"medium\",\"slidenav_outside_breakpoint\":\"xl\",\"slideshow_animation\":\"fade\",\"slideshow_autoplay\":true,\"slideshow_autoplay_interval\":\"6\",\"slideshow_autoplay_pause\":true,\"slideshow_height\":\"viewport\",\"slideshow_height_offset_top\":false,\"slideshow_height_viewport\":80,\"slideshow_kenburns\":\"alternate\",\"slideshow_kenburns_duration\":\"20\",\"slideshow_min_height\":300,\"slideshow_parallax\":false,\"slideshow_parallax_easing\":\"0.3\",\"slideshow_ratio\":\"16:9\",\"text_color\":\"light\",\"thumbnav_height\":\"75\",\"thumbnav_nowrap\":true,\"thumbnav_svg_color\":\"emphasis\",\"thumbnav_width\":\"100\",\"title_element\":\"h3\",\"title_hover_style\":\"reset\"},\"children\":[{\"type\":\"slideshow_item\",\"props\":{\"image\":\"wp-content\\\/uploads\\\/2024\\\/04\\\/Walnut_Black_2.jpg\"}}]},{\"type\":\"panel\",\"props\":{\"content\":\"\",\"content_column_breakpoint\":\"m\",\"icon_width\":80,\"image_align\":\"top\",\"image_grid_breakpoint\":\"m\",\"image_grid_width\":\"1-2\",\"image_svg_color\":\"emphasis\",\"link_style\":\"default\",\"link_text\":\"Read more\",\"margin\":\"default\",\"margin_remove_bottom\":true,\"meta_align\":\"below-title\",\"meta_element\":\"div\",\"meta_style\":\"h4\",\"position\":\"absolute\",\"position_bottom\":\"5vh\",\"position_z_index\":\"3\",\"text_align\":\"center\",\"title_align\":\"top\",\"title_element\":\"h1\",\"title_grid_breakpoint\":\"m\",\"title_grid_width\":\"1-2\",\"title_hover_style\":\"reset\",\"title_style\":\"heading-medium\"},\"source_extended\":{\"props\":{\"title\":{\"filters\":{\"search\":\"\"},\"name\":\"field.hero.hero_h1\",\"query\":{\"name\":\"pages.singlePage\"}},\"meta\":{\"filters\":{\"search\":\"\"},\"name\":\"field.hero.hero_sub_header\",\"query\":{\"name\":\"pages.singlePage\"}}}}}]}]}],\"name\":\"Template: Hero 240828\"},{\"type\":\"section\",\"props\":{\"height_offset_top\":false,\"height_viewport\":30,\"image_position\":\"center-center\",\"padding_remove_horizontal\":false,\"style\":\"muted\",\"title_breakpoint\":\"xl\",\"title_position\":\"top-left\",\"title_rotation\":\"left\",\"vertical_align\":\"middle\",\"width\":\"default\"},\"children\":[{\"type\":\"row\",\"children\":[{\"type\":\"column\",\"props\":{\"image_position\":\"center-center\",\"position_sticky_breakpoint\":\"m\",\"vertical_align\":\"middle\",\"width_medium\":\"1-2\"},\"children\":[{\"type\":\"panel\",\"props\":{\"content\":\"\n\n<p>Vi producerer akustikpaneler i pr\\u00e6fabrikerede moduler, hvilket g\\u00f8r det nemt at montere dem b\\u00e5de p\\u00e5 v\\u00e6gge og lofter.<\\\/p>\\n\n\n<p>Den enkle montering g\\u00f8r Fjordwall-panelerne til det perfekte g\\u00f8r-det-selv-projekt!<\\\/p>\",\"content_column_breakpoint\":\"m\",\"icon\":\"\",\"icon_width\":80,\"image_align\":\"top\",\"image_grid_breakpoint\":\"m\",\"image_grid_width\":\"1-2\",\"image_svg_color\":\"emphasis\",\"link_style\":\"primary\",\"link_target\":true,\"link_text\":\"Watch how to install panels\",\"margin\":\"default\",\"meta\":\"Hurtig og nem montering\",\"meta_align\":\"below-title\",\"meta_element\":\"div\",\"meta_style\":\"h5\",\"title\":\"S\\u00e5dan monterer du et akustikpanel\",\"title_align\":\"top\",\"title_color\":\"primary\",\"title_element\":\"h3\",\"title_grid_breakpoint\":\"m\",\"title_grid_width\":\"1-2\",\"title_hover_style\":\"reset\",\"title_style\":\"heading-medium\"}},{\"type\":\"button\",\"props\":{\"content\":\"\n\n<p>We produce acoustic panels in prefabricated modules, which makes it easy to mount them on both walls and ceilings.<\\\/p>\\n\n\n<p>The simple installation makes BY VEN\\u00d8 panels a perfect DIY project!<\\\/p>\",\"grid_column_gap\":\"small\",\"grid_row_gap\":\"small\",\"margin\":\"default\"},\"children\":[{\"type\":\"button_item\",\"props\":{\"button_style\":\"primary\",\"content\":\"Se, hvordan du monterer panelerne\",\"dialog_layout\":\"modal\",\"dialog_offcanvas_flip\":true,\"icon_align\":\"left\",\"image_height\":\"1080\",\"image_width\":\"1920\",\"link\":\"https:\\\/\\\/vimeo.com\\\/848608866\",\"link_target\":\"modal\"}}]}]},{\"type\":\"column\",\"props\":{\"image_position\":\"center-center\",\"position_sticky_breakpoint\":\"m\",\"width_medium\":\"1-2\"},\"children\":[{\"type\":\"image\",\"props\":{\"image\":\"wp-content\\\/uploads\\\/2025\\\/05\\\/Thumbnail-mount-2-9bb5aba9.webp\",\"image_height\":960,\"image_svg_color\":\"emphasis\",\"image_width\":960,\"lightbox_height\":\"1080\",\"lightbox_width\":\"1920\",\"link\":\"https:\\\/\\\/vimeo.com\\\/848608866\",\"link_target\":\"modal\",\"margin\":\"default\"}}]}],\"props\":{\"layout\":\"1-2,1-2\"}}]},{\"type\":\"section\",\"props\":{\"image_position\":\"center-center\",\"style\":\"default\",\"title_breakpoint\":\"xl\",\"title_position\":\"top-left\",\"title_rotation\":\"left\",\"vertical_align\":\"middle\",\"width\":\"default\"},\"children\":[{\"type\":\"row\",\"children\":[{\"type\":\"column\",\"props\":{\"image_position\":\"center-center\",\"position_sticky_breakpoint\":\"m\"},\"children\":[{\"type\":\"panel\",\"props\":{\"content\":\"\n\n<p><strong>DIREKTE P\\u00c5 V\\u00c6G:<\\\/strong> <br \\\/>Montagelim: P\\u00e5f\\u00f8r limen p\\u00e5 panelet og s\\u00e6t det op mod v\\u00e6ggen. S\\u00f8rg for at trykke det godt fast. Skruer: Skru panelet gennem filten og ind i v\\u00e6ggen. Vi anbefaler at bruge 15 skruer pr. panel som vist i tegningen til h\\u00f8jre. Husk at bruge rawlplugs, hvis din v\\u00e6gtype kr\\u00e6ver det.<\\\/p> \n\n<p><strong>P\\u00c5 EN SKELETKONSTRUKTION:<\\\/strong><br \\\/>For optimal lydabsorption, ops\\u00e6t et skelet med 45 mm reglar p\\u00e5 din v\\u00e6g. Vi anbefaler en afstand p\\u00e5 600 mm mellem reglarne. Inds\\u00e6t mineraluld mellem reglarne. Skru panelet fast p\\u00e5 skeletkonstruktionen gennem filten.<\\\/p> \n\n<p><strong>TILSK\\u00c6RING AF PANELER:<\\\/strong> <br \\\/>Hvis du har brug for at tilpasse panelerne i l\\u00e6ngde eller bredde, kan du nemt sk\\u00e6re dem til. Ved tilpasning af panelets l\\u00e6ngde anbefaler vi en skarp sav (f.eks. en dyksav) til at sk\\u00e6re gennem b\\u00e5de lameller og filt. Ved tilpasning af bredden kan du bruge en hobbykniv til at sk\\u00e6re gennem filten.<\\\/p>\",\"content_column_breakpoint\":\"m\",\"icon_width\":80,\"image\":\"wp-content\\\/uploads\\\/2025\\\/05\\\/Standard-Monteringsillustration-a7913488.webp\",\"image_align\":\"left\",\"image_grid_breakpoint\":\"m\",\"image_grid_width\":\"1-2\",\"image_svg_color\":\"emphasis\",\"image_vertical_align\":true,\"image_width\":250,\"link_style\":\"default\",\"link_text\":\"Read more\",\"margin\":\"default\",\"meta_align\":\"below-title\",\"meta_element\":\"div\",\"meta_style\":\"text-meta\",\"title\":\"Hurtig guide:\",\"title_align\":\"top\",\"title_element\":\"h3\",\"title_grid_breakpoint\":\"m\",\"title_grid_width\":\"1-2\",\"title_hover_style\":\"reset\",\"title_style\":\"heading-small\"}}]}]}]},{\"type\":\"section\",\"props\":{\"height\":\"viewport\",\"height_offset_top\":false,\"height_viewport\":30,\"id\":\"oil\",\"image_position\":\"center-center\",\"style\":\"muted\",\"title_breakpoint\":\"xl\",\"title_position\":\"top-left\",\"title_rotation\":\"left\",\"vertical_align\":\"middle\",\"width\":\"default\"},\"children\":[{\"type\":\"row\",\"children\":[{\"type\":\"column\",\"props\":{\"image_position\":\"center-center\",\"position_sticky_breakpoint\":\"m\",\"vertical_align\":\"middle\",\"width_medium\":\"1-2\"},\"children\":[{\"type\":\"panel\",\"props\":{\"content\":\"\n\n<p>Hvis du \\u00f8nsker at give dine Fjordwall-paneler et andet udtryk end den ubehandlede tr\\u00e6overflade, anbefaler vi, at du pr\\u00f8ver vores oliebehandlinger.<\\\/p> \n\n<p>Du har friheden til at v\\u00e6lge den olie, der passer perfekt til \\u00e6stetikken i dit hjem eller p\\u00e5 din arbejdsplads. Vores Care Oil f\\u00e5s i fem smukke nuancer: sort, gr\\u00e5, antik, natur og hvid.<\\\/p>\",\"content_column_breakpoint\":\"m\",\"icon_width\":80,\"image_align\":\"top\",\"image_grid_breakpoint\":\"m\",\"image_grid_width\":\"1-2\",\"image_svg_color\":\"emphasis\",\"link_style\":\"primary\",\"link_target\":true,\"link_text\":\"Watch how to apply oil\",\"margin\":\"default\",\"meta\":\"Hvordan giver du paneler olie?\",\"meta_align\":\"below-title\",\"meta_element\":\"div\",\"meta_style\":\"h5\",\"title\":\"S\\u00e5dan p\\u00e5f\\u00f8rer du plejeolie p\\u00e5 dine paneler\",\"title_align\":\"top\",\"title_color\":\"primary\",\"title_element\":\"h3\",\"title_grid_breakpoint\":\"m\",\"title_grid_width\":\"1-2\",\"title_hover_style\":\"reset\",\"title_style\":\"heading-medium\"}},{\"type\":\"button\",\"props\":{\"content\":\"\n\n<p>We produce acoustic panels in prefabricated modules, which makes it easy to mount them on both walls and ceilings.<\\\/p>\\n\n\n<p>The simple installation makes BY VEN\\u00d8 panels a perfect DIY project!<\\\/p>\",\"grid_column_gap\":\"small\",\"grid_row_gap\":\"small\",\"margin\":\"default\"},\"children\":[{\"type\":\"button_item\",\"props\":{\"button_style\":\"primary\",\"content\":\"Watch how to apply oil\",\"dialog_layout\":\"modal\",\"dialog_offcanvas_flip\":true,\"icon_align\":\"left\",\"image_height\":\"1080\",\"image_width\":\"1920\",\"link\":\"https:\\\/\\\/vimeo.com\\\/848322912\",\"link_target\":\"modal\"}}]}]},{\"type\":\"column\",\"props\":{\"image_position\":\"center-center\",\"position_sticky_breakpoint\":\"m\",\"width_medium\":\"1-2\"},\"children\":[{\"type\":\"image\",\"props\":{\"image\":\"wp-content\\\/uploads\\\/2025\\\/05\\\/Thumbnail-oil-1-36c9392c.webp\",\"image_height\":960,\"image_svg_color\":\"emphasis\",\"image_width\":960,\"lightbox_height\":\"1080\",\"lightbox_width\":\"1920\",\"link\":\"https:\\\/\\\/vimeo.com\\\/848322912\",\"link_target\":\"modal\",\"margin\":\"default\"}}]}],\"props\":{\"layout\":\"1-2,1-2\"}}],\"name\":\"Oil\"},{\"type\":\"section\",\"props\":{\"image_position\":\"center-center\",\"style\":\"default\",\"title_breakpoint\":\"xl\",\"title_position\":\"top-left\",\"title_rotation\":\"left\",\"vertical_align\":\"middle\",\"width\":\"default\"},\"children\":[{\"type\":\"row\",\"children\":[{\"type\":\"column\",\"props\":{\"image_position\":\"center-center\",\"position_sticky_breakpoint\":\"m\"},\"children\":[{\"type\":\"panel\",\"props\":{\"content\":\"\n\n<p><strong>Det skal du bruge:<\\\/strong><\\\/p> \n\n<ul> \n\n<li>Olie<\\\/li> \n\n<li>Rulle<\\\/li> \n\n<li>Klud eller et gammelt stykke stof<\\\/li> \n\n<li>Malebakke<\\\/li> \n\n<li>Engangshandsker<\\\/li> <\\\/ul> \n\n<p><\\\/p> \n\n<p><strong>Trin:<\\\/strong><\\\/p> \n\n<ol> \n\n<li>Ryst plejeolien grundigt og h\\u00e6ld den i malebakken<\\\/li> \n\n<li>G\\u00f8r malerrullen m\\u00e6ttet med olie<\\\/li> \n\n<li>Fjern overskydende olie fra rullen for at undg\\u00e5 l\\u00f8bere og dryp<\\\/li> \n\n<li>P\\u00e5f\\u00f8r forsigtigt olien ved at arbejde med \\u00e5reretningen<\\\/li> \n\n<li>Undg\\u00e5 at f\\u00e5 olie p\\u00e5 panelets kanter<\\\/li> \n\n<li>N\\u00e5r panelet er j\\u00e6vnt olieret, t\\u00f8r overskydende olie af med en klud<\\\/li> \n\n<li>Lad t\\u00f8rre i 8-12 timer f\\u00f8r montering af akustikpanelet<br \\\/><br \\\/><br \\\/><\\\/li> <\\\/ol>\",\"content_column_breakpoint\":\"m\",\"icon_width\":80,\"image\":\"wp-content\\\/uploads\\\/2025\\\/05\\\/Antique_Oil_Sample-1-5dc612a4.webp\",\"image_align\":\"left\",\"image_grid_breakpoint\":\"m\",\"image_grid_width\":\"1-2\",\"image_svg_color\":\"emphasis\",\"image_vertical_align\":true,\"link_style\":\"default\",\"link_text\":\"Read more\",\"margin\":\"default\",\"meta_align\":\"below-title\",\"meta_element\":\"div\",\"meta_style\":\"text-meta\",\"title\":\"Hurtig guide:\",\"title_align\":\"top\",\"title_element\":\"h3\",\"title_grid_breakpoint\":\"m\",\"title_grid_width\":\"1-2\",\"title_hover_style\":\"reset\",\"title_style\":\"heading-small\"}}]}]}]}],\"version\":\"4.5.15\",\"yooessentialsVersion\":\"2.3.12\"} --><\/p>\n","protected":false},"excerpt":{"rendered":"<p>S\u00e5dan monterer du et akustikpanel Hurtig og nem montering Vi producerer akustikpaneler i pr\u00e6fabrikerede moduler, hvilket g\u00f8r det nemt at montere dem b\u00e5de p\u00e5 v\u00e6gge og lofter. Den enkle montering g\u00f8r Fjordwall-panelerne til det perfekte g\u00f8r-det-selv-projekt! Se, hvordan du monterer panelerne Hurtig guide: DIREKTE P\u00c5 V\u00c6G: Montagelim: P\u00e5f\u00f8r limen p\u00e5 panelet og s\u00e6t det op [&hellip;]<\/p>\n","protected":false},"author":12,"featured_media":0,"parent":0,"menu_order":0,"comment_status":"closed","ping_status":"closed","template":"","meta":{"_acf_changed":false,"_monsterinsights_skip_tracking":false,"_monsterinsights_sitenote_active":false,"_monsterinsights_sitenote_note":"","_monsterinsights_sitenote_category":0,"footnotes":""},"pagetype":[],"class_list":["post-3375","page","type-page","status-publish","hentry"],"acf":[],"aioseo_notices":[],"_links":{"self":[{"href":"https:\/\/www.fjordwall.com\/da\/wp-json\/wp\/v2\/pages\/3375","targetHints":{"allow":["GET"]}}],"collection":[{"href":"https:\/\/www.fjordwall.com\/da\/wp-json\/wp\/v2\/pages"}],"about":[{"href":"https:\/\/www.fjordwall.com\/da\/wp-json\/wp\/v2\/types\/page"}],"author":[{"embeddable":true,"href":"https:\/\/www.fjordwall.com\/da\/wp-json\/wp\/v2\/users\/12"}],"replies":[{"embeddable":true,"href":"https:\/\/www.fjordwall.com\/da\/wp-json\/wp\/v2\/comments?post=3375"}],"version-history":[{"count":5,"href":"https:\/\/www.fjordwall.com\/da\/wp-json\/wp\/v2\/pages\/3375\/revisions"}],"predecessor-version":[{"id":3382,"href":"https:\/\/www.fjordwall.com\/da\/wp-json\/wp\/v2\/pages\/3375\/revisions\/3382"}],"wp:attachment":[{"href":"https:\/\/www.fjordwall.com\/da\/wp-json\/wp\/v2\/media?parent=3375"}],"wp:term":[{"taxonomy":"pagetype","embeddable":true,"href":"https:\/\/www.fjordwall.com\/da\/wp-json\/wp\/v2\/pagetype?post=3375"}],"curies":[{"name":"wp","href":"https:\/\/api.w.org\/{rel}","templated":true}]}}