{"id":1088,"date":"2023-06-07T11:35:48","date_gmt":"2023-06-07T09:35:48","guid":{"rendered":"https:\/\/www.fjordwall.com\/design-paneler\/"},"modified":"2024-04-16T11:49:31","modified_gmt":"2024-04-16T09:49:31","slug":"design-paneler","status":"publish","type":"page","link":"https:\/\/www.fjordwall.com\/da\/design-paneler\/","title":{"rendered":"Design Paneler"},"content":{"rendered":"\n\n\t\t\t<h1>Design Paneler<\/h1>\t\t\t\n\t<h3>Design Paneler<\/h3>\n<p>Mange bruger akustikpaneler udelukkende for deres \u00e6stetiske udtryk. Lad os lave nogle designpaneler, hvor vi kan lege med det visuelle og skabe helt nye muligheder.<\/p>\n<p>Ved disse produkter er det udelukkende design fremfor akustik der er i fokus.<\/p>\n<p><strong>Byg dit eget udtryk<\/strong><\/p>\n<p>B\u00e5de Hexagon og Rhombus kan s\u00e6ttes sammen s\u00e5 de skaber det billede og udtryk du m\u00e5tte \u00f8nske. Har du det rette g\u00f8r-det-selv gen, kan du ogs\u00e5 relativt nemt lave flotte effekter med LED lys og derved skabe dybde og lyseffekt.<\/p>\n\t\t\t\t<img decoding=\"async\" src=\"https:\/\/stage.fjordwall.com\/wp-content\/uploads\/2023\/06\/hexagon-1.png\" alt=\"hexagon-1\" title=\"hexagon-1\" itemprop=\"image\"\/>\n\t\t<h3>Hexagon<\/h3>\t\t\t\n\t\t\t\t<p>308 x 26,5 x 10 mm<\/p>\n\t\t\t\t<img decoding=\"async\" src=\"https:\/\/stage.fjordwall.com\/wp-content\/uploads\/2023\/06\/rhombus-1.png\" alt=\"rhombus-1\" title=\"rhombus-1\" itemprop=\"image\"\/>\n\t\t<h3>Rhombus<\/h3>\t\t\t\n\t\t\t\t<p>460 x 26,5 x 10 mm<\/p>\n\t<p><em>Stuemilj\u00f8 med udsmykning med s\u00e5vel Hexagon og Rhombus paneler. <\/em><\/p>\n\t\t<nav>\n\t\t\t<ul>\n\t\t\t\t\t\t\t\t<li data-index=\"0\" tabindex=\"0\">\n\t\t\t\t\t<h5>\n\t\t\t\t\t\t<a href=\"javascript:void(0);\" tabindex=\"-1\">Datablad\n\t\t\t\t\t\t\t\t\t\t\t\t<\/a>\n\t\t\t\t\t<\/h5>\n\t\t\t\t<\/li>\n\t\t\t\t\t\t\t<\/ul>\n\t\t<\/nav>\n\t\t\t\t\t<p>Download datablad <a href=\"https:\/\/issuu.com\/fogveno\/docs\/hexagon-datablad-dk\" target=\"_blank\" rel=\"noopener\">her<\/a><\/p>\n<p>Download datablad <a href=\"https:\/\/issuu.com\/fogveno\/docs\/en_datablad_fjordwall_rhombus_v2\" target=\"_blank\" rel=\"noopener\" data-wplink-edit=\"true\">her<\/a><\/p>\n\t\t\t\t\t<!-- \/content -->\n\t<!-- \/tabs -->\n\n","protected":false},"excerpt":{"rendered":"","protected":false},"author":12,"featured_media":0,"parent":0,"menu_order":0,"comment_status":"closed","ping_status":"closed","template":"","meta":{"_acf_changed":false,"_monsterinsights_skip_tracking":false,"_monsterinsights_sitenote_active":false,"_monsterinsights_sitenote_note":"","_monsterinsights_sitenote_category":0,"footnotes":""},"pagetype":[45],"class_list":["post-1088","page","type-page","status-publish","hentry","pagetype-design-panels"],"acf":[],"aioseo_notices":[],"_links":{"self":[{"href":"https:\/\/www.fjordwall.com\/da\/wp-json\/wp\/v2\/pages\/1088","targetHints":{"allow":["GET"]}}],"collection":[{"href":"https:\/\/www.fjordwall.com\/da\/wp-json\/wp\/v2\/pages"}],"about":[{"href":"https:\/\/www.fjordwall.com\/da\/wp-json\/wp\/v2\/types\/page"}],"author":[{"embeddable":true,"href":"https:\/\/www.fjordwall.com\/da\/wp-json\/wp\/v2\/users\/12"}],"replies":[{"embeddable":true,"href":"https:\/\/www.fjordwall.com\/da\/wp-json\/wp\/v2\/comments?post=1088"}],"version-history":[{"count":2,"href":"https:\/\/www.fjordwall.com\/da\/wp-json\/wp\/v2\/pages\/1088\/revisions"}],"predecessor-version":[{"id":2569,"href":"https:\/\/www.fjordwall.com\/da\/wp-json\/wp\/v2\/pages\/1088\/revisions\/2569"}],"wp:attachment":[{"href":"https:\/\/www.fjordwall.com\/da\/wp-json\/wp\/v2\/media?parent=1088"}],"wp:term":[{"taxonomy":"pagetype","embeddable":true,"href":"https:\/\/www.fjordwall.com\/da\/wp-json\/wp\/v2\/pagetype?post=1088"}],"curies":[{"name":"wp","href":"https:\/\/api.w.org\/{rel}","templated":true}]}}