{"id":1087,"date":"2023-06-06T15:58:57","date_gmt":"2023-06-06T13:58:57","guid":{"rendered":"https:\/\/www.fjordwall.com\/laminat\/"},"modified":"2025-09-16T15:52:55","modified_gmt":"2025-09-16T13:52:55","slug":"laminat","status":"publish","type":"page","link":"https:\/\/www.fjordwall.com\/da\/laminat\/","title":{"rendered":"Laminat Paneler"},"content":{"rendered":"\r\n<h1>Laminate Panels<\/h1>\r\n<h3>Laminat Paneler<\/h3>\r\n<p>\u00c6stetik og funktionalitet kombineret med at v\u00e6re praktisk? S\u00e5 er svaret vores akustikpaneler med fin\u00e9r af laminat.<\/p>\r\n<p>Laminatoverfladen giver en flot visuel effekt samtidig med at akustikvirkningen af panelet er i verdensklasse. Laminat har v\u00e6ret kendt i mange \u00e5r som et af de foretrukne valg, n\u00e5r det g\u00e6lder bordplader, til dels p\u00e5 grund af at laminat er utrolig reng\u00f8ringsvenlig.<\/p>\r\n<p>Det g\u00f8r at vores laminat-paneler er velegnet til rum og overflader, der kr\u00e6ver lidt ekstra reng\u00f8ring.<\/p>\r\n<h3>Dimensioner:<\/h3>\r\n<p>Bredde: 60 cm<br \/>L\u00e6ngde: 240 cm<br \/>Leveres med sort og gr\u00e5 filt.<\/p>\r\n<p><em>Entr\u00e9 med laminatpaneler. Laminat er velegnet til omr\u00e5der med masser af liv &#8211; og er let at reng\u00f8re. Med vores kroge (se tilbeh\u00f8r) kan det ogs\u00e5 v\u00e6re bagv\u00e6g til garderoben. -uden at lamellerne tager farve fra det v\u00e5de overt\u00f8j. <\/em><\/p>\r\n<p>&nbsp;<\/p>\r\n<nav>\r\n<ul>\r\n<li tabindex=\"0\" data-index=\"0\">\r\n<h5><a tabindex=\"-1\">Datablad <\/a><\/h5>\r\n<\/li>\r\n<\/ul>\r\n<\/nav>\r\n<p>Download datablad <a href=\"https:\/\/issuu.com\/fogveno\/docs\/laminat-datablad-dk\" target=\"_blank\" rel=\"noopener\">her<\/a><\/p>\r\n<!-- \/content --><!-- \/tabs -->","protected":false},"excerpt":{"rendered":"","protected":false},"author":12,"featured_media":0,"parent":0,"menu_order":0,"comment_status":"closed","ping_status":"closed","template":"","meta":{"_acf_changed":false,"_monsterinsights_skip_tracking":false,"_monsterinsights_sitenote_active":false,"_monsterinsights_sitenote_note":"","_monsterinsights_sitenote_category":0,"footnotes":""},"pagetype":[42],"class_list":["post-1087","page","type-page","status-publish","hentry","pagetype-product-category"],"acf":[],"aioseo_notices":[],"_links":{"self":[{"href":"https:\/\/www.fjordwall.com\/da\/wp-json\/wp\/v2\/pages\/1087","targetHints":{"allow":["GET"]}}],"collection":[{"href":"https:\/\/www.fjordwall.com\/da\/wp-json\/wp\/v2\/pages"}],"about":[{"href":"https:\/\/www.fjordwall.com\/da\/wp-json\/wp\/v2\/types\/page"}],"author":[{"embeddable":true,"href":"https:\/\/www.fjordwall.com\/da\/wp-json\/wp\/v2\/users\/12"}],"replies":[{"embeddable":true,"href":"https:\/\/www.fjordwall.com\/da\/wp-json\/wp\/v2\/comments?post=1087"}],"version-history":[{"count":5,"href":"https:\/\/www.fjordwall.com\/da\/wp-json\/wp\/v2\/pages\/1087\/revisions"}],"predecessor-version":[{"id":3598,"href":"https:\/\/www.fjordwall.com\/da\/wp-json\/wp\/v2\/pages\/1087\/revisions\/3598"}],"wp:attachment":[{"href":"https:\/\/www.fjordwall.com\/da\/wp-json\/wp\/v2\/media?parent=1087"}],"wp:term":[{"taxonomy":"pagetype","embeddable":true,"href":"https:\/\/www.fjordwall.com\/da\/wp-json\/wp\/v2\/pagetype?post=1087"}],"curies":[{"name":"wp","href":"https:\/\/api.w.org\/{rel}","templated":true}]}}