{"id":1083,"date":"2018-12-13T12:15:32","date_gmt":"2018-12-13T11:15:32","guid":{"rendered":"https:\/\/www.fjordwall.com\/traepaneler\/"},"modified":"2026-03-24T15:19:25","modified_gmt":"2026-03-24T14:19:25","slug":"traepaneler","status":"publish","type":"page","link":"https:\/\/www.fjordwall.com\/da\/traepaneler\/","title":{"rendered":"Tr\u00e6paneler"},"content":{"rendered":"\r\n<h1>Tr\u00e6 paneler<\/h1>\r\n<p><img decoding=\"async\" title=\"wood_walnut\" src=\"https:\/\/stage.fjordwall.com\/wp-content\/uploads\/bb-plugin\/cache\/wood_walnut-circle.jpg\" alt=\"wood_walnut\" \/><\/p>\r\n<h4>Valn\u00f8d<\/h4>\r\n<p><img decoding=\"async\" title=\"wood_oak_greyfelt\" src=\"https:\/\/stage.fjordwall.com\/wp-content\/uploads\/bb-plugin\/cache\/wood_oak_greyfelt-circle.jpg\" alt=\"wood_oak_greyfelt\" \/><\/p>\r\n<h4>Eg Gr\u00e5 Filt<\/h4>\r\n<p><img decoding=\"async\" title=\"wood_oakgrey\" src=\"https:\/\/stage.fjordwall.com\/wp-content\/uploads\/bb-plugin\/cache\/wood_oakgrey-circle.jpg\" alt=\"wood_oakgrey\" \/><\/p>\r\n<h4>Gr\u00e5 Eg<\/h4>\r\n<h3>Tr\u00e6 paneler<\/h3>\r\n<p>Den nordiske stil indbefatter i h\u00f8j grad brugen af tr\u00e6 &#8211; og naturlige produkter. Derfor er akustikpaneler med \u00e6gte tr\u00e6fin\u00e9r en naturlig del af Fjordwalls sortiment.<\/p>\r\n<p>Tr\u00e6ets struktur og varme farver inviterer til ro og varme &#8211; og har n\u00e6rmest en evne til at omfavne og afstresse dig.<\/p>\r\n<p>Fjordwall &#8211; akustikpaneler er det perfekte valg til stuen, sovev\u00e6relset, hyggekrogen &#8211; og hvor du har brug for at skabe en afslappende atmosf\u00e6re.<\/p>\r\n<h3>Dimensioner:<\/h3>\r\n<p>Bredde: 32 &amp; 60 cm <br \/>L\u00e6ngde: 60, 120, 240, 300 &amp; 360 cm <br \/>Leveres med sort og gr\u00e5 filt.<\/p>\r\n<p><em>Siddeniche med akustikpaneler i eg. Den varme naturlige farve omfavner og inviterer til et afstressende og roligt milj\u00f8 <\/em><\/p>\r\n<nav>\r\n<ul>\r\n<li tabindex=\"0\" data-index=\"0\">\r\n<h5><a tabindex=\"-1\">Datablad <\/a><\/h5>\r\n<\/li>\r\n<li tabindex=\"0\" data-index=\"1\">\r\n<h5><a tabindex=\"-1\">Test <\/a><\/h5>\r\n<\/li>\r\n<\/ul>\r\n<\/nav>\r\n<p>Download datablad <a href=\"https:\/\/issuu.com\/fogveno\/docs\/dk_datablad_fjordwall_traepaneler\" target=\"_blank\" rel=\"noopener\">her<\/a><\/p>\r\n<p><a href=\"https:\/\/stage.fjordwall.com\/wp-content\/uploads\/2023\/09\/392-2023-00275101_CA_DE_Fog-Veno_AgBB-Testat.pdf\" target=\"_blank\" rel=\"noopener\">AgBB test<\/a><\/p>\r\n<!-- \/content --><!-- \/tabs -->","protected":false},"excerpt":{"rendered":"","protected":false},"author":12,"featured_media":0,"parent":0,"menu_order":0,"comment_status":"closed","ping_status":"closed","template":"","meta":{"_acf_changed":false,"_monsterinsights_skip_tracking":false,"_monsterinsights_sitenote_active":false,"_monsterinsights_sitenote_note":"","_monsterinsights_sitenote_category":0,"footnotes":""},"pagetype":[42],"class_list":["post-1083","page","type-page","status-publish","hentry","pagetype-product-category"],"acf":[],"aioseo_notices":[],"_links":{"self":[{"href":"https:\/\/www.fjordwall.com\/da\/wp-json\/wp\/v2\/pages\/1083","targetHints":{"allow":["GET"]}}],"collection":[{"href":"https:\/\/www.fjordwall.com\/da\/wp-json\/wp\/v2\/pages"}],"about":[{"href":"https:\/\/www.fjordwall.com\/da\/wp-json\/wp\/v2\/types\/page"}],"author":[{"embeddable":true,"href":"https:\/\/www.fjordwall.com\/da\/wp-json\/wp\/v2\/users\/12"}],"replies":[{"embeddable":true,"href":"https:\/\/www.fjordwall.com\/da\/wp-json\/wp\/v2\/comments?post=1083"}],"version-history":[{"count":9,"href":"https:\/\/www.fjordwall.com\/da\/wp-json\/wp\/v2\/pages\/1083\/revisions"}],"predecessor-version":[{"id":3937,"href":"https:\/\/www.fjordwall.com\/da\/wp-json\/wp\/v2\/pages\/1083\/revisions\/3937"}],"wp:attachment":[{"href":"https:\/\/www.fjordwall.com\/da\/wp-json\/wp\/v2\/media?parent=1083"}],"wp:term":[{"taxonomy":"pagetype","embeddable":true,"href":"https:\/\/www.fjordwall.com\/da\/wp-json\/wp\/v2\/pagetype?post=1083"}],"curies":[{"name":"wp","href":"https:\/\/api.w.org\/{rel}","templated":true}]}}